{"id":770508,"date":"2025-08-28T14:32:35","date_gmt":"2025-08-28T11:32:35","guid":{"rendered":"https:\/\/roveyayinevi.com.tr\/index.php\/urun\/kirmizi-bugday\/"},"modified":"2026-04-15T03:37:04","modified_gmt":"2026-04-15T00:37:04","slug":"kirmizi-bugday","status":"publish","type":"product","link":"https:\/\/roveyayinevi.com.tr\/index.php\/urun\/kirmizi-bugday\/","title":{"rendered":"K\u0131rm\u0131z\u0131 Bu\u011fday"},"content":{"rendered":"<p>\u201c\u00c2lemi uzaktan seyredince kuleler, konaklar, \u00fczerinde ko\u015fan tavla tavla atlar, mayal\u0131 develer, yal\u00e7\u0131n da\u011flar, ac\u0131 g\u00f6ller, \u015eahin Beyler, beylerin uzun elleri, k\u00f6r\u00fckl\u00fc \u00e7izmeleri ve de ba\u011flanm\u0131\u015f ta\u015flar ile sal\u0131nm\u0131\u015f k\u00f6pekleri g\u00f6r\u00fcn\u00fcr. Bundan ibaret san\u0131lan devran\u0131n derisinin alt\u0131nda as\u0131l sahibin nehirden nabz\u0131 atar oysa. \u00c7o\u011fu zaman derinlere ka\u00e7ar, kendi bile unutur nefsini. Sonra olmad\u0131k zamanda ve umulmad\u0131k anda \u00f6z magmas\u0131na rastlar. \u0130\u00e7in i\u00e7in kaynar, elini \u00f6teki elinin \u00f6rs\u00fcnde d\u00f6ver, g\u00f6be\u011fini keser ve onu g\u00f6md\u00fckleri kabu\u011fu zelzelelerle y\u0131rtarak yaz\u0131s\u0131n\u0131 yeniden yazmaya \u00e7\u0131kar. B\u00fct\u00fcn i\u015f \u00e7o\u011funluktad\u0131r. B\u00fct\u00fcn i\u015f bu\u011fday\u0131 yat\u0131racak ac\u0131 r\u00fczg\u00e2r\u0131 beklemek yerine f\u0131rt\u0131na olup esmeyi hat\u0131rlamakt\u0131r. Ehil bir el gelir, kazandaki s\u00fct ta\u015f\u0131na uzan\u0131r ve atar d\u0131\u015far\u0131ya. S\u00fct ta\u015far!\u201d   Deli \u0130bram Divan\u0131\u2019nda Ege insan\u0131n\u0131n do\u011fayla, tarihle, efsanelerle beslenen hayatlar\u0131n\u0131 anlatan Ahmet B\u00fcke, K\u0131rm\u0131z\u0131 Bu\u011fday\u2019da hik\u00e2yeye bu kez bamba\u015fka bir a\u00e7\u0131dan yakla\u015f\u0131yor. Kaderini memleketine ba\u011flam\u0131\u015f, \u00f6l\u00fcmden ya\u015fam do\u011furan insanlar\u0131 anlatan K\u0131rm\u0131z\u0131 Bu\u011fday, Arap Ali, Adnan Bey, Gani Day\u0131, Te\u011fmen Cemil, D\u00fcnya, Maya gibi unutulmaz karakterlerle hem tarihsel hem de toplumsal bir anlat\u0131n\u0131n izini s\u00fcr\u00fcyor.   Ahmet B\u00fcke\u2019den yine \u00e7ok ses getirecek, bu topraklar\u0131n hik\u00e2yesini anlatan bir roman\u2026 K\u0131rm\u0131z\u0131 Bu\u011fday\u2026  <\/p>\n","protected":false},"excerpt":{"rendered":"<p>\u201c\u00c2lemi uzaktan seyredince kuleler, konaklar, \u00fczerinde ko\u015fan tavla tavla atlar, mayal\u0131 develer, yal\u00e7\u0131n da\u011flar, ac\u0131 g\u00f6ller, \u015eahin Beyler, beylerin uzun elleri, k\u00f6r\u00fckl\u00fc \u00e7izmeleri ve de ba\u011flanm\u0131\u015f<span class=\"excerpt-hellip\"> [\u2026]<\/span><\/p>\n","protected":false},"featured_media":0,"template":"","meta":{"_monsterinsights_skip_tracking":false,"_monsterinsights_sitenote_active":false,"_monsterinsights_sitenote_note":"","_monsterinsights_sitenote_category":0},"product_brand":[],"product_cat":[12291,12711],"product_tag":[],"class_list":{"0":"post-770508","1":"product","2":"type-product","3":"status-publish","5":"product_cat-edebiyat","6":"product_cat-roman-oyku","7":"pa_cilt-ciltsiz","8":"pa_tur-kitap","9":"pa_yayinevi-can-yayinlari","10":"pa_yazar-ahmet-buke","12":"first","13":"instock","14":"sale","15":"shipping-taxable","16":"purchasable","17":"product-type-simple"},"_links":{"self":[{"href":"https:\/\/roveyayinevi.com.tr\/index.php\/wp-json\/wp\/v2\/product\/770508","targetHints":{"allow":["GET"]}}],"collection":[{"href":"https:\/\/roveyayinevi.com.tr\/index.php\/wp-json\/wp\/v2\/product"}],"about":[{"href":"https:\/\/roveyayinevi.com.tr\/index.php\/wp-json\/wp\/v2\/types\/product"}],"wp:attachment":[{"href":"https:\/\/roveyayinevi.com.tr\/index.php\/wp-json\/wp\/v2\/media?parent=770508"}],"wp:term":[{"taxonomy":"product_brand","embeddable":true,"href":"https:\/\/roveyayinevi.com.tr\/index.php\/wp-json\/wp\/v2\/product_brand?post=770508"},{"taxonomy":"product_cat","embeddable":true,"href":"https:\/\/roveyayinevi.com.tr\/index.php\/wp-json\/wp\/v2\/product_cat?post=770508"},{"taxonomy":"product_tag","embeddable":true,"href":"https:\/\/roveyayinevi.com.tr\/index.php\/wp-json\/wp\/v2\/product_tag?post=770508"}],"curies":[{"name":"wp","href":"https:\/\/api.w.org\/{rel}","templated":true}]}}