{"id":770507,"date":"2025-08-28T14:32:33","date_gmt":"2025-08-28T11:32:33","guid":{"rendered":"https:\/\/roveyayinevi.com.tr\/index.php\/urun\/sonuna-yetistigim-sarkilar\/"},"modified":"2026-04-15T03:37:04","modified_gmt":"2026-04-15T00:37:04","slug":"sonuna-yetistigim-sarkilar","status":"publish","type":"product","link":"https:\/\/roveyayinevi.com.tr\/index.php\/urun\/sonuna-yetistigim-sarkilar\/","title":{"rendered":"Sonuna Yeti\u015fti\u011fim \u015eark\u0131lar"},"content":{"rendered":"<p>Hu\u0308seyin K\u00f6se\u2019nin be\u015f y\u0131l aradan sonra bir araya getirdi\u011fi Sonuna Yeti\u015fti\u011fim \u015eark\u0131lar\u2019\u0131 ya\u015fad\u0131\u011f\u0131m\u0131z zamanlar\u0131n bilincinde biriken \u201cbast\u0131r\u0131lm\u0131\u015f sesler\u201din bazen a\u00e7\u0131k a\u00e7\u0131k bazen gizliden \u00e7a\u011f\u0131ldayan kaynaklar\u0131ndan sesleniyor. Gecikilmi\u015f sevin\u00e7lerin yaratt\u0131\u011f\u0131 du\u0308\u015f k\u0131r\u0131kl\u0131klar\u0131, yar\u0131m kalm\u0131\u015fl\u0131klar\u0131n kanayan an\u0131lar\u0131, eksilen \u015feylerin bilin\u00e7te ola\u011fan s\u0131n\u0131rlar\u0131ndan ta\u015farak \u201cyoklu\u011fun izi\u201dni kal\u0131c\u0131 k\u0131ld\u0131\u011f\u0131 ger\u00e7ek ya\u015fam a\u011fr\u0131lar\u0131\u2026 Kendini her ko\u015fulda umudu ve bar\u0131\u015f\u0131 diri tutmaya adam\u0131\u015f olanlarla iyiyi ve gu\u0308zeli an\u0131nda bo\u011fmaya yeminli olanlar aras\u0131ndaki amans\u0131z kavga h\u00e2l\u00e2 su\u0308rerken i\u00e7imizdeki ve \u00f6telerimizdeki uzak-yak\u0131n gurbetlere yeniden bakmaya \u00e7a\u011f\u0131r\u0131yor \u015eark\u0131lar bizi. Kay\u0131ts\u0131zl\u0131\u011f\u0131n buzul \u00e7a\u011f\u0131nda egemen sistemlerin \u00f6rgu\u0308tlu\u0308 ve sald\u0131rgan k\u00f6tu\u0308lu\u0308\u011fu\u0308ne kar\u015f\u0131, du\u0308ru\u0308st ve masum bir az\u0131nl\u0131\u011fa ait olman\u0131n hakl\u0131 onurunu ve kendisi olarak su\u0308ru\u0308p gidememenin yol a\u00e7t\u0131\u011f\u0131 huzursuzlu\u011fu payla\u015fanlar\u0131n, tan\u0131mlanamayan yaln\u0131zl\u0131klar ve ac\u0131 veren suskunluklarla \u00e7evrelenen gu\u0308ne\u015fli \u00f6yku\u0308lerinden geni\u015f bir evren, \u00f6zgu\u0308n bir s\u0131cak leh\u00e7e: Kendi hayatlar\u0131n\u0131n \u015fark\u0131lar\u0131n\u0131 m\u0131r\u0131ldanmay\u0131 su\u0308rdu\u0308renler i\u00e7in&#8230; <\/p>\n","protected":false},"excerpt":{"rendered":"<p>Hu\u0308seyin K\u00f6se\u2019nin be\u015f y\u0131l aradan sonra bir araya getirdi\u011fi Sonuna Yeti\u015fti\u011fim \u015eark\u0131lar\u2019\u0131 ya\u015fad\u0131\u011f\u0131m\u0131z zamanlar\u0131n bilincinde biriken \u201cbast\u0131r\u0131lm\u0131\u015f sesler\u201din bazen a\u00e7\u0131k a\u00e7\u0131k bazen gizliden \u00e7a\u011f\u0131ldayan kaynaklar\u0131ndan sesleniyor.<span class=\"excerpt-hellip\"> [\u2026]<\/span><\/p>\n","protected":false},"featured_media":0,"template":"","meta":{"_monsterinsights_skip_tracking":false,"_monsterinsights_sitenote_active":false,"_monsterinsights_sitenote_note":"","_monsterinsights_sitenote_category":0},"product_brand":[],"product_cat":[12291,12509],"product_tag":[],"class_list":{"0":"post-770507","1":"product","2":"type-product","3":"status-publish","5":"product_cat-edebiyat","6":"product_cat-siir","7":"pa_cilt-ciltsiz","8":"pa_tur-kitap","9":"pa_yayinevi-ayrinti-yayinlari","10":"pa_yazar-huseyin-kose","12":"first","13":"instock","14":"sale","15":"shipping-taxable","16":"purchasable","17":"product-type-simple"},"_links":{"self":[{"href":"https:\/\/roveyayinevi.com.tr\/index.php\/wp-json\/wp\/v2\/product\/770507","targetHints":{"allow":["GET"]}}],"collection":[{"href":"https:\/\/roveyayinevi.com.tr\/index.php\/wp-json\/wp\/v2\/product"}],"about":[{"href":"https:\/\/roveyayinevi.com.tr\/index.php\/wp-json\/wp\/v2\/types\/product"}],"wp:attachment":[{"href":"https:\/\/roveyayinevi.com.tr\/index.php\/wp-json\/wp\/v2\/media?parent=770507"}],"wp:term":[{"taxonomy":"product_brand","embeddable":true,"href":"https:\/\/roveyayinevi.com.tr\/index.php\/wp-json\/wp\/v2\/product_brand?post=770507"},{"taxonomy":"product_cat","embeddable":true,"href":"https:\/\/roveyayinevi.com.tr\/index.php\/wp-json\/wp\/v2\/product_cat?post=770507"},{"taxonomy":"product_tag","embeddable":true,"href":"https:\/\/roveyayinevi.com.tr\/index.php\/wp-json\/wp\/v2\/product_tag?post=770507"}],"curies":[{"name":"wp","href":"https:\/\/api.w.org\/{rel}","templated":true}]}}