{"id":770502,"date":"2025-08-28T14:32:24","date_gmt":"2025-08-28T11:32:24","guid":{"rendered":"https:\/\/roveyayinevi.com.tr\/index.php\/urun\/yok-ebesinin-orekesi-kufrun-kisa-tarihi\/"},"modified":"2026-04-15T03:37:04","modified_gmt":"2026-04-15T00:37:04","slug":"yok-ebesinin-orekesi-kufrun-kisa-tarihi","status":"publish","type":"product","link":"https:\/\/roveyayinevi.com.tr\/index.php\/urun\/yok-ebesinin-orekesi-kufrun-kisa-tarihi\/","title":{"rendered":"Yok Ebesinin \u00d6rekesi: K\u00fcfr\u00fcn K\u0131sa Tarihi"},"content":{"rendered":"<p>Konu\u015ftu\u011fumuz dilin e\u011flenceli, anar\u015fist; bir o kadar da sak\u0131ncal\u0131, tehlikeli ve sa\u011f\u0131 solu belli olmayan ifade bi\u00e7imi k\u00fcf\u00fcr, asl\u0131nda bize verilmi\u015f bir l\u00fctuf olabilir mi? Yok Ebesinin \u00d6rekesi kal\u0131plar\u0131 y\u0131kan, d\u00fc\u015f\u00fcnd\u00fcren ve ayn\u0131 zamanda e\u011flendiren bir anlat\u0131yla k\u00fcfr\u00fc t\u00fcm ay\u0131pl\u0131 detaylar\u0131yla inceliyor.   K\u00fcf\u00fcr neden k\u00f6t\u00fcd\u00fcr? K\u00fcfretti\u011fimizde asl\u0131nda ne s\u00f6yl\u00fcyoruz? Baz\u0131 k\u00fcf\u00fcrler neden di\u011ferlerinden daha rahats\u0131z edici ve k\u0131r\u0131c\u0131? K\u00fcfr\u00fcn i\u00e7inde ya\u015fad\u0131\u011f\u0131m\u0131z toplumla, tabular\u0131m\u0131zla ve \u00f6nyarg\u0131lar\u0131m\u0131zla ili\u015fkisini irdeleyen kitap bu ve bunun gibi pek \u00e7ok soruya cevap ar\u0131yor. Rebecca Roache k\u00fcf\u00fcr \u00fczerinden yola \u00e7\u0131kt\u0131\u011f\u0131 anlat\u0131s\u0131nda g\u00f6rg\u00fc kurallar\u0131na ve toplumsal normlara yak\u0131ndan bak\u0131yor, televizyon ve film d\u00fcnyas\u0131ndan \u00f6rneklerle peki\u015ftirdi\u011fi arg\u00fcman\u0131nda asl\u0131nda meselenin k\u00fcf\u00fcrden \u00e7ok daha fazlas\u0131 oldu\u011funa dikkat \u00e7ekiyor. Tarihi, insanl\u0131k kadar eskiye dayanan k\u00fcfr\u00fc t\u00fcm y\u00f6nleriyle anlamaya \u00e7al\u0131\u015fan Roache, k\u00fcfr\u00fcn insanlar i\u00e7in gerekli ve hatta bazen yararl\u0131 oldu\u011funu iddia ediyor. Bu k\u00fcf\u00fcrl\u00fc yolculukta, k\u00fcfre uygulanan sans\u00fcrlerin keyfi ve abs\u00fcrd d\u00fcnyas\u0131n\u0131 g\u00f6rmek, k\u00fcfr\u00fc hakaretten farkl\u0131 k\u0131lan \u015feyin ne oldu\u011funu anlamak, k\u00fcfr\u00fc a\u011f\u0131rla\u015ft\u0131ran ve hafifleten fakt\u00f6rleri \u00f6\u011frenerek daha etkili bir k\u00fcf\u00fcrbaz olmak m\u00fcmk\u00fcn.   K\u00fcfretti\u011fimizde, kendimize ve dinleyenimize dair aktard\u0131\u011f\u0131m\u0131z, ima etti\u011fimiz, d\u0131\u015fa vurdu\u011fumuz \u015feyler o kadar fazla ki&#8230;   K\u00fcfr\u00fcn g\u00fcc\u00fcn\u00fc hafife almay\u0131n.   <\/p>\n","protected":false},"excerpt":{"rendered":"<p>Konu\u015ftu\u011fumuz dilin e\u011flenceli, anar\u015fist; bir o kadar da sak\u0131ncal\u0131, tehlikeli ve sa\u011f\u0131 solu belli olmayan ifade bi\u00e7imi k\u00fcf\u00fcr, asl\u0131nda bize verilmi\u015f bir l\u00fctuf olabilir mi? Yok<span class=\"excerpt-hellip\"> [\u2026]<\/span><\/p>\n","protected":false},"featured_media":0,"template":"","meta":{"_monsterinsights_skip_tracking":false,"_monsterinsights_sitenote_active":false,"_monsterinsights_sitenote_note":"","_monsterinsights_sitenote_category":0},"product_brand":[],"product_cat":[12364],"product_tag":[],"class_list":{"0":"post-770502","1":"product","2":"type-product","3":"status-publish","5":"product_cat-genel-konular","6":"pa_cilt-ciltsiz","7":"pa_tur-kitap","8":"pa_yayinevi-dusbaz-kitaplar","9":"pa_yazar-rebecca-roache","11":"first","12":"instock","13":"sale","14":"shipping-taxable","15":"purchasable","16":"product-type-simple"},"_links":{"self":[{"href":"https:\/\/roveyayinevi.com.tr\/index.php\/wp-json\/wp\/v2\/product\/770502","targetHints":{"allow":["GET"]}}],"collection":[{"href":"https:\/\/roveyayinevi.com.tr\/index.php\/wp-json\/wp\/v2\/product"}],"about":[{"href":"https:\/\/roveyayinevi.com.tr\/index.php\/wp-json\/wp\/v2\/types\/product"}],"wp:attachment":[{"href":"https:\/\/roveyayinevi.com.tr\/index.php\/wp-json\/wp\/v2\/media?parent=770502"}],"wp:term":[{"taxonomy":"product_brand","embeddable":true,"href":"https:\/\/roveyayinevi.com.tr\/index.php\/wp-json\/wp\/v2\/product_brand?post=770502"},{"taxonomy":"product_cat","embeddable":true,"href":"https:\/\/roveyayinevi.com.tr\/index.php\/wp-json\/wp\/v2\/product_cat?post=770502"},{"taxonomy":"product_tag","embeddable":true,"href":"https:\/\/roveyayinevi.com.tr\/index.php\/wp-json\/wp\/v2\/product_tag?post=770502"}],"curies":[{"name":"wp","href":"https:\/\/api.w.org\/{rel}","templated":true}]}}