{"id":770496,"date":"2025-08-28T14:32:09","date_gmt":"2025-08-28T11:32:09","guid":{"rendered":"https:\/\/roveyayinevi.com.tr\/index.php\/urun\/annem-2\/"},"modified":"2026-04-15T03:37:03","modified_gmt":"2026-04-15T00:37:03","slug":"annem-2","status":"publish","type":"product","link":"https:\/\/roveyayinevi.com.tr\/index.php\/urun\/annem-2\/","title":{"rendered":"Annem"},"content":{"rendered":"<p>\u0130lk yedi g\u00fcn, ba\u015fka bir evdeyiz. Evde duram\u0131yoruz art\u0131k. Annesi d\u00fc\u015fm\u00fc\u015f bir evden hayatta kalanlar\u0131 g\u00f6rmek i\u00e7in bu eve geliyorlar. Birden yo\u011funla\u015fm\u0131\u015f bir denizin i\u00e7inde \u015fimdi ba\u015fka bir \u015feyden konu\u015fal\u0131m aralar\u0131. Sohbet, dikkatlice oynanan bir oyunda nereye de\u011fdi\u011fi hesaplanarak el de\u011fi\u015ftiren top. Y\u00fcz\u00fcme dikkatle bak\u0131l\u0131yor.   Ev par\u00e7al\u0131 bir mekanizmaya d\u00f6n\u00fc\u015ft\u00fc.   Annem kendini d\u00fcnyadan s\u0131y\u0131rarak bizi d\u00fcnyan\u0131n al\u0131\u015f\u0131k olmad\u0131\u011f\u0131m\u0131z bir halinde yeniden hayata getirdi. \u015eimdi bu d\u00fcnyay\u0131 ba\u015ftan \u00f6\u011frenmemiz gerekiyor. <\/p>\n","protected":false},"excerpt":{"rendered":"<p>\u0130lk yedi g\u00fcn, ba\u015fka bir evdeyiz. Evde duram\u0131yoruz art\u0131k. Annesi d\u00fc\u015fm\u00fc\u015f bir evden hayatta kalanlar\u0131 g\u00f6rmek i\u00e7in bu eve geliyorlar. Birden yo\u011funla\u015fm\u0131\u015f bir denizin i\u00e7inde \u015fimdi<span class=\"excerpt-hellip\"> [\u2026]<\/span><\/p>\n","protected":false},"featured_media":0,"template":"","meta":{"_monsterinsights_skip_tracking":false,"_monsterinsights_sitenote_active":false,"_monsterinsights_sitenote_note":"","_monsterinsights_sitenote_category":0},"product_brand":[],"product_cat":[18545,12291],"product_tag":[],"class_list":{"0":"post-770496","1":"product","2":"type-product","3":"status-publish","5":"product_cat-anlati","6":"product_cat-edebiyat","7":"pa_cilt-ciltsiz","8":"pa_tur-kitap","9":"pa_yayinevi-metis-yayinlari","10":"pa_yazar-miray-cakiroglu","12":"first","13":"instock","14":"sale","15":"shipping-taxable","16":"purchasable","17":"product-type-simple"},"_links":{"self":[{"href":"https:\/\/roveyayinevi.com.tr\/index.php\/wp-json\/wp\/v2\/product\/770496","targetHints":{"allow":["GET"]}}],"collection":[{"href":"https:\/\/roveyayinevi.com.tr\/index.php\/wp-json\/wp\/v2\/product"}],"about":[{"href":"https:\/\/roveyayinevi.com.tr\/index.php\/wp-json\/wp\/v2\/types\/product"}],"wp:attachment":[{"href":"https:\/\/roveyayinevi.com.tr\/index.php\/wp-json\/wp\/v2\/media?parent=770496"}],"wp:term":[{"taxonomy":"product_brand","embeddable":true,"href":"https:\/\/roveyayinevi.com.tr\/index.php\/wp-json\/wp\/v2\/product_brand?post=770496"},{"taxonomy":"product_cat","embeddable":true,"href":"https:\/\/roveyayinevi.com.tr\/index.php\/wp-json\/wp\/v2\/product_cat?post=770496"},{"taxonomy":"product_tag","embeddable":true,"href":"https:\/\/roveyayinevi.com.tr\/index.php\/wp-json\/wp\/v2\/product_tag?post=770496"}],"curies":[{"name":"wp","href":"https:\/\/api.w.org\/{rel}","templated":true}]}}