{"id":770488,"date":"2025-08-28T14:31:50","date_gmt":"2025-08-28T11:31:50","guid":{"rendered":"https:\/\/roveyayinevi.com.tr\/index.php\/urun\/kopegim-charley-ile-amerika-yollarinda\/"},"modified":"2026-04-15T03:37:03","modified_gmt":"2026-04-15T00:37:03","slug":"kopegim-charley-ile-amerika-yollarinda","status":"publish","type":"product","link":"https:\/\/roveyayinevi.com.tr\/index.php\/urun\/kopegim-charley-ile-amerika-yollarinda\/","title":{"rendered":"K\u00f6pe\u011fim Charley \u0130le Amerika Yollar\u0131nda"},"content":{"rendered":"<p>Nobel Edebiyat \u00d6d\u00fcl\u00fc sahibi Steinbeck Amerika gezisinden dam\u0131tt\u0131\u011f\u0131 \u00e7arp\u0131c\u0131 g\u00f6zlemlerini K\u00f6pe\u011fim Charley ile Amerika Yollar\u0131nda kitab\u0131nda e\u015fsiz anlat\u0131m\u0131yla okura sunuyor. Steinbeck uzun y\u0131llard\u0131r seyahat etmedi\u011fi i\u00e7in Amerika\u2019y\u0131 haf\u0131zas\u0131nda kalanlarla yazd\u0131\u011f\u0131n\u0131 fark eder. Bu sebeple yirmi be\u015f y\u0131l sonra \u00fclkeyi tekrar ke\u015ffetmeye karar verir ve 1960\u2019ta Frans\u0131z kani\u015fi cinsi k\u00f6pe\u011fi Charley ve bir pikab\u0131n \u00fcst\u00fcne oturtulmu\u015f k\u00fc\u00e7\u00fck bir evden olu\u015fan karavan\u0131yla boydan boya bir Amerika yolculu\u011funa \u00e7\u0131kar. Long Island\u2019dan ba\u015flay\u0131p Teksas\u2019a kadar uzanan ve yakla\u015f\u0131k on be\u015f bin kilometre kat etti\u011fi bu yolcu\u011fu edebi ustal\u0131\u011f\u0131yla harmanlayarak muhte\u015fem bir 20. y\u00fczy\u0131l Amerika panoramas\u0131 kaleme al\u0131r. \u201cSteinbeck, yerelcili\u011fin \u00f6l\u00fcm\u00fc, Amerika\u2019n\u0131n giderek homojenle\u015fmesi ve \u00e7evrenin tahrip edilmesi gibi konularda tam isabet kaydetmi\u015fti. T\u00fcm bu konularda ileri g\u00f6r\u00fc\u015fl\u00fcyd\u00fc.\u201d BILL BARICH \u201cBu kitap, Steinbeck\u2019in onlarca y\u0131ll\u0131k g\u00f6zlemlerini ve zanaat\u0131n\u0131 geli\u015ftirmek i\u00e7in harcad\u0131\u011f\u0131 y\u0131llar\u0131 yans\u0131t\u0131yor.\u201d JAY PARINI<\/p>\n","protected":false},"excerpt":{"rendered":"<p>Nobel Edebiyat \u00d6d\u00fcl\u00fc sahibi Steinbeck Amerika gezisinden dam\u0131tt\u0131\u011f\u0131 \u00e7arp\u0131c\u0131 g\u00f6zlemlerini K\u00f6pe\u011fim Charley ile Amerika Yollar\u0131nda kitab\u0131nda e\u015fsiz anlat\u0131m\u0131yla okura sunuyor. Steinbeck uzun y\u0131llard\u0131r seyahat etmedi\u011fi i\u00e7in<span class=\"excerpt-hellip\"> [\u2026]<\/span><\/p>\n","protected":false},"featured_media":0,"template":"","meta":{"_monsterinsights_skip_tracking":false,"_monsterinsights_sitenote_active":false,"_monsterinsights_sitenote_note":"","_monsterinsights_sitenote_category":0},"product_brand":[],"product_cat":[12291,12711],"product_tag":[],"class_list":{"0":"post-770488","1":"product","2":"type-product","3":"status-publish","5":"product_cat-edebiyat","6":"product_cat-roman-oyku","7":"pa_cilt-ciltsiz","8":"pa_tur-kitap","9":"pa_yayinevi-iletisim-yayinlari","10":"pa_yazar-john-steinbeck","12":"first","13":"instock","14":"sale","15":"shipping-taxable","16":"purchasable","17":"product-type-simple"},"_links":{"self":[{"href":"https:\/\/roveyayinevi.com.tr\/index.php\/wp-json\/wp\/v2\/product\/770488","targetHints":{"allow":["GET"]}}],"collection":[{"href":"https:\/\/roveyayinevi.com.tr\/index.php\/wp-json\/wp\/v2\/product"}],"about":[{"href":"https:\/\/roveyayinevi.com.tr\/index.php\/wp-json\/wp\/v2\/types\/product"}],"wp:attachment":[{"href":"https:\/\/roveyayinevi.com.tr\/index.php\/wp-json\/wp\/v2\/media?parent=770488"}],"wp:term":[{"taxonomy":"product_brand","embeddable":true,"href":"https:\/\/roveyayinevi.com.tr\/index.php\/wp-json\/wp\/v2\/product_brand?post=770488"},{"taxonomy":"product_cat","embeddable":true,"href":"https:\/\/roveyayinevi.com.tr\/index.php\/wp-json\/wp\/v2\/product_cat?post=770488"},{"taxonomy":"product_tag","embeddable":true,"href":"https:\/\/roveyayinevi.com.tr\/index.php\/wp-json\/wp\/v2\/product_tag?post=770488"}],"curies":[{"name":"wp","href":"https:\/\/api.w.org\/{rel}","templated":true}]}}