{"id":770486,"date":"2025-08-28T14:31:46","date_gmt":"2025-08-28T11:31:46","guid":{"rendered":"https:\/\/roveyayinevi.com.tr\/index.php\/urun\/cekirdek-aile-geziyor-ataturk-istanbulda\/"},"modified":"2026-04-15T03:37:03","modified_gmt":"2026-04-15T00:37:03","slug":"cekirdek-aile-geziyor-ataturk-istanbulda","status":"publish","type":"product","link":"https:\/\/roveyayinevi.com.tr\/index.php\/urun\/cekirdek-aile-geziyor-ataturk-istanbulda\/","title":{"rendered":"\u00c7ekirdek Aile Geziyor &#8211; Atat\u00fcrk \u0130stanbul\u2019da"},"content":{"rendered":"<p>Mustafa Kemal Atat\u00fcrk\u2019\u00fcn ya\u015fam\u0131nda \u0130stanbul\u2019un \u00f6zel bir yeri vard\u0131r. Harp Okulu\u2019na ad\u0131m att\u0131\u011f\u0131nda bu b\u00fcy\u00fcleyici \u015fehirle ilk kez tan\u0131\u015ft\u0131. 16 May\u0131s 1919\u2019da Band\u0131rma vapuruyla \u0130stanbul\u2019dan ayr\u0131ld\u0131\u011f\u0131nda, bir daha uzun y\u0131llar geri d\u00f6nemeyece\u011fini bilmiyordu. Kurtulu\u015f Sava\u015f\u0131\u2019n\u0131n ard\u0131ndan, \u0130stanbul\u2019a d\u00f6nd\u00fc\u011f\u00fcnde co\u015fkuyla kar\u015f\u0131land\u0131.      Usta yazar Metin Cel\u00e2l, \u00c7ekirdek aileyle Atat\u00fcrk\u2019\u00fcn \u0130stanbul\u2019daki izlerini s\u00fcr\u00fcyor. Atat\u00fcrk\u2019\u00fcn ya\u015fad\u0131\u011f\u0131 evleri, okudu\u011fu okullar\u0131, \u00e7al\u0131\u015ft\u0131\u011f\u0131 mek\u00e2nlar\u0131 ziyaret ederken Cumhuriyet tarihinin \u00f6nemli d\u00f6n\u00fcm noktalar\u0131na tan\u0131kl\u0131k edecek, tarihin i\u00e7inde unutulmaz bir yolculu\u011fa \u00e7\u0131kacaks\u0131n\u0131z&#8230;   <\/p>\n","protected":false},"excerpt":{"rendered":"<p>Mustafa Kemal Atat\u00fcrk\u2019\u00fcn ya\u015fam\u0131nda \u0130stanbul\u2019un \u00f6zel bir yeri vard\u0131r. Harp Okulu\u2019na ad\u0131m att\u0131\u011f\u0131nda bu b\u00fcy\u00fcleyici \u015fehirle ilk kez tan\u0131\u015ft\u0131. 16 May\u0131s 1919\u2019da Band\u0131rma vapuruyla \u0130stanbul\u2019dan ayr\u0131ld\u0131\u011f\u0131nda,<span class=\"excerpt-hellip\"> [\u2026]<\/span><\/p>\n","protected":false},"featured_media":0,"template":"","meta":{"_monsterinsights_skip_tracking":false,"_monsterinsights_sitenote_active":false,"_monsterinsights_sitenote_note":"","_monsterinsights_sitenote_category":0},"product_brand":[],"product_cat":[12274,12284],"product_tag":[],"class_list":{"0":"post-770486","1":"product","2":"type-product","3":"status-publish","5":"product_cat-cocuk-ve-genclik-kitaplari","6":"product_cat-hikayeler","7":"pa_cilt-ciltsiz","8":"pa_tur-kitap","9":"pa_yayinevi-dogan-cocuk","10":"pa_yazar-metin-celal","12":"first","13":"instock","14":"sale","15":"shipping-taxable","16":"purchasable","17":"product-type-simple"},"_links":{"self":[{"href":"https:\/\/roveyayinevi.com.tr\/index.php\/wp-json\/wp\/v2\/product\/770486","targetHints":{"allow":["GET"]}}],"collection":[{"href":"https:\/\/roveyayinevi.com.tr\/index.php\/wp-json\/wp\/v2\/product"}],"about":[{"href":"https:\/\/roveyayinevi.com.tr\/index.php\/wp-json\/wp\/v2\/types\/product"}],"wp:attachment":[{"href":"https:\/\/roveyayinevi.com.tr\/index.php\/wp-json\/wp\/v2\/media?parent=770486"}],"wp:term":[{"taxonomy":"product_brand","embeddable":true,"href":"https:\/\/roveyayinevi.com.tr\/index.php\/wp-json\/wp\/v2\/product_brand?post=770486"},{"taxonomy":"product_cat","embeddable":true,"href":"https:\/\/roveyayinevi.com.tr\/index.php\/wp-json\/wp\/v2\/product_cat?post=770486"},{"taxonomy":"product_tag","embeddable":true,"href":"https:\/\/roveyayinevi.com.tr\/index.php\/wp-json\/wp\/v2\/product_tag?post=770486"}],"curies":[{"name":"wp","href":"https:\/\/api.w.org\/{rel}","templated":true}]}}