{"id":770476,"date":"2025-08-28T14:31:26","date_gmt":"2025-08-28T11:31:26","guid":{"rendered":"https:\/\/roveyayinevi.com.tr\/index.php\/urun\/lekeler-ve-yukler\/"},"modified":"2026-04-15T03:37:03","modified_gmt":"2026-04-15T00:37:03","slug":"lekeler-ve-yukler","status":"publish","type":"product","link":"https:\/\/roveyayinevi.com.tr\/index.php\/urun\/lekeler-ve-yukler\/","title":{"rendered":"Lekeler ve Y\u00fckler"},"content":{"rendered":"<p>1972 y\u0131l\u0131nda \u0130stanbul\u2019da do\u011fan R. Eser Kortano\u011flu, Anadolu \u00dcniversitesi Arkeoloji B\u00f6l\u00fcm\u00fcnde \u00f6\u011fretim \u00fcyesidir. Kortano\u011flu \u201cLekeler ve Y\u00fckler\u201d adl\u0131 bu eserinde, yapm\u0131\u015f oldu\u011fu karakalem \u00e7izimlerini; \u00e7izim g\u00fcnceleri ve farkl\u0131 metinlerle (\u015fiir, k\u0131sa \u00f6yk\u00fc, anlat\u0131 v.b.) bir araya getirmi\u015ftir. Kortano\u011flu\u2019nun bilimsel yay\u0131nlar\u0131n\u0131n yan\u0131 s\u0131ra \u201cLacivert Tanr\u0131\u00e7a\u201d adl\u0131 bir roman\u0131 da bulunmaktad\u0131r.    <\/p>\n","protected":false},"excerpt":{"rendered":"<p>1972 y\u0131l\u0131nda \u0130stanbul\u2019da do\u011fan R. Eser Kortano\u011flu, Anadolu \u00dcniversitesi Arkeoloji B\u00f6l\u00fcm\u00fcnde \u00f6\u011fretim \u00fcyesidir. Kortano\u011flu \u201cLekeler ve Y\u00fckler\u201d adl\u0131 bu eserinde, yapm\u0131\u015f oldu\u011fu karakalem \u00e7izimlerini; \u00e7izim g\u00fcnceleri<span class=\"excerpt-hellip\"> [\u2026]<\/span><\/p>\n","protected":false},"featured_media":0,"template":"","meta":{"_monsterinsights_skip_tracking":false,"_monsterinsights_sitenote_active":false,"_monsterinsights_sitenote_note":"","_monsterinsights_sitenote_category":0},"product_brand":[],"product_cat":[15733,12408],"product_tag":[],"class_list":{"0":"post-770476","1":"product","2":"type-product","3":"status-publish","5":"product_cat-resim","6":"product_cat-sanat","7":"pa_cilt-ciltsiz","8":"pa_tur-kitap","9":"pa_yayinevi-myrina-yayinlari","10":"pa_yazar-r-eser-kortanoglu","12":"first","13":"instock","14":"sale","15":"shipping-taxable","16":"purchasable","17":"product-type-simple"},"_links":{"self":[{"href":"https:\/\/roveyayinevi.com.tr\/index.php\/wp-json\/wp\/v2\/product\/770476","targetHints":{"allow":["GET"]}}],"collection":[{"href":"https:\/\/roveyayinevi.com.tr\/index.php\/wp-json\/wp\/v2\/product"}],"about":[{"href":"https:\/\/roveyayinevi.com.tr\/index.php\/wp-json\/wp\/v2\/types\/product"}],"wp:attachment":[{"href":"https:\/\/roveyayinevi.com.tr\/index.php\/wp-json\/wp\/v2\/media?parent=770476"}],"wp:term":[{"taxonomy":"product_brand","embeddable":true,"href":"https:\/\/roveyayinevi.com.tr\/index.php\/wp-json\/wp\/v2\/product_brand?post=770476"},{"taxonomy":"product_cat","embeddable":true,"href":"https:\/\/roveyayinevi.com.tr\/index.php\/wp-json\/wp\/v2\/product_cat?post=770476"},{"taxonomy":"product_tag","embeddable":true,"href":"https:\/\/roveyayinevi.com.tr\/index.php\/wp-json\/wp\/v2\/product_tag?post=770476"}],"curies":[{"name":"wp","href":"https:\/\/api.w.org\/{rel}","templated":true}]}}