{"id":770471,"date":"2025-08-28T14:31:17","date_gmt":"2025-08-28T11:31:17","guid":{"rendered":"https:\/\/roveyayinevi.com.tr\/index.php\/urun\/bulutberber\/"},"modified":"2026-04-08T03:33:22","modified_gmt":"2026-04-08T00:33:22","slug":"bulutberber","status":"publish","type":"product","link":"https:\/\/roveyayinevi.com.tr\/index.php\/urun\/bulutberber\/","title":{"rendered":"BulutBerber"},"content":{"rendered":"<p>Benim ad\u0131m Mavi Bulutberber. Benim ad\u0131m da Beyaz Bulutberber. Biz bulut berberiyiz. Her g\u00fcn g\u00f6ky\u00fcz\u00fcn\u00fc \u015fekillendiririz. Bize kat\u0131lmak ister misin? Hayal g\u00fcc\u00fcm\u00fczle g\u00f6ky\u00fcz\u00fcn\u00fc bir oyun alan\u0131na \u00e7evirebiliriz. Haz\u0131rsan ba\u015flayal\u0131m! <\/p>\n","protected":false},"excerpt":{"rendered":"<p>Benim ad\u0131m Mavi Bulutberber. Benim ad\u0131m da Beyaz Bulutberber. Biz bulut berberiyiz. Her g\u00fcn g\u00f6ky\u00fcz\u00fcn\u00fc \u015fekillendiririz. Bize kat\u0131lmak ister misin? Hayal g\u00fcc\u00fcm\u00fczle g\u00f6ky\u00fcz\u00fcn\u00fc bir oyun alan\u0131na<span class=\"excerpt-hellip\"> [\u2026]<\/span><\/p>\n","protected":false},"featured_media":0,"template":"","meta":{"_monsterinsights_skip_tracking":false,"_monsterinsights_sitenote_active":false,"_monsterinsights_sitenote_note":"","_monsterinsights_sitenote_category":0},"product_brand":[],"product_cat":[12274,12284],"product_tag":[],"class_list":{"0":"post-770471","1":"product","2":"type-product","3":"status-publish","5":"product_cat-cocuk-ve-genclik-kitaplari","6":"product_cat-hikayeler","7":"pa_cilt-ciltsiz","8":"pa_tur-kitap","9":"pa_yayinevi-indigo-cocuk","10":"pa_yazar-sefa-ceran-ozturk","12":"first","13":"instock","14":"sale","15":"shipping-taxable","16":"purchasable","17":"product-type-simple"},"_links":{"self":[{"href":"https:\/\/roveyayinevi.com.tr\/index.php\/wp-json\/wp\/v2\/product\/770471","targetHints":{"allow":["GET"]}}],"collection":[{"href":"https:\/\/roveyayinevi.com.tr\/index.php\/wp-json\/wp\/v2\/product"}],"about":[{"href":"https:\/\/roveyayinevi.com.tr\/index.php\/wp-json\/wp\/v2\/types\/product"}],"wp:attachment":[{"href":"https:\/\/roveyayinevi.com.tr\/index.php\/wp-json\/wp\/v2\/media?parent=770471"}],"wp:term":[{"taxonomy":"product_brand","embeddable":true,"href":"https:\/\/roveyayinevi.com.tr\/index.php\/wp-json\/wp\/v2\/product_brand?post=770471"},{"taxonomy":"product_cat","embeddable":true,"href":"https:\/\/roveyayinevi.com.tr\/index.php\/wp-json\/wp\/v2\/product_cat?post=770471"},{"taxonomy":"product_tag","embeddable":true,"href":"https:\/\/roveyayinevi.com.tr\/index.php\/wp-json\/wp\/v2\/product_tag?post=770471"}],"curies":[{"name":"wp","href":"https:\/\/api.w.org\/{rel}","templated":true}]}}