{"id":770469,"date":"2025-08-28T14:31:13","date_gmt":"2025-08-28T11:31:13","guid":{"rendered":"https:\/\/roveyayinevi.com.tr\/index.php\/urun\/balik-gezegeni\/"},"modified":"2026-04-15T03:37:03","modified_gmt":"2026-04-15T00:37:03","slug":"balik-gezegeni","status":"publish","type":"product","link":"https:\/\/roveyayinevi.com.tr\/index.php\/urun\/balik-gezegeni\/","title":{"rendered":"Bal\u0131k Gezegeni"},"content":{"rendered":"<p>D\u0130KKAT! BALIKBOOK CANLI YAYININDAYIZ! \u015eok \u015fok \u015fok! Bal\u0131k Gezegeni\u2019nde i\u015fler \u00e7\u0131\u011f\u0131r\u0131ndan \u00e7\u0131kt\u0131! Pusula denizanalar\u0131 neden bu kadar huzursuz? Uzaydan gelen esrarengiz kaps\u00fcl\u00fcn s\u0131rr\u0131 ne? U\u00e7suz bucaks\u0131z sularla kapl\u0131, \u0131\u015f\u0131l \u0131\u015f\u0131l mercan resifleriyle dolu bir gezegen\u2026 Reng\u00e2renk bal\u0131klar, ne\u015feli deniz canl\u0131lar\u0131 ve her k\u00f6\u015fesinde gizem sakl\u0131 bir d\u00fcnya! Be\u015f y\u00fcz y\u0131lda bir Bal\u0131k Gezegeni, D\u00fcnya\u2019ya yakla\u015f\u0131r. \u0130\u015fte o b\u00fcy\u00fck g\u00fcn geldi \u00e7att\u0131! Kahramanlar\u0131m\u0131z bu tarihi an\u0131 ka\u00e7\u0131rmak istemiyor. Ama bir sorun var\u2026 Asl\u0131nda bir s\u00fcr\u00fc sorun var! Casus denizanalar\u0131, ilgin\u00e7 ke\u015fifler, su alt\u0131n\u0131n gizemi ve bolca kahkahayla dolu bu hik\u00e2yede, cesaretin ve dostlu\u011fun g\u00fcc\u00fcn\u00fc ke\u015ffetmeye haz\u0131r m\u0131s\u0131n\u0131z? Derin sularda unutulmaz bir yolculuk ba\u015fl\u0131yor!<\/p>\n","protected":false},"excerpt":{"rendered":"<p>D\u0130KKAT! BALIKBOOK CANLI YAYININDAYIZ! \u015eok \u015fok \u015fok! Bal\u0131k Gezegeni\u2019nde i\u015fler \u00e7\u0131\u011f\u0131r\u0131ndan \u00e7\u0131kt\u0131! Pusula denizanalar\u0131 neden bu kadar huzursuz? Uzaydan gelen esrarengiz kaps\u00fcl\u00fcn s\u0131rr\u0131 ne? U\u00e7suz bucaks\u0131z<span class=\"excerpt-hellip\"> [\u2026]<\/span><\/p>\n","protected":false},"featured_media":0,"template":"","meta":{"_monsterinsights_skip_tracking":false,"_monsterinsights_sitenote_active":false,"_monsterinsights_sitenote_note":"","_monsterinsights_sitenote_category":0},"product_brand":[],"product_cat":[12274,12284],"product_tag":[],"class_list":{"0":"post-770469","1":"product","2":"type-product","3":"status-publish","5":"product_cat-cocuk-ve-genclik-kitaplari","6":"product_cat-hikayeler","7":"pa_cilt-ciltsiz","8":"pa_tur-kitap","9":"pa_yayinevi-timas-cocuk","10":"pa_yazar-busra-tumkaya","12":"first","13":"instock","14":"sale","15":"shipping-taxable","16":"purchasable","17":"product-type-simple"},"_links":{"self":[{"href":"https:\/\/roveyayinevi.com.tr\/index.php\/wp-json\/wp\/v2\/product\/770469","targetHints":{"allow":["GET"]}}],"collection":[{"href":"https:\/\/roveyayinevi.com.tr\/index.php\/wp-json\/wp\/v2\/product"}],"about":[{"href":"https:\/\/roveyayinevi.com.tr\/index.php\/wp-json\/wp\/v2\/types\/product"}],"wp:attachment":[{"href":"https:\/\/roveyayinevi.com.tr\/index.php\/wp-json\/wp\/v2\/media?parent=770469"}],"wp:term":[{"taxonomy":"product_brand","embeddable":true,"href":"https:\/\/roveyayinevi.com.tr\/index.php\/wp-json\/wp\/v2\/product_brand?post=770469"},{"taxonomy":"product_cat","embeddable":true,"href":"https:\/\/roveyayinevi.com.tr\/index.php\/wp-json\/wp\/v2\/product_cat?post=770469"},{"taxonomy":"product_tag","embeddable":true,"href":"https:\/\/roveyayinevi.com.tr\/index.php\/wp-json\/wp\/v2\/product_tag?post=770469"}],"curies":[{"name":"wp","href":"https:\/\/api.w.org\/{rel}","templated":true}]}}