{"id":770466,"date":"2025-08-28T14:31:06","date_gmt":"2025-08-28T11:31:06","guid":{"rendered":"https:\/\/roveyayinevi.com.tr\/index.php\/urun\/dunyadaki-son-robot-hasmet-2-0\/"},"modified":"2026-04-15T03:37:03","modified_gmt":"2026-04-15T00:37:03","slug":"dunyadaki-son-robot-hasmet-2-0","status":"publish","type":"product","link":"https:\/\/roveyayinevi.com.tr\/index.php\/urun\/dunyadaki-son-robot-hasmet-2-0\/","title":{"rendered":"D\u00fcnyadaki Son Robot \u2013 Ha\u015fmet 2.0"},"content":{"rendered":"<p>Y\u0131l 2084&#8230;\u0130nsanlar\u0131n teknolojiden korktu\u011fu bir d\u00fcnyada Hamdi&#8217;nin en yak\u0131n dostu bir robot: Ha\u015fmet!\u00dcstelik o sadece bir robot de\u011fil, ayn\u0131 zamanda gezegendeki tek robot!Hamdi ve Ha\u015fmet, annelerini kurtarmak i\u00e7in zorlu bir yolculu\u011fa \u00e7\u0131karken dostluk, cesaret ve \u00f6n yarg\u0131larla y\u00fczle\u015fiyor.Peki ya Ha\u015fmet? O sadece metalden mi ibaret yoksa kalbi olan bir kahraman m\u0131?Bu macera, seni dostlu\u011fun g\u00fcc\u00fcn\u00fc ke\u015ffetmeye \u00e7a\u011f\u0131r\u0131yor!<\/p>\n","protected":false},"excerpt":{"rendered":"<p>Y\u0131l 2084&#8230;\u0130nsanlar\u0131n teknolojiden korktu\u011fu bir d\u00fcnyada Hamdi&#8217;nin en yak\u0131n dostu bir robot: Ha\u015fmet!\u00dcstelik o sadece bir robot de\u011fil, ayn\u0131 zamanda gezegendeki tek robot!Hamdi ve Ha\u015fmet, annelerini<span class=\"excerpt-hellip\"> [\u2026]<\/span><\/p>\n","protected":false},"featured_media":0,"template":"","meta":{"_monsterinsights_skip_tracking":false,"_monsterinsights_sitenote_active":false,"_monsterinsights_sitenote_note":"","_monsterinsights_sitenote_category":0},"product_brand":[],"product_cat":[12274,12284],"product_tag":[],"class_list":{"0":"post-770466","1":"product","2":"type-product","3":"status-publish","5":"product_cat-cocuk-ve-genclik-kitaplari","6":"product_cat-hikayeler","7":"pa_cilt-ciltsiz","8":"pa_tur-kitap","9":"pa_yayinevi-timas-cocuk","10":"pa_yazar-mustafa-orakci","12":"first","13":"instock","14":"sale","15":"shipping-taxable","16":"purchasable","17":"product-type-simple"},"_links":{"self":[{"href":"https:\/\/roveyayinevi.com.tr\/index.php\/wp-json\/wp\/v2\/product\/770466","targetHints":{"allow":["GET"]}}],"collection":[{"href":"https:\/\/roveyayinevi.com.tr\/index.php\/wp-json\/wp\/v2\/product"}],"about":[{"href":"https:\/\/roveyayinevi.com.tr\/index.php\/wp-json\/wp\/v2\/types\/product"}],"wp:attachment":[{"href":"https:\/\/roveyayinevi.com.tr\/index.php\/wp-json\/wp\/v2\/media?parent=770466"}],"wp:term":[{"taxonomy":"product_brand","embeddable":true,"href":"https:\/\/roveyayinevi.com.tr\/index.php\/wp-json\/wp\/v2\/product_brand?post=770466"},{"taxonomy":"product_cat","embeddable":true,"href":"https:\/\/roveyayinevi.com.tr\/index.php\/wp-json\/wp\/v2\/product_cat?post=770466"},{"taxonomy":"product_tag","embeddable":true,"href":"https:\/\/roveyayinevi.com.tr\/index.php\/wp-json\/wp\/v2\/product_tag?post=770466"}],"curies":[{"name":"wp","href":"https:\/\/api.w.org\/{rel}","templated":true}]}}