{"id":770462,"date":"2025-08-28T14:30:57","date_gmt":"2025-08-28T11:30:57","guid":{"rendered":"https:\/\/roveyayinevi.com.tr\/index.php\/urun\/gercek-dunya-boyledir\/"},"modified":"2026-04-15T03:37:02","modified_gmt":"2026-04-15T00:37:02","slug":"gercek-dunya-boyledir","status":"publish","type":"product","link":"https:\/\/roveyayinevi.com.tr\/index.php\/urun\/gercek-dunya-boyledir\/","title":{"rendered":"Ger\u00e7ek D\u00fcnya B\u00f6yledir"},"content":{"rendered":"<p>Goodreads Y\u0131l\u0131n En \u0130yi \u00c7ocuk Kitab\u0131 Aday\u0131New York Times\u2019\u0131n \u00e7oksatan roman\u0131 Pax\u2019\u0131n yazar\u0131 Sara Pennypacker\u2019dan kendi d\u00fcnyas\u0131n\u0131 yaratan hayalperestlere ve topluma ait de\u011filmi\u015f gibi hissedenlerin kalbine dokunacak bir roman.\u201cHer \u015fey \u00f6nceden ba\u015fka bir \u015feydi ve sonra yine ba\u015fka bir \u015fey olacak&#8230;Ger\u00e7ek d\u00fcnya b\u00f6yledir i\u015fte.\u201dOn bir bu\u00e7uk ya\u015f\u0131ndaki Ware, yaz tatilini \u201ckendi d\u00fcnyas\u0131nda\u201d ge\u00e7irmeyi, orta\u00e7a\u011f \u015f\u00f6valyeleri \u00fczerine hayaller kurmay\u0131 ve kendiyle ba\u015f ba\u015fa kalmay\u0131 d\u00f6rt g\u00f6zle beklerken anne ve babas\u0131 onu hi\u00e7 sevmedi\u011fi Yaz Okulu\u2019na yazd\u0131r\u0131r.Burada \u201canlaml\u0131 sosyal etkile\u015fimlere\u201d katlanmak ve \u201cnormal\u201d \u00e7ocuklar\u0131n yapt\u0131klar\u0131 etkinliklere dahil olmak zorundad\u0131r.Okulun ilk g\u00fcn\u00fcnde terk edilmi\u015f bir kilisenin bah\u00e7esini d\u00fczenleyen, tuhaf ve s\u0131r dolu bir k\u0131z olan Jolene ile tan\u0131\u015f\u0131r. Ware k\u0131sa s\u00fcre sonra Yaz Okulu\u2019ndan ka\u00e7maya ba\u015flar ve kilisenin yan\u0131ndaki bo\u015f alanda hayallerindeki kaleyi in\u015fa etmeye ba\u015flar.Jolene, onun bir hayalperest oldu\u011funu s\u00f6yler \u00e7\u00fcnk\u00fc Ware, onun gibi \u201cger\u00e7ek d\u00fcnyada\u201d ya\u015famamaktad\u0131r. Ancak ne kadar farkl\u0131 olurlarsa olsunlar, buras\u0131 onlar i\u00e7in bir s\u0131\u011f\u0131nak h\u00e2line gelir.Ve bu s\u0131\u011f\u0131nak tehdit alt\u0131na girdi\u011finde ne pahas\u0131na olursa olsun bu yeri kurtarmaya yemin ederler.Ancak ger\u00e7ek d\u00fcnyada kahraman olmak o kadar da kolay de\u011fildir&#8230;<\/p>\n","protected":false},"excerpt":{"rendered":"<p>Goodreads Y\u0131l\u0131n En \u0130yi \u00c7ocuk Kitab\u0131 Aday\u0131New York Times\u2019\u0131n \u00e7oksatan roman\u0131 Pax\u2019\u0131n yazar\u0131 Sara Pennypacker\u2019dan kendi d\u00fcnyas\u0131n\u0131 yaratan hayalperestlere ve topluma ait de\u011filmi\u015f gibi hissedenlerin kalbine<span class=\"excerpt-hellip\"> [\u2026]<\/span><\/p>\n","protected":false},"featured_media":0,"template":"","meta":{"_monsterinsights_skip_tracking":false,"_monsterinsights_sitenote_active":false,"_monsterinsights_sitenote_note":"","_monsterinsights_sitenote_category":0},"product_brand":[],"product_cat":[12274,12284],"product_tag":[],"class_list":{"0":"post-770462","1":"product","2":"type-product","3":"status-publish","5":"product_cat-cocuk-ve-genclik-kitaplari","6":"product_cat-hikayeler","7":"pa_cilt-ciltsiz","8":"pa_tur-kitap","9":"pa_yayinevi-epsilon-yayinlari","10":"pa_yazar-sara-pennypacker","12":"first","13":"instock","14":"sale","15":"shipping-taxable","16":"purchasable","17":"product-type-simple"},"_links":{"self":[{"href":"https:\/\/roveyayinevi.com.tr\/index.php\/wp-json\/wp\/v2\/product\/770462","targetHints":{"allow":["GET"]}}],"collection":[{"href":"https:\/\/roveyayinevi.com.tr\/index.php\/wp-json\/wp\/v2\/product"}],"about":[{"href":"https:\/\/roveyayinevi.com.tr\/index.php\/wp-json\/wp\/v2\/types\/product"}],"wp:attachment":[{"href":"https:\/\/roveyayinevi.com.tr\/index.php\/wp-json\/wp\/v2\/media?parent=770462"}],"wp:term":[{"taxonomy":"product_brand","embeddable":true,"href":"https:\/\/roveyayinevi.com.tr\/index.php\/wp-json\/wp\/v2\/product_brand?post=770462"},{"taxonomy":"product_cat","embeddable":true,"href":"https:\/\/roveyayinevi.com.tr\/index.php\/wp-json\/wp\/v2\/product_cat?post=770462"},{"taxonomy":"product_tag","embeddable":true,"href":"https:\/\/roveyayinevi.com.tr\/index.php\/wp-json\/wp\/v2\/product_tag?post=770462"}],"curies":[{"name":"wp","href":"https:\/\/api.w.org\/{rel}","templated":true}]}}