{"id":770461,"date":"2025-08-28T14:30:54","date_gmt":"2025-08-28T11:30:54","guid":{"rendered":"https:\/\/roveyayinevi.com.tr\/index.php\/urun\/kizil-kahkaha-4\/"},"modified":"2026-04-15T03:37:02","modified_gmt":"2026-04-15T00:37:02","slug":"kizil-kahkaha-4","status":"publish","type":"product","link":"https:\/\/roveyayinevi.com.tr\/index.php\/urun\/kizil-kahkaha-4\/","title":{"rendered":"K\u0131z\u0131l Kahkaha"},"content":{"rendered":"<p>\u201cD\u00fcnya \u00e7\u0131ld\u0131rd\u0131\u011f\u0131nda b\u00f6yle g\u00fclmeye ba\u015flar\u2026\u201d Rus d\u0131\u015favurumculu\u011funun en \u00f6nemli isimlerinden biri olan Leonid Andreyev,  K\u0131z\u0131l Kahkaha\u2019da yaln\u0131zca sava\u015f\u0131n fiziksel y\u0131k\u0131m\u0131n\u0131 de\u011fil, insan ruhunda yaratt\u0131\u011f\u0131 onulmaz tahribat\u0131 da g\u00f6zler \u00f6n\u00fcne serer. K\u0131z\u0131l Kahkaha, kur\u015funlar\u0131n bedenleri de zihinleri de parampar\u00e7a etti\u011fi bir cinnetin ad\u0131d\u0131r. Art\u0131k sava\u015f cepheden ta\u015fm\u0131\u015f, evlerde, sokaklarda, gazetelerin sayfalar\u0131nda da s\u00fcrmektedir. Bir askerin da\u011f\u0131n\u0131k notlar\u0131, \u00f6l\u00fcm\u00fcn\u00fcn ard\u0131ndan, sivil karde\u015fi taraf\u0131ndan tamamlan\u0131r. Ancak sava\u015f\u0131n deh\u015feti, yaln\u0131zca mermi ya\u011fmuru alt\u0131nda kalanlar\u0131 de\u011fil, d\u0131\u015far\u0131da kalanlar\u0131 da ele ge\u00e7irir. Cephede ve sivil hayatta, akl\u0131n s\u0131n\u0131rlar\u0131 giderek bulan\u0131kla\u015f\u0131r. 1904-1905 Rus-Japon Sava\u015f\u0131n\u0131n g\u00f6lgesinde yaz\u0131lan bu romanla Andreyev, yakla\u015fmakta olan k\u00fcresel felaketin habercisi niteli\u011finde bir anlat\u0131yla Birinci D\u00fcnya Sava\u015f\u0131n\u0131n do\u011furaca\u011f\u0131 deh\u015feti y\u0131llar \u00f6ncesinden sezdirir.  K\u0131z\u0131l Kahkaha, hem sava\u015f edebiyat\u0131n\u0131n hem modern psikolojik anlat\u0131n\u0131n en \u00e7arp\u0131c\u0131 \u00f6rneklerinden biri olarak kabul edilir. Andreyev\u2019in bu karanl\u0131k ba\u015fyap\u0131t\u0131, sava\u015f\u0131n b\u00fcy\u00fctt\u00fc\u011f\u00fc delili\u011fin, korkunun ve duyars\u0131zla\u015fman\u0131n unutulmaz bir tasviridir.<\/p>\n","protected":false},"excerpt":{"rendered":"<p>\u201cD\u00fcnya \u00e7\u0131ld\u0131rd\u0131\u011f\u0131nda b\u00f6yle g\u00fclmeye ba\u015flar\u2026\u201d Rus d\u0131\u015favurumculu\u011funun en \u00f6nemli isimlerinden biri olan Leonid Andreyev, K\u0131z\u0131l Kahkaha\u2019da yaln\u0131zca sava\u015f\u0131n fiziksel y\u0131k\u0131m\u0131n\u0131 de\u011fil, insan ruhunda yaratt\u0131\u011f\u0131 onulmaz tahribat\u0131<span class=\"excerpt-hellip\"> [\u2026]<\/span><\/p>\n","protected":false},"featured_media":0,"template":"","meta":{"_monsterinsights_skip_tracking":false,"_monsterinsights_sitenote_active":false,"_monsterinsights_sitenote_note":"","_monsterinsights_sitenote_category":0},"product_brand":[],"product_cat":[13072,12291],"product_tag":[],"class_list":{"0":"post-770461","1":"product","2":"type-product","3":"status-publish","5":"product_cat-arastirma-inceleme-referans","6":"product_cat-edebiyat","7":"pa_cilt-ciltsiz","8":"pa_tur-kitap","9":"pa_yayinevi-alfa-yayinlari","10":"pa_yazar-leonid-andreyev","12":"first","13":"instock","14":"sale","15":"shipping-taxable","16":"purchasable","17":"product-type-simple"},"_links":{"self":[{"href":"https:\/\/roveyayinevi.com.tr\/index.php\/wp-json\/wp\/v2\/product\/770461","targetHints":{"allow":["GET"]}}],"collection":[{"href":"https:\/\/roveyayinevi.com.tr\/index.php\/wp-json\/wp\/v2\/product"}],"about":[{"href":"https:\/\/roveyayinevi.com.tr\/index.php\/wp-json\/wp\/v2\/types\/product"}],"wp:attachment":[{"href":"https:\/\/roveyayinevi.com.tr\/index.php\/wp-json\/wp\/v2\/media?parent=770461"}],"wp:term":[{"taxonomy":"product_brand","embeddable":true,"href":"https:\/\/roveyayinevi.com.tr\/index.php\/wp-json\/wp\/v2\/product_brand?post=770461"},{"taxonomy":"product_cat","embeddable":true,"href":"https:\/\/roveyayinevi.com.tr\/index.php\/wp-json\/wp\/v2\/product_cat?post=770461"},{"taxonomy":"product_tag","embeddable":true,"href":"https:\/\/roveyayinevi.com.tr\/index.php\/wp-json\/wp\/v2\/product_tag?post=770461"}],"curies":[{"name":"wp","href":"https:\/\/api.w.org\/{rel}","templated":true}]}}