{"id":770454,"date":"2025-08-28T14:30:41","date_gmt":"2025-08-28T11:30:41","guid":{"rendered":"https:\/\/roveyayinevi.com.tr\/index.php\/urun\/benim\/"},"modified":"2026-04-11T14:39:06","modified_gmt":"2026-04-11T11:39:06","slug":"benim","status":"publish","type":"product","link":"https:\/\/roveyayinevi.com.tr\/index.php\/urun\/benim\/","title":{"rendered":"Benim!"},"content":{"rendered":"<p>Selin\u2019in bug\u00fcn misafiri var! Arkada\u015f\u0131 Nihat oynamaya gelecek. Peki ya Nihat, Selin\u2019in \u00e7ok sevdi\u011fi oyuncak sincab\u0131yla oynamak isterse? Olmaz! En sevdi\u011fi treni ya da arabalar\u0131yla? Hayatta olmaz! Annesi, payla\u015fmak istemedi\u011fi \u015feyleri gard\u0131roba koymas\u0131na izin verince Selin her \u015feyi gard\u0131roba kald\u0131rmakta buluyor \u00e7\u00f6z\u00fcm\u00fc. Yanl\u0131\u015f duymad\u0131n\u0131z, HER \u015eEY\u0130\u2026 hatta herkesi!   \u0130ki kez ALMA \u00d6d\u00fcl\u00fc\u2019ne aday olan Klara Persson ve yetenekli sanat\u00e7\u0131 Charlotte Ramel\u2019den, sevdiklerini ba\u015fkalar\u0131yla payla\u015fmak (ve payla\u015fmamak!) \u00fczerine komik ve \u00f6\u011fretici bir hik\u00e2ye.   \u201c\u00c7ocuklar hem g\u00fclecek hem de payla\u015fman\u0131n kendine saklamaktan \u00e7ok daha e\u011flenceli olabilece\u011fini fark edecekler.\u201d \u2013Kirkus <\/p>\n","protected":false},"excerpt":{"rendered":"<p>Selin\u2019in bug\u00fcn misafiri var! Arkada\u015f\u0131 Nihat oynamaya gelecek. Peki ya Nihat, Selin\u2019in \u00e7ok sevdi\u011fi oyuncak sincab\u0131yla oynamak isterse? Olmaz! En sevdi\u011fi treni ya da arabalar\u0131yla? Hayatta<span class=\"excerpt-hellip\"> [\u2026]<\/span><\/p>\n","protected":false},"featured_media":0,"template":"","meta":{"_monsterinsights_skip_tracking":false,"_monsterinsights_sitenote_active":false,"_monsterinsights_sitenote_note":"","_monsterinsights_sitenote_category":0},"product_brand":[],"product_cat":[12274,12518],"product_tag":[],"class_list":{"0":"post-770454","1":"product","2":"type-product","3":"status-publish","5":"product_cat-cocuk-ve-genclik-kitaplari","6":"product_cat-okul-oncesi-kitaplar","7":"pa_cilt-ciltsiz","8":"pa_tur-kitap","9":"pa_yayinevi-domingo-yayinevi","10":"pa_yazar-klara-persson-charlotte-ramel","12":"first","13":"instock","14":"sale","15":"shipping-taxable","16":"purchasable","17":"product-type-simple"},"_links":{"self":[{"href":"https:\/\/roveyayinevi.com.tr\/index.php\/wp-json\/wp\/v2\/product\/770454","targetHints":{"allow":["GET"]}}],"collection":[{"href":"https:\/\/roveyayinevi.com.tr\/index.php\/wp-json\/wp\/v2\/product"}],"about":[{"href":"https:\/\/roveyayinevi.com.tr\/index.php\/wp-json\/wp\/v2\/types\/product"}],"wp:attachment":[{"href":"https:\/\/roveyayinevi.com.tr\/index.php\/wp-json\/wp\/v2\/media?parent=770454"}],"wp:term":[{"taxonomy":"product_brand","embeddable":true,"href":"https:\/\/roveyayinevi.com.tr\/index.php\/wp-json\/wp\/v2\/product_brand?post=770454"},{"taxonomy":"product_cat","embeddable":true,"href":"https:\/\/roveyayinevi.com.tr\/index.php\/wp-json\/wp\/v2\/product_cat?post=770454"},{"taxonomy":"product_tag","embeddable":true,"href":"https:\/\/roveyayinevi.com.tr\/index.php\/wp-json\/wp\/v2\/product_tag?post=770454"}],"curies":[{"name":"wp","href":"https:\/\/api.w.org\/{rel}","templated":true}]}}