{"id":770453,"date":"2025-08-28T14:30:39","date_gmt":"2025-08-28T11:30:39","guid":{"rendered":"https:\/\/roveyayinevi.com.tr\/index.php\/urun\/soylenmeyen-misralar\/"},"modified":"2026-04-15T03:37:02","modified_gmt":"2026-04-15T00:37:02","slug":"soylenmeyen-misralar","status":"publish","type":"product","link":"https:\/\/roveyayinevi.com.tr\/index.php\/urun\/soylenmeyen-misralar\/","title":{"rendered":"S\u00f6ylenmeyen M\u0131sralar"},"content":{"rendered":"<p>Bir ara \u00e7izmi\u015f g\u00fczel de \u00e7izmi\u015f rezalet te Olmayaca\u011f\u0131n\u0131 bile bile hayalde etmi\u015f \u00c7o\u011fu zaman kendi d\u00fc\u015f\u00fcncelerinde bo\u011fulup Sadece izlemi\u015f Kelimelerden ka\u00e7m\u0131\u015f bir sat\u0131r bile okumam\u0131\u015f Ancak okumu\u015f do\u011fru kelimeleri bulmu\u015f Sonu gelmez d\u00fc\u015f\u00fcncelere zincirler vurmu\u015f Ancak k\u00e2\u011f\u0131t kalem bunlara derman olmu\u015f Bir zaman\u0131n tuvali \u015fimdiki k\u00e2\u011f\u0131t olmu\u015f. <\/p>\n","protected":false},"excerpt":{"rendered":"<p>Bir ara \u00e7izmi\u015f g\u00fczel de \u00e7izmi\u015f rezalet te Olmayaca\u011f\u0131n\u0131 bile bile hayalde etmi\u015f \u00c7o\u011fu zaman kendi d\u00fc\u015f\u00fcncelerinde bo\u011fulup Sadece izlemi\u015f Kelimelerden ka\u00e7m\u0131\u015f bir sat\u0131r bile okumam\u0131\u015f<span class=\"excerpt-hellip\"> [\u2026]<\/span><\/p>\n","protected":false},"featured_media":0,"template":"","meta":{"_monsterinsights_skip_tracking":false,"_monsterinsights_sitenote_active":false,"_monsterinsights_sitenote_note":"","_monsterinsights_sitenote_category":0},"product_brand":[],"product_cat":[12291,12509],"product_tag":[],"class_list":{"0":"post-770453","1":"product","2":"type-product","3":"status-publish","5":"product_cat-edebiyat","6":"product_cat-siir","7":"pa_cilt-ciltsiz","8":"pa_tur-kitap","9":"pa_yayinevi-somut-yayinlari","10":"pa_yazar-erdem-berke-keke","12":"first","13":"instock","14":"sale","15":"shipping-taxable","16":"purchasable","17":"product-type-simple"},"_links":{"self":[{"href":"https:\/\/roveyayinevi.com.tr\/index.php\/wp-json\/wp\/v2\/product\/770453","targetHints":{"allow":["GET"]}}],"collection":[{"href":"https:\/\/roveyayinevi.com.tr\/index.php\/wp-json\/wp\/v2\/product"}],"about":[{"href":"https:\/\/roveyayinevi.com.tr\/index.php\/wp-json\/wp\/v2\/types\/product"}],"wp:attachment":[{"href":"https:\/\/roveyayinevi.com.tr\/index.php\/wp-json\/wp\/v2\/media?parent=770453"}],"wp:term":[{"taxonomy":"product_brand","embeddable":true,"href":"https:\/\/roveyayinevi.com.tr\/index.php\/wp-json\/wp\/v2\/product_brand?post=770453"},{"taxonomy":"product_cat","embeddable":true,"href":"https:\/\/roveyayinevi.com.tr\/index.php\/wp-json\/wp\/v2\/product_cat?post=770453"},{"taxonomy":"product_tag","embeddable":true,"href":"https:\/\/roveyayinevi.com.tr\/index.php\/wp-json\/wp\/v2\/product_tag?post=770453"}],"curies":[{"name":"wp","href":"https:\/\/api.w.org\/{rel}","templated":true}]}}