{"id":770450,"date":"2025-08-28T14:30:33","date_gmt":"2025-08-28T11:30:33","guid":{"rendered":"https:\/\/roveyayinevi.com.tr\/index.php\/urun\/farkli-boyutlariyla-gumushane-ilinde-bir-arastirma-tespitler-firsatlar-ve-politika-onerileri\/"},"modified":"2026-04-15T03:37:02","modified_gmt":"2026-04-15T00:37:02","slug":"farkli-boyutlariyla-gumushane-ilinde-bir-arastirma-tespitler-firsatlar-ve-politika-onerileri","status":"publish","type":"product","link":"https:\/\/roveyayinevi.com.tr\/index.php\/urun\/farkli-boyutlariyla-gumushane-ilinde-bir-arastirma-tespitler-firsatlar-ve-politika-onerileri\/","title":{"rendered":"Farkl\u0131 Boyutlar\u0131yla G\u00fcm\u00fc\u015fhane \u0130linde Bir Ara\u015ft\u0131rma: Tespitler, F\u0131rsatlar, ve Politika \u00d6nerileri"},"content":{"rendered":"<p>\u0130\u00e7indekiler :   1. G\u00dcM\u00dc\u015eHANE \u0130L\u0130N\u0130N SOSYO-EKONOM\u0130K YAPISI   2. G\u00dcM\u00dc\u015eHANE \u0130L\u0130 \u00dcRET\u0130M, ARA\u015eTIRMA VE TEKNOLOJ\u0130 ALTYAPISI (KURUMSAL ALTYAPI)   3. G\u00dcM\u00dc\u015eHANE \u0130L\u0130 SEKT\u00d6REL G\u00d6R\u00dcN\u00dcM   4. G\u00dcM\u00dc\u015eHANE \u0130L\u0130NDE B\u0130R ARA\u015eTIRMA   5. G\u00dcM\u00dc\u015eHANE \u0130L\u0130 SWOT ANAL\u0130Z\u0130 (G\u00dc\u00c7L\u00dc Y\u00d6NLER, ZAYIF Y\u00d6NLER, FIRSATLAR VE TEHD\u0130TLER)   6. \u0130LG\u0130L\u0130 BAKANLIKLARIN, RESM\u0130 KURUM VE KURULU\u015eLARIN SA\u011eLADIKLARI \u00c7E\u015e\u0130TL\u0130 DESTEKLER   7. TESP\u0130TLER, FIRSATLAR VE POL\u0130T\u0130KA \u00d6NER\u0130LER\u0130 <\/p>\n","protected":false},"excerpt":{"rendered":"<p>\u0130\u00e7indekiler : 1. G\u00dcM\u00dc\u015eHANE \u0130L\u0130N\u0130N SOSYO-EKONOM\u0130K YAPISI 2. G\u00dcM\u00dc\u015eHANE \u0130L\u0130 \u00dcRET\u0130M, ARA\u015eTIRMA VE TEKNOLOJ\u0130 ALTYAPISI (KURUMSAL ALTYAPI) 3. G\u00dcM\u00dc\u015eHANE \u0130L\u0130 SEKT\u00d6REL G\u00d6R\u00dcN\u00dcM 4. G\u00dcM\u00dc\u015eHANE \u0130L\u0130NDE B\u0130R<span class=\"excerpt-hellip\"> [\u2026]<\/span><\/p>\n","protected":false},"featured_media":0,"template":"","meta":{"_monsterinsights_skip_tracking":false,"_monsterinsights_sitenote_active":false,"_monsterinsights_sitenote_note":"","_monsterinsights_sitenote_category":0},"product_brand":[],"product_cat":[13005,40995],"product_tag":[],"class_list":{"0":"post-770450","1":"product","2":"type-product","3":"status-publish","5":"product_cat-bilim-muhendislik","6":"product_cat-sosyal-bilimler","7":"pa_cilt-ciltsiz","8":"pa_tur-kitap","9":"pa_yayinevi-gazi-kitabevi","10":"pa_yazar-hasan-ayaydin","12":"first","13":"instock","14":"sale","15":"shipping-taxable","16":"purchasable","17":"product-type-simple"},"_links":{"self":[{"href":"https:\/\/roveyayinevi.com.tr\/index.php\/wp-json\/wp\/v2\/product\/770450","targetHints":{"allow":["GET"]}}],"collection":[{"href":"https:\/\/roveyayinevi.com.tr\/index.php\/wp-json\/wp\/v2\/product"}],"about":[{"href":"https:\/\/roveyayinevi.com.tr\/index.php\/wp-json\/wp\/v2\/types\/product"}],"wp:attachment":[{"href":"https:\/\/roveyayinevi.com.tr\/index.php\/wp-json\/wp\/v2\/media?parent=770450"}],"wp:term":[{"taxonomy":"product_brand","embeddable":true,"href":"https:\/\/roveyayinevi.com.tr\/index.php\/wp-json\/wp\/v2\/product_brand?post=770450"},{"taxonomy":"product_cat","embeddable":true,"href":"https:\/\/roveyayinevi.com.tr\/index.php\/wp-json\/wp\/v2\/product_cat?post=770450"},{"taxonomy":"product_tag","embeddable":true,"href":"https:\/\/roveyayinevi.com.tr\/index.php\/wp-json\/wp\/v2\/product_tag?post=770450"}],"curies":[{"name":"wp","href":"https:\/\/api.w.org\/{rel}","templated":true}]}}