{"id":770449,"date":"2025-08-28T14:30:32","date_gmt":"2025-08-28T11:30:32","guid":{"rendered":"https:\/\/roveyayinevi.com.tr\/index.php\/urun\/kisa-mesafe-kosuculari-icin-kan-akisi-kisitlama-bfr-antrenmani\/"},"modified":"2026-04-15T03:37:02","modified_gmt":"2026-04-15T00:37:02","slug":"kisa-mesafe-kosuculari-icin-kan-akisi-kisitlama-bfr-antrenmani","status":"publish","type":"product","link":"https:\/\/roveyayinevi.com.tr\/index.php\/urun\/kisa-mesafe-kosuculari-icin-kan-akisi-kisitlama-bfr-antrenmani\/","title":{"rendered":"K\u0131sa Mesafe Ko\u015fucular\u0131 \u0130\u00e7in Kan Ak\u0131\u015f\u0131 K\u0131s\u0131tlama (Bfr) Antrenman\u0131"},"content":{"rendered":"<p>1. Giri\u015f   2. K\u0131sa Mesafe Ko\u015fucular\u0131 i\u00e7in Kan Ak\u0131\u015f\u0131 K\u0131s\u0131tlama (BFR) Antrenman\u0131   3. BFR Antrenman\u0131 i\u00e7in Man\u015fon T\u00fcrleri ve Kullan\u0131m Y\u00f6ntemleri   4. Kan Ak\u0131\u015f\u0131 K\u0131s\u0131tlama Antrenman\u0131n Uygulama Y\u00f6ntemleri   5. BFR Antrenman\u0131 ile \u0130lgili Bilimsel Ara\u015ft\u0131rmalar   6. BFR Egzersiz \u00d6rnekleri       <\/p>\n","protected":false},"excerpt":{"rendered":"<p>1. Giri\u015f 2. K\u0131sa Mesafe Ko\u015fucular\u0131 i\u00e7in Kan Ak\u0131\u015f\u0131 K\u0131s\u0131tlama (BFR) Antrenman\u0131 3. BFR Antrenman\u0131 i\u00e7in Man\u015fon T\u00fcrleri ve Kullan\u0131m Y\u00f6ntemleri 4. Kan Ak\u0131\u015f\u0131 K\u0131s\u0131tlama Antrenman\u0131n<span class=\"excerpt-hellip\"> [\u2026]<\/span><\/p>\n","protected":false},"featured_media":0,"template":"","meta":{"_monsterinsights_skip_tracking":false,"_monsterinsights_sitenote_active":false,"_monsterinsights_sitenote_note":"","_monsterinsights_sitenote_category":0},"product_brand":[],"product_cat":[12573,12566],"product_tag":[],"class_list":{"0":"post-770449","1":"product","2":"type-product","3":"status-publish","5":"product_cat-akademik-kitaplar","6":"product_cat-egitim","7":"pa_cilt-ciltsiz","8":"pa_tur-kitap","9":"pa_yayinevi-gazi-kitabevi","10":"pa_yazar-okan-kamis","12":"first","13":"instock","14":"sale","15":"shipping-taxable","16":"purchasable","17":"product-type-simple"},"_links":{"self":[{"href":"https:\/\/roveyayinevi.com.tr\/index.php\/wp-json\/wp\/v2\/product\/770449","targetHints":{"allow":["GET"]}}],"collection":[{"href":"https:\/\/roveyayinevi.com.tr\/index.php\/wp-json\/wp\/v2\/product"}],"about":[{"href":"https:\/\/roveyayinevi.com.tr\/index.php\/wp-json\/wp\/v2\/types\/product"}],"wp:attachment":[{"href":"https:\/\/roveyayinevi.com.tr\/index.php\/wp-json\/wp\/v2\/media?parent=770449"}],"wp:term":[{"taxonomy":"product_brand","embeddable":true,"href":"https:\/\/roveyayinevi.com.tr\/index.php\/wp-json\/wp\/v2\/product_brand?post=770449"},{"taxonomy":"product_cat","embeddable":true,"href":"https:\/\/roveyayinevi.com.tr\/index.php\/wp-json\/wp\/v2\/product_cat?post=770449"},{"taxonomy":"product_tag","embeddable":true,"href":"https:\/\/roveyayinevi.com.tr\/index.php\/wp-json\/wp\/v2\/product_tag?post=770449"}],"curies":[{"name":"wp","href":"https:\/\/api.w.org\/{rel}","templated":true}]}}