{"id":770448,"date":"2025-08-28T14:30:29","date_gmt":"2025-08-28T11:30:29","guid":{"rendered":"https:\/\/roveyayinevi.com.tr\/index.php\/urun\/daragaci\/"},"modified":"2026-04-07T03:30:43","modified_gmt":"2026-04-07T00:30:43","slug":"daragaci","status":"publish","type":"product","link":"https:\/\/roveyayinevi.com.tr\/index.php\/urun\/daragaci\/","title":{"rendered":"Dara\u011fac\u0131"},"content":{"rendered":"<p>Menzilsiz bir yolculuk belki de onunki&#8230; \u201cK\u00fcn!\u201d emrini bilirsiniz de\u011fil mi Mevla\u2019n\u0131n? Olmazlar\u0131 olduran Rabbimiz, her \u015feyi K\u00fcn emri ile var eder. \u015e\u00fcphesiz babam da hep bir mu\u015ftu bekledi. Hicran nas\u0131r tuttu belki ama o hep sab\u0131rla bekledi. Bir g\u00fclistan, yani g\u00fcl bah\u00e7esi d\u00fc\u015f\u00fcn\u00fcn ve g\u00fcl olma yolunda k\u00fc\u00e7\u00fck goncalar\u0131 tahayy\u00fcl edin ve o g\u00fclistan\u0131 birilerinin ate\u015fe verdi\u011fini d\u00fc\u015f\u00fcn\u00fcn. G\u00fcl olamadan k\u00fcl olan goncalar daha \u00e7ok yakar g\u00f6renin y\u00fcre\u011fini. Ve kendi elleri ile o g\u00fcl bah\u00e7esinin ortas\u0131na bir dara\u011fac\u0131 kurar. O hale nas\u0131l geldi\u011fini kendi bile tahayy\u00fcl edemez. \u00c7\u00fcnk\u00fc gelmemi\u015ftir, getirilmi\u015ftir. G\u00fcl olmayan, g\u00fcld\u00fcrmemeye yeminli, ac\u0131mayan ve daha gonca iken bu g\u00f6n\u00fcl g\u00fclistanlar\u0131n\u0131 ate\u015fe veren herkesi salland\u0131r\u0131r y\u00fcre\u011finde. Yeni goncalar korkmadan b\u00fcy\u00fcs\u00fcn, g\u00fcl olsun diye\u2026 <\/p>\n","protected":false},"excerpt":{"rendered":"<p>Menzilsiz bir yolculuk belki de onunki&#8230; \u201cK\u00fcn!\u201d emrini bilirsiniz de\u011fil mi Mevla\u2019n\u0131n? Olmazlar\u0131 olduran Rabbimiz, her \u015feyi K\u00fcn emri ile var eder. \u015e\u00fcphesiz babam da hep<span class=\"excerpt-hellip\"> [\u2026]<\/span><\/p>\n","protected":false},"featured_media":0,"template":"","meta":{"_monsterinsights_skip_tracking":false,"_monsterinsights_sitenote_active":false,"_monsterinsights_sitenote_note":"","_monsterinsights_sitenote_category":0},"product_brand":[],"product_cat":[12291,12711],"product_tag":[],"class_list":{"0":"post-770448","1":"product","2":"type-product","3":"status-publish","5":"product_cat-edebiyat","6":"product_cat-roman-oyku","7":"pa_cilt-ciltsiz","8":"pa_tur-kitap","9":"pa_yayinevi-cinaralti-yayinlari","10":"pa_yazar-asalet-salginoglu","12":"first","13":"instock","14":"sale","15":"shipping-taxable","16":"purchasable","17":"product-type-simple"},"_links":{"self":[{"href":"https:\/\/roveyayinevi.com.tr\/index.php\/wp-json\/wp\/v2\/product\/770448","targetHints":{"allow":["GET"]}}],"collection":[{"href":"https:\/\/roveyayinevi.com.tr\/index.php\/wp-json\/wp\/v2\/product"}],"about":[{"href":"https:\/\/roveyayinevi.com.tr\/index.php\/wp-json\/wp\/v2\/types\/product"}],"wp:attachment":[{"href":"https:\/\/roveyayinevi.com.tr\/index.php\/wp-json\/wp\/v2\/media?parent=770448"}],"wp:term":[{"taxonomy":"product_brand","embeddable":true,"href":"https:\/\/roveyayinevi.com.tr\/index.php\/wp-json\/wp\/v2\/product_brand?post=770448"},{"taxonomy":"product_cat","embeddable":true,"href":"https:\/\/roveyayinevi.com.tr\/index.php\/wp-json\/wp\/v2\/product_cat?post=770448"},{"taxonomy":"product_tag","embeddable":true,"href":"https:\/\/roveyayinevi.com.tr\/index.php\/wp-json\/wp\/v2\/product_tag?post=770448"}],"curies":[{"name":"wp","href":"https:\/\/api.w.org\/{rel}","templated":true}]}}