{"id":770447,"date":"2025-08-28T14:30:27","date_gmt":"2025-08-28T11:30:27","guid":{"rendered":"https:\/\/roveyayinevi.com.tr\/index.php\/urun\/denizde-yine-mukemmel-bir-gun\/"},"modified":"2026-04-15T03:37:02","modified_gmt":"2026-04-15T00:37:02","slug":"denizde-yine-mukemmel-bir-gun","status":"publish","type":"product","link":"https:\/\/roveyayinevi.com.tr\/index.php\/urun\/denizde-yine-mukemmel-bir-gun\/","title":{"rendered":"Denizde Yine  M\u00fckemmel Bir G\u00fcn"},"content":{"rendered":"<p>Geoff Dyer \u00e7ocukken saatlerce model sava\u015f u\u00e7aklar\u0131 yap\u0131p boyard\u0131. 2011\u2019de ise bir \u00e7ocukluk r\u00fcyas\u0131n\u0131 ger\u00e7ekle\u015ftirdi ve USS George H. W. Bush adl\u0131 u\u00e7ak gemisinde iki hafta ge\u00e7irme \u015fans\u0131na eri\u015fti. Denizde Yine M\u00fckemmel Bir G\u00fcn\u2019de yazar, u\u00e7u\u015f g\u00fcvertesinin kilometrelerce uzunluktaki y\u00fcr\u00fcme yollar\u0131 ve ayr\u0131nt\u0131l\u0131 d\u00fczeninden be\u015f bin ki\u015filik m\u00fcrettebata yemek sunan mutfaklara, manc\u0131n\u0131k ve tutuklama tertibat\u0131n\u0131n sa\u011f\u0131r edici karma\u015f\u0131kl\u0131\u011f\u0131na kadar \u201cu\u00e7ak gemisi d\u00fcnyas\u0131n\u0131n\u201d rutinleri ve protokollerinde edindi\u011fi izlenimleri aktar\u0131yor. \u0130nsan\u0131 s\u00fcrekli geli\u015fmeye, daha iyisini yapmaya te\u015fvik eden Amerikan d\u00fcnyas\u0131nda \u0130ngiliz k\u00fclt\u00fcr\u00fcyle yeti\u015fmi\u015f olan yazar, gemideki g\u00fcnl\u00fck ya\u015fam\u0131 zekice kay\u0131t alt\u0131na alarak, bunun, disiplin ve uyumun, adanm\u0131\u015fl\u0131k ve iyimserli\u011fin kendini ifade etme bi\u00e7imleri haline geldi\u011fi bir toplumu anlamak i\u00e7in bir prizma oldu\u011funu ortaya koyuyor. Belli bir t\u00fcr\u00fcn kal\u0131plar\u0131na hapsedilemeyecek Denizde Yine M\u00fckemmel Bir G\u00fcn\u2019de yazar\u0131n neden \u00e7a\u011fda\u015f edebiyat\u0131n en \u00f6zg\u00fcn \u2013ve en komik\u2013 seslerinden biri olarak \u00f6v\u00fcld\u00fc\u011f\u00fc gayet iyi anla\u015f\u0131l\u0131yor. <\/p>\n","protected":false},"excerpt":{"rendered":"<p>Geoff Dyer \u00e7ocukken saatlerce model sava\u015f u\u00e7aklar\u0131 yap\u0131p boyard\u0131. 2011\u2019de ise bir \u00e7ocukluk r\u00fcyas\u0131n\u0131 ger\u00e7ekle\u015ftirdi ve USS George H. W. Bush adl\u0131 u\u00e7ak gemisinde iki hafta<span class=\"excerpt-hellip\"> [\u2026]<\/span><\/p>\n","protected":false},"featured_media":0,"template":"","meta":{"_monsterinsights_skip_tracking":false,"_monsterinsights_sitenote_active":false,"_monsterinsights_sitenote_note":"","_monsterinsights_sitenote_category":0},"product_brand":[],"product_cat":[13701,12291],"product_tag":[],"class_list":{"0":"post-770447","1":"product","2":"type-product","3":"status-publish","5":"product_cat-ani-mektup-gunluk","6":"product_cat-edebiyat","7":"pa_cilt-ciltsiz","8":"pa_tur-kitap","9":"pa_yayinevi-everest-yayinlari","10":"pa_yazar-geoff-dyer","12":"first","13":"instock","14":"sale","15":"shipping-taxable","16":"purchasable","17":"product-type-simple"},"_links":{"self":[{"href":"https:\/\/roveyayinevi.com.tr\/index.php\/wp-json\/wp\/v2\/product\/770447","targetHints":{"allow":["GET"]}}],"collection":[{"href":"https:\/\/roveyayinevi.com.tr\/index.php\/wp-json\/wp\/v2\/product"}],"about":[{"href":"https:\/\/roveyayinevi.com.tr\/index.php\/wp-json\/wp\/v2\/types\/product"}],"wp:attachment":[{"href":"https:\/\/roveyayinevi.com.tr\/index.php\/wp-json\/wp\/v2\/media?parent=770447"}],"wp:term":[{"taxonomy":"product_brand","embeddable":true,"href":"https:\/\/roveyayinevi.com.tr\/index.php\/wp-json\/wp\/v2\/product_brand?post=770447"},{"taxonomy":"product_cat","embeddable":true,"href":"https:\/\/roveyayinevi.com.tr\/index.php\/wp-json\/wp\/v2\/product_cat?post=770447"},{"taxonomy":"product_tag","embeddable":true,"href":"https:\/\/roveyayinevi.com.tr\/index.php\/wp-json\/wp\/v2\/product_tag?post=770447"}],"curies":[{"name":"wp","href":"https:\/\/api.w.org\/{rel}","templated":true}]}}