{"id":770446,"date":"2025-08-28T14:30:24","date_gmt":"2025-08-28T11:30:24","guid":{"rendered":"https:\/\/roveyayinevi.com.tr\/index.php\/urun\/mahallemdeki-insanlar\/"},"modified":"2026-04-15T03:37:02","modified_gmt":"2026-04-15T00:37:02","slug":"mahallemdeki-insanlar","status":"publish","type":"product","link":"https:\/\/roveyayinevi.com.tr\/index.php\/urun\/mahallemdeki-insanlar\/","title":{"rendered":"Mahallemdeki \u0130nsanlar"},"content":{"rendered":"<p>NPR Y\u0131l\u0131n En \u0130yi Kitab\u0131 Se\u00e7kisi 2021 Shirley Jackson \u00d6d\u00fcl\u00fc Aday\u0131   Bir hik\u00e2yeyi al\u0131n ve k\u00fc\u00e7\u00fclt\u00fcn. O kadar k\u00fc\u00e7\u00fclt\u00fcn ki avucunuza s\u0131\u011fs\u0131n. Cebinizde ta\u015f\u0131y\u0131n onu, sofran\u0131za oturtun, uykunuzda bile yan\u0131n\u0131zda dursun. Kaybetmeyin sak\u0131n zira ne zaman ihtiyac\u0131n\u0131z olaca\u011f\u0131n\u0131 bilemezsiniz. Bu k\u00fc\u00e7\u00fck \u00f6yk\u00fclerle fazlas\u0131yla tuhaf bir mahalle hayat buluyor. Kalabal\u0131k bir ailenin en k\u00fc\u00e7\u00fck \u00e7ocu\u011funa kim bakacak diye piyango \u00e7ekiliyor, ihtiyar bir adam\u0131n iki g\u00f6lgesi birbiriyle \u00e7eki\u015fiyor, bir apartman t\u00fcm sakinlerini k\u00fc\u00e7\u00fck talihsizliklerle lanetliyor, k\u00fc\u00e7\u00fck bir k\u0131z dikilecek heykelinin hayallerini kuruyor, amans\u0131z bir hastal\u0131\u011fa yakalanan insanlar yava\u015f yava\u015f g\u00fcvercine d\u00f6n\u00fc\u015f\u00fcyor, yer\u00e7ekiminin kaybolmas\u0131yla \u00e7ocuklar havada s\u00fcz\u00fcl\u00fcyor. S\u0131radan\u0131 ola\u011fan\u00fcst\u00fcne, ola\u011fan\u00fcst\u00fcn\u00fc de s\u0131radana d\u00f6n\u00fc\u015ft\u00fcren Hiromi Kawakami bizi Japonya\u2019n\u0131n en s\u0131rad\u0131\u015f\u0131 mahallelerinden birine davet ediyor. Bazen h\u0131nz\u0131r, bazen h\u00fcz\u00fcnl\u00fc ama her daim b\u00fcy\u00fcl\u00fc bir d\u00fcnyan\u0131n kap\u0131s\u0131n\u0131 aral\u0131yor. Bu mahallede herkesin bir hik\u00e2yesi var\u2026 ve her biri bir di\u011ferinden daha garip.   \u201cKawakami\u2019nin kendine \u00f6zg\u00fc zarif, korkusuz ve becerikli anlat\u0131m\u0131, en s\u0131radan\u0131 bile b\u00fcy\u00fcl\u00fc ve gizemli hik\u00e2yelere d\u00f6n\u00fc\u015ft\u00fcr\u00fcyor.\u201d \u2013TIME \u201cKawakami\u2019nin yal\u0131n \u00fcslubunun yaratt\u0131\u011f\u0131 tekinsizli\u011fi sonuna kadar hissettiren, b\u00fcy\u00fcleyici, ilgi \u00e7ekici ve ho\u015f bir kitap.\u201d \u2013KIRKUS <\/p>\n","protected":false},"excerpt":{"rendered":"<p>NPR Y\u0131l\u0131n En \u0130yi Kitab\u0131 Se\u00e7kisi 2021 Shirley Jackson \u00d6d\u00fcl\u00fc Aday\u0131 Bir hik\u00e2yeyi al\u0131n ve k\u00fc\u00e7\u00fclt\u00fcn. O kadar k\u00fc\u00e7\u00fclt\u00fcn ki avucunuza s\u0131\u011fs\u0131n. Cebinizde ta\u015f\u0131y\u0131n onu, sofran\u0131za<span class=\"excerpt-hellip\"> [\u2026]<\/span><\/p>\n","protected":false},"featured_media":0,"template":"","meta":{"_monsterinsights_skip_tracking":false,"_monsterinsights_sitenote_active":false,"_monsterinsights_sitenote_note":"","_monsterinsights_sitenote_category":0},"product_brand":[],"product_cat":[12291,12711],"product_tag":[],"class_list":{"0":"post-770446","1":"product","2":"type-product","3":"status-publish","5":"product_cat-edebiyat","6":"product_cat-roman-oyku","7":"pa_cilt-ciltsiz","8":"pa_tur-kitap","9":"pa_yayinevi-domingo-yayinevi","10":"pa_yazar-hiromi-kawakami","12":"first","13":"instock","14":"sale","15":"shipping-taxable","16":"purchasable","17":"product-type-simple"},"_links":{"self":[{"href":"https:\/\/roveyayinevi.com.tr\/index.php\/wp-json\/wp\/v2\/product\/770446","targetHints":{"allow":["GET"]}}],"collection":[{"href":"https:\/\/roveyayinevi.com.tr\/index.php\/wp-json\/wp\/v2\/product"}],"about":[{"href":"https:\/\/roveyayinevi.com.tr\/index.php\/wp-json\/wp\/v2\/types\/product"}],"wp:attachment":[{"href":"https:\/\/roveyayinevi.com.tr\/index.php\/wp-json\/wp\/v2\/media?parent=770446"}],"wp:term":[{"taxonomy":"product_brand","embeddable":true,"href":"https:\/\/roveyayinevi.com.tr\/index.php\/wp-json\/wp\/v2\/product_brand?post=770446"},{"taxonomy":"product_cat","embeddable":true,"href":"https:\/\/roveyayinevi.com.tr\/index.php\/wp-json\/wp\/v2\/product_cat?post=770446"},{"taxonomy":"product_tag","embeddable":true,"href":"https:\/\/roveyayinevi.com.tr\/index.php\/wp-json\/wp\/v2\/product_tag?post=770446"}],"curies":[{"name":"wp","href":"https:\/\/api.w.org\/{rel}","templated":true}]}}