{"id":770445,"date":"2025-08-28T14:30:22","date_gmt":"2025-08-28T11:30:22","guid":{"rendered":"https:\/\/roveyayinevi.com.tr\/index.php\/urun\/lale-i-ask\/"},"modified":"2026-04-15T03:37:02","modified_gmt":"2026-04-15T00:37:02","slug":"lale-i-ask","status":"publish","type":"product","link":"https:\/\/roveyayinevi.com.tr\/index.php\/urun\/lale-i-ask\/","title":{"rendered":"Lale-i A\u015fk"},"content":{"rendered":"<p>Evvela hep birlikte \u00f6yk\u00fc kavram\u0131n\u0131 hat\u0131rlayal\u0131m. \u00d6yk\u00fc ya da hik\u00e2ye, ger\u00e7ek hayatta ya\u015fanm\u0131\u015f ya da tasarlanm\u0131\u015f bir olay\u0131 dikkati celbedecek tarzda k\u0131sa ve \u00f6z anlatan yaz\u0131 t\u00fcr\u00fcd\u00fcr. Anlat\u0131mda yo\u011funluk ve doluluk olmas\u0131 \u015fartt\u0131r. Olay \u00f6rg\u00fcs\u00fc, romandan daha az say\u0131da mevcut olmas\u0131 gereken \u015fah\u0131slar, \u00e7arp\u0131c\u0131 konu\u015fmalar ve daha neler neler; ac\u0131kl\u0131 veyahut sevindirici sonlar\u2026 Kolay de\u011fil ve zannederim ki hepiniz bu hususta benimle hemfikirsiniz. Hik\u00e2ye (\u062d\u0650\u0643\u064e\u0627\u064a\u064e\u0629\u064c) kelimesinin T\u00fcrk\u00e7eye Arap\u00e7adan ge\u00e7ti\u011fini biliyoruz. Yazar\u0131n bu eserinde hem durum hem olay hik\u00e2yesine rastlamaktay\u0131z, her iki nevide de \u00f6yk\u00fcler kaleme alm\u0131\u015ft\u0131r kendileri. \u00d6yk\u00fclerini ba\u015far\u0131l\u0131, hissiyatla dolu ve tasvir edici buluyorum, devam\u0131n\u0131n gelmesini de c\u00e2n-\u0131 g\u00f6n\u00fclden bekliyorum. G\u00f6nl\u00fcn\u00fcn \u015fiire daha fazla meyletti\u011fini bilsem dahi farkl\u0131l\u0131klar onun kalemine g\u00fc\u00e7 kat\u0131p m\u00fcellif h\u00fcviyetini de \u00e7ok y\u00f6nl\u00fc k\u0131lacakt\u0131r. Yazar\u0131m\u0131z\u0131n yazarl\u0131k tutkusunun \u00f6mr\u00fc boyunca devam etmesini, d\u00fc\u015f, d\u00fc\u015f\u00fcnce ve duygular\u0131n\u0131 yaz\u0131ya d\u00f6kmekten vazge\u00e7memesini temenni ediyor; kendilerini daha nice g\u00fczide eserlerini ne\u015frederken g\u00f6rmeyi diliyor ve \u015fu iki \u00e2yet-i cel\u00eele ile yaz\u0131m\u0131z\u0131 noktalamak istiyorum: \u0648\u064e\u0644\u064e\u0627 \u062a\u064e\u0642\u064f\u0648\u0644\u064e\u0646\u0651\u064e \u0644\u0650\u0634\u064e\u0627\u064a\u0652\u0621\u064d \u0627\u0650\u0646\u0651\u0650\u0640\u064a \u0641\u064e\u0627\u0639\u0650\u0644\u064c \u0630\u0670\u0644\u0650\u0643\u064e \u063a\u064e\u062f\u0627\u064b\u06d9 \ufd3f\u0662\u0663\ufd3e \u0627\u0650\u0644\u0651\u064e\u0653\u0627 \u0627\u064e\u0646\u0652 \u064a\u064e\u0634\u064e\u0653\u0627\u0621\u064e \u0627\u0644\u0644\u0651\u0670\u0647\u064f\u0617 \u0648\u064e\u0627\u0630\u0652\u0643\u064f\u0631\u0652 \u0631\u064e\u0628\u0651\u064e\u0643\u064e \u0627\u0650\u0630\u064e\u0627 \u0646\u064e\u0633\u0650\u064a\u062a\u064e \u0648\u064e\u0642\u064f\u0644\u0652 \u0639\u064e\u0633\u0670\u0653\u0649 \u0627\u064e\u0646\u0652 \u064a\u064e\u0647\u0652\u062f\u0650\u064a\u064e\u0646\u0650 \u0631\u064e\u0628\u0651\u0650\u0640\u064a \u0644\u0650\u0627\u064e\u0642\u0652\u0631\u064e\u0628\u064e \u0645\u0650\u0646\u0652 \u0647\u0670\u0630\u064e\u0627 \u0631\u064e\u0634\u064e\u062f\u0627\u064b \ufd3f\u0662\u0664\ufd3e \u201cAll\u00e2h dilerse (in\u015fallah)\u201d demeden hi\u00e7bir \u015fey i\u00e7in, \u201c\u015eu i\u015fi yar\u0131n yapaca\u011f\u0131m\u201d deme! Unuttu\u011fun takdirde Rabb\u2019ini an ve \u201cUmar\u0131m Rabb\u2019im bana, do\u011fruya bundan daha yak\u0131n yolu g\u00f6sterir\u201d de (Kehf S\u00fbresi, 18\/23-24). <\/p>\n","protected":false},"excerpt":{"rendered":"<p>Evvela hep birlikte \u00f6yk\u00fc kavram\u0131n\u0131 hat\u0131rlayal\u0131m. \u00d6yk\u00fc ya da hik\u00e2ye, ger\u00e7ek hayatta ya\u015fanm\u0131\u015f ya da tasarlanm\u0131\u015f bir olay\u0131 dikkati celbedecek tarzda k\u0131sa ve \u00f6z anlatan yaz\u0131<span class=\"excerpt-hellip\"> [\u2026]<\/span><\/p>\n","protected":false},"featured_media":0,"template":"","meta":{"_monsterinsights_skip_tracking":false,"_monsterinsights_sitenote_active":false,"_monsterinsights_sitenote_note":"","_monsterinsights_sitenote_category":0},"product_brand":[],"product_cat":[12291,12509],"product_tag":[],"class_list":{"0":"post-770445","1":"product","2":"type-product","3":"status-publish","5":"product_cat-edebiyat","6":"product_cat-siir","7":"pa_cilt-ciltsiz","8":"pa_tur-kitap","9":"pa_yayinevi-omca-yayinlari","10":"pa_yazar-rabie-rusid","12":"first","13":"instock","14":"sale","15":"shipping-taxable","16":"purchasable","17":"product-type-simple"},"_links":{"self":[{"href":"https:\/\/roveyayinevi.com.tr\/index.php\/wp-json\/wp\/v2\/product\/770445","targetHints":{"allow":["GET"]}}],"collection":[{"href":"https:\/\/roveyayinevi.com.tr\/index.php\/wp-json\/wp\/v2\/product"}],"about":[{"href":"https:\/\/roveyayinevi.com.tr\/index.php\/wp-json\/wp\/v2\/types\/product"}],"wp:attachment":[{"href":"https:\/\/roveyayinevi.com.tr\/index.php\/wp-json\/wp\/v2\/media?parent=770445"}],"wp:term":[{"taxonomy":"product_brand","embeddable":true,"href":"https:\/\/roveyayinevi.com.tr\/index.php\/wp-json\/wp\/v2\/product_brand?post=770445"},{"taxonomy":"product_cat","embeddable":true,"href":"https:\/\/roveyayinevi.com.tr\/index.php\/wp-json\/wp\/v2\/product_cat?post=770445"},{"taxonomy":"product_tag","embeddable":true,"href":"https:\/\/roveyayinevi.com.tr\/index.php\/wp-json\/wp\/v2\/product_tag?post=770445"}],"curies":[{"name":"wp","href":"https:\/\/api.w.org\/{rel}","templated":true}]}}