{"id":770443,"date":"2025-08-28T14:30:18","date_gmt":"2025-08-28T11:30:18","guid":{"rendered":"https:\/\/roveyayinevi.com.tr\/index.php\/urun\/not-defteri-ii\/"},"modified":"2026-04-15T03:37:02","modified_gmt":"2026-04-15T00:37:02","slug":"not-defteri-ii","status":"publish","type":"product","link":"https:\/\/roveyayinevi.com.tr\/index.php\/urun\/not-defteri-ii\/","title":{"rendered":"Not Defteri &#8211; II"},"content":{"rendered":"<p>SANA MECBURUM Hani k\u0131\u015f a\u011flar ya Bahar gelirken Hani hayat uyan\u0131r ya Karlar erirken Hani toprak kokar ya Suyu duman duman bulutlara y\u00fcr\u00fcrken \u00d6yle bir \u015feyler var i\u00e7imde k\u0131p\u0131r k\u0131p\u0131r Ya\u011fmur damlalar\u0131n\u0131n sudaki halkalar\u0131 gibi \u0130\u00e7 i\u00e7e geni\u015fleyen Denizdeki dalgalar gibi Oyna\u015ft\u0131k\u00e7a b\u00fcy\u00fcyen \u015eim\u015fek \u00e7akt\u0131k\u00e7a homurdayan G\u00f6k g\u00fcr\u00fclt\u00fcs\u00fc gibi \u00d6ylesine \u015feyler y\u00fcre\u011fimde tutkulu \u0130\u015fte \u00f6yle \u015feyler seninle dolu \u00d6ylesine i\u015fte T\u00fcrkiye\u2019m Anl\u0131yor musun? Sana mecburum biliyor musun?   Dr. Harunhan Remzi \u00d6ZT\u00dcRK <\/p>\n","protected":false},"excerpt":{"rendered":"<p>SANA MECBURUM Hani k\u0131\u015f a\u011flar ya Bahar gelirken Hani hayat uyan\u0131r ya Karlar erirken Hani toprak kokar ya Suyu duman duman bulutlara y\u00fcr\u00fcrken \u00d6yle bir \u015feyler<span class=\"excerpt-hellip\"> [\u2026]<\/span><\/p>\n","protected":false},"featured_media":0,"template":"","meta":{"_monsterinsights_skip_tracking":false,"_monsterinsights_sitenote_active":false,"_monsterinsights_sitenote_note":"","_monsterinsights_sitenote_category":0},"product_brand":[],"product_cat":[12777,12291],"product_tag":[],"class_list":{"0":"post-770443","1":"product","2":"type-product","3":"status-publish","5":"product_cat-deneme","6":"product_cat-edebiyat","7":"pa_cilt-ciltsiz","8":"pa_tur-kitap","9":"pa_yayinevi-omca-yayinlari","10":"pa_yazar-harunhan-remzi-ozturk","12":"first","13":"instock","14":"sale","15":"shipping-taxable","16":"purchasable","17":"product-type-simple"},"_links":{"self":[{"href":"https:\/\/roveyayinevi.com.tr\/index.php\/wp-json\/wp\/v2\/product\/770443","targetHints":{"allow":["GET"]}}],"collection":[{"href":"https:\/\/roveyayinevi.com.tr\/index.php\/wp-json\/wp\/v2\/product"}],"about":[{"href":"https:\/\/roveyayinevi.com.tr\/index.php\/wp-json\/wp\/v2\/types\/product"}],"wp:attachment":[{"href":"https:\/\/roveyayinevi.com.tr\/index.php\/wp-json\/wp\/v2\/media?parent=770443"}],"wp:term":[{"taxonomy":"product_brand","embeddable":true,"href":"https:\/\/roveyayinevi.com.tr\/index.php\/wp-json\/wp\/v2\/product_brand?post=770443"},{"taxonomy":"product_cat","embeddable":true,"href":"https:\/\/roveyayinevi.com.tr\/index.php\/wp-json\/wp\/v2\/product_cat?post=770443"},{"taxonomy":"product_tag","embeddable":true,"href":"https:\/\/roveyayinevi.com.tr\/index.php\/wp-json\/wp\/v2\/product_tag?post=770443"}],"curies":[{"name":"wp","href":"https:\/\/api.w.org\/{rel}","templated":true}]}}