{"id":770438,"date":"2025-08-28T14:30:08","date_gmt":"2025-08-28T11:30:08","guid":{"rendered":"https:\/\/roveyayinevi.com.tr\/index.php\/urun\/beden-egitimi-ve-spor-egitiminde-genel-ve-pedagojik-alan-bilgisi-ogretim-kalitesinin-artirilmasi\/"},"modified":"2026-04-15T03:37:02","modified_gmt":"2026-04-15T00:37:02","slug":"beden-egitimi-ve-spor-egitiminde-genel-ve-pedagojik-alan-bilgisi-ogretim-kalitesinin-artirilmasi","status":"publish","type":"product","link":"https:\/\/roveyayinevi.com.tr\/index.php\/urun\/beden-egitimi-ve-spor-egitiminde-genel-ve-pedagojik-alan-bilgisi-ogretim-kalitesinin-artirilmasi\/","title":{"rendered":"Beden E\u011fitimi ve Spor E\u011fitiminde Genel ve Pedagojik Alan Bilgisi: \u00d6\u011fretim Kalitesinin Art\u0131r\u0131lmas\u0131"},"content":{"rendered":"<p>B\u00d6L\u00dcM I: Giri\u015f               B\u00d6L\u00dcM II: Literat\u00fcr\u00fcn g\u00f6zden ge\u00e7irilmesi          B\u00d6L\u00dcM III: Y\u00f6ntem          B\u00d6L\u00dcM IV: Sonu\u00e7lar          B\u00d6L\u00dcM V: Tart\u0131\u015fma ve Sonu\u00e7 <\/p>\n","protected":false},"excerpt":{"rendered":"<p>B\u00d6L\u00dcM I: Giri\u015f B\u00d6L\u00dcM II: Literat\u00fcr\u00fcn g\u00f6zden ge\u00e7irilmesi B\u00d6L\u00dcM III: Y\u00f6ntem B\u00d6L\u00dcM IV: Sonu\u00e7lar B\u00d6L\u00dcM V: Tart\u0131\u015fma ve Sonu\u00e7<\/p>\n","protected":false},"featured_media":0,"template":"","meta":{"_monsterinsights_skip_tracking":false,"_monsterinsights_sitenote_active":false,"_monsterinsights_sitenote_note":"","_monsterinsights_sitenote_category":0},"product_brand":[],"product_cat":[12573,12566],"product_tag":[],"class_list":{"0":"post-770438","1":"product","2":"type-product","3":"status-publish","5":"product_cat-akademik-kitaplar","6":"product_cat-egitim","7":"pa_cilt-ciltsiz","8":"pa_tur-kitap","9":"pa_yayinevi-gazi-kitabevi","10":"pa_yazar-mehmet-asma","12":"first","13":"instock","14":"sale","15":"shipping-taxable","16":"purchasable","17":"product-type-simple"},"_links":{"self":[{"href":"https:\/\/roveyayinevi.com.tr\/index.php\/wp-json\/wp\/v2\/product\/770438","targetHints":{"allow":["GET"]}}],"collection":[{"href":"https:\/\/roveyayinevi.com.tr\/index.php\/wp-json\/wp\/v2\/product"}],"about":[{"href":"https:\/\/roveyayinevi.com.tr\/index.php\/wp-json\/wp\/v2\/types\/product"}],"wp:attachment":[{"href":"https:\/\/roveyayinevi.com.tr\/index.php\/wp-json\/wp\/v2\/media?parent=770438"}],"wp:term":[{"taxonomy":"product_brand","embeddable":true,"href":"https:\/\/roveyayinevi.com.tr\/index.php\/wp-json\/wp\/v2\/product_brand?post=770438"},{"taxonomy":"product_cat","embeddable":true,"href":"https:\/\/roveyayinevi.com.tr\/index.php\/wp-json\/wp\/v2\/product_cat?post=770438"},{"taxonomy":"product_tag","embeddable":true,"href":"https:\/\/roveyayinevi.com.tr\/index.php\/wp-json\/wp\/v2\/product_tag?post=770438"}],"curies":[{"name":"wp","href":"https:\/\/api.w.org\/{rel}","templated":true}]}}