{"id":770437,"date":"2025-08-28T14:30:06","date_gmt":"2025-08-28T11:30:06","guid":{"rendered":"https:\/\/roveyayinevi.com.tr\/index.php\/urun\/uygur-turkleri-arasinda-imam-cafer-i-sadik\/"},"modified":"2026-04-15T03:37:02","modified_gmt":"2026-04-15T00:37:02","slug":"uygur-turkleri-arasinda-imam-cafer-i-sadik","status":"publish","type":"product","link":"https:\/\/roveyayinevi.com.tr\/index.php\/urun\/uygur-turkleri-arasinda-imam-cafer-i-sadik\/","title":{"rendered":"Uygur T\u00fcrkleri Aras\u0131nda \u0130mam Cafer-i Sad\u0131k"},"content":{"rendered":"<p>B\u0130R\u0130NC\u0130 B\u00d6L\u00dcM  UYGUR T\u00dcRKLER\u0130NDE \u0130MAM TASAVVURU        \u0130K\u0130NC\u0130 B\u00d6L\u00dcM  \u0130MAM CAFER-\u0130 S\u00c2DIK TEZK\u0130RES\u0130   \u00dc\u00c7\u00dcNC\u00dc B\u00d6L\u00dcM  \u0130MAM CAFER-\u0130 S\u00c2DIK DESTANI   D\u00d6RD\u00dcNC\u00dc B\u00d6L\u00dcM TRANSKR\u0130PS\u0130YONLU MET\u0130NLER <\/p>\n","protected":false},"excerpt":{"rendered":"<p>B\u0130R\u0130NC\u0130 B\u00d6L\u00dcM UYGUR T\u00dcRKLER\u0130NDE \u0130MAM TASAVVURU \u0130K\u0130NC\u0130 B\u00d6L\u00dcM \u0130MAM CAFER-\u0130 S\u00c2DIK TEZK\u0130RES\u0130 \u00dc\u00c7\u00dcNC\u00dc B\u00d6L\u00dcM \u0130MAM CAFER-\u0130 S\u00c2DIK DESTANI D\u00d6RD\u00dcNC\u00dc B\u00d6L\u00dcM TRANSKR\u0130PS\u0130YONLU MET\u0130NLER<\/p>\n","protected":false},"featured_media":0,"template":"","meta":{"_monsterinsights_skip_tracking":false,"_monsterinsights_sitenote_active":false,"_monsterinsights_sitenote_note":"","_monsterinsights_sitenote_category":0},"product_brand":[],"product_cat":[13036,12718,12719],"product_tag":[],"class_list":{"0":"post-770437","1":"product","2":"type-product","3":"status-publish","5":"product_cat-arastirma-inceleme-islam","6":"product_cat-din","7":"product_cat-islam","8":"pa_cilt-ciltsiz","9":"pa_tur-kitap","10":"pa_yayinevi-gazi-kitabevi","11":"pa_yazar-tugba-gonel-sonmez","13":"first","14":"instock","15":"sale","16":"shipping-taxable","17":"purchasable","18":"product-type-simple"},"_links":{"self":[{"href":"https:\/\/roveyayinevi.com.tr\/index.php\/wp-json\/wp\/v2\/product\/770437","targetHints":{"allow":["GET"]}}],"collection":[{"href":"https:\/\/roveyayinevi.com.tr\/index.php\/wp-json\/wp\/v2\/product"}],"about":[{"href":"https:\/\/roveyayinevi.com.tr\/index.php\/wp-json\/wp\/v2\/types\/product"}],"wp:attachment":[{"href":"https:\/\/roveyayinevi.com.tr\/index.php\/wp-json\/wp\/v2\/media?parent=770437"}],"wp:term":[{"taxonomy":"product_brand","embeddable":true,"href":"https:\/\/roveyayinevi.com.tr\/index.php\/wp-json\/wp\/v2\/product_brand?post=770437"},{"taxonomy":"product_cat","embeddable":true,"href":"https:\/\/roveyayinevi.com.tr\/index.php\/wp-json\/wp\/v2\/product_cat?post=770437"},{"taxonomy":"product_tag","embeddable":true,"href":"https:\/\/roveyayinevi.com.tr\/index.php\/wp-json\/wp\/v2\/product_tag?post=770437"}],"curies":[{"name":"wp","href":"https:\/\/api.w.org\/{rel}","templated":true}]}}