{"id":770433,"date":"2025-08-28T14:29:59","date_gmt":"2025-08-28T11:29:59","guid":{"rendered":"https:\/\/roveyayinevi.com.tr\/index.php\/urun\/demokratik-muhalefet-1960-1980-donemi-turk-siyaseti-uzerine-bir-analiz\/"},"modified":"2026-04-15T03:37:02","modified_gmt":"2026-04-15T00:37:02","slug":"demokratik-muhalefet-1960-1980-donemi-turk-siyaseti-uzerine-bir-analiz","status":"publish","type":"product","link":"https:\/\/roveyayinevi.com.tr\/index.php\/urun\/demokratik-muhalefet-1960-1980-donemi-turk-siyaseti-uzerine-bir-analiz\/","title":{"rendered":"Demokratik Muhalefet 1960-1980 D\u00f6nemi T\u00fcrk Siyaseti \u00dczerine Bir Analiz"},"content":{"rendered":"<p>1. B\u00d6L\u00dcM: S\u0130YASAL MUHALEFET VE DEMOKRAS\u0130 \u0130L\u0130\u015eK\u0130S\u0130          2. B\u00d6L\u00dcM: T\u00dcRK S\u0130YASAL HAYATINDA MUHALEFET GELENE\u011e\u0130          3. B\u00d6L\u00dcM: \u201cDEMOKRAT\u0130K MUHALEFET OLGUSU\u201d \u00dcZER\u0130NE B\u0130R ANAL\u0130Z             (1960-1980 D\u00d6NEM\u0130) <\/p>\n","protected":false},"excerpt":{"rendered":"<p>1. B\u00d6L\u00dcM: S\u0130YASAL MUHALEFET VE DEMOKRAS\u0130 \u0130L\u0130\u015eK\u0130S\u0130 2. B\u00d6L\u00dcM: T\u00dcRK S\u0130YASAL HAYATINDA MUHALEFET GELENE\u011e\u0130 3. B\u00d6L\u00dcM: \u201cDEMOKRAT\u0130K MUHALEFET OLGUSU\u201d \u00dcZER\u0130NE B\u0130R ANAL\u0130Z (1960-1980 D\u00d6NEM\u0130)<\/p>\n","protected":false},"featured_media":0,"template":"","meta":{"_monsterinsights_skip_tracking":false,"_monsterinsights_sitenote_active":false,"_monsterinsights_sitenote_note":"","_monsterinsights_sitenote_category":0},"product_brand":[],"product_cat":[12337,14543],"product_tag":[],"class_list":{"0":"post-770433","1":"product","2":"type-product","3":"status-publish","5":"product_cat-politika-siyaset","6":"product_cat-turkiye-siyaseti-ve-politikasi","7":"pa_cilt-ciltsiz","8":"pa_tur-kitap","9":"pa_yayinevi-gazi-kitabevi","10":"pa_yazar-mehmet-duyar","12":"first","13":"instock","14":"sale","15":"shipping-taxable","16":"purchasable","17":"product-type-simple"},"_links":{"self":[{"href":"https:\/\/roveyayinevi.com.tr\/index.php\/wp-json\/wp\/v2\/product\/770433","targetHints":{"allow":["GET"]}}],"collection":[{"href":"https:\/\/roveyayinevi.com.tr\/index.php\/wp-json\/wp\/v2\/product"}],"about":[{"href":"https:\/\/roveyayinevi.com.tr\/index.php\/wp-json\/wp\/v2\/types\/product"}],"wp:attachment":[{"href":"https:\/\/roveyayinevi.com.tr\/index.php\/wp-json\/wp\/v2\/media?parent=770433"}],"wp:term":[{"taxonomy":"product_brand","embeddable":true,"href":"https:\/\/roveyayinevi.com.tr\/index.php\/wp-json\/wp\/v2\/product_brand?post=770433"},{"taxonomy":"product_cat","embeddable":true,"href":"https:\/\/roveyayinevi.com.tr\/index.php\/wp-json\/wp\/v2\/product_cat?post=770433"},{"taxonomy":"product_tag","embeddable":true,"href":"https:\/\/roveyayinevi.com.tr\/index.php\/wp-json\/wp\/v2\/product_tag?post=770433"}],"curies":[{"name":"wp","href":"https:\/\/api.w.org\/{rel}","templated":true}]}}