{"id":770432,"date":"2025-08-28T14:29:57","date_gmt":"2025-08-28T11:29:57","guid":{"rendered":"https:\/\/roveyayinevi.com.tr\/index.php\/urun\/kadin-psikolojisi-normal-ve-anormal\/"},"modified":"2026-04-15T03:37:02","modified_gmt":"2026-04-15T00:37:02","slug":"kadin-psikolojisi-normal-ve-anormal","status":"publish","type":"product","link":"https:\/\/roveyayinevi.com.tr\/index.php\/urun\/kadin-psikolojisi-normal-ve-anormal\/","title":{"rendered":"Kad\u0131n Psikolojisi Normal Ve Anormal"},"content":{"rendered":"<p>\u0130\u00e7indekiler :   1.B\u00f6l\u00fcm: Kad\u0131n Bedeni   2.B\u00f6l\u00fcm: Kad\u0131n\u0131n Ya\u015fam Boyu Geli\u015fimi   3.B\u00f6l\u00fcm: Bili\u015fsel \u0130\u015flevlerle ilgili Cinsiyet Kal\u0131p Yarg\u0131lar\u0131 ve Kad\u0131nlar\u0131n Bili\u015fsel Performans\u0131   4.B\u00f6l\u00fcm: \u201cKad\u0131na \u015eiddet\u201d Yerine Bir Yakla\u015f\u0131m Farkl\u0131l\u0131\u011f\u0131 Olarak \u201c\u015eiddete U\u011fram\u0131\u015f Kad\u0131n\u201d   5.B\u00f6l\u00fcm: Sosyal ve Ele\u015ftirel Psikoloji Perspektifinden Kad\u0131n Olmak   6.B\u00f6l\u00fcm: Kad\u0131n Alg\u0131s\u0131n\u0131n Medyada Psikolojik \u0130n\u015fas\u0131   7.B\u00f6l\u00fcm: Geli\u015fimsel Psikopatoloji ve Cinsiyet: K\u0131z \u00c7ocuklar\u0131n\u0131 Anlamak   8.B\u00f6l\u00fcm: Nesnele\u015ftirme Kuram\u0131 I\u015f\u0131\u011f\u0131nda Kad\u0131n Olmak   9.B\u00f6l\u00fcm: Kad\u0131nlarda G\u00f6r\u00fclen Psikiyatrik Hastal\u0131klar     \u0130\u00e7indekiler :   1.B\u00f6l\u00fcm: Kad\u0131n Bedeni   2.B\u00f6l\u00fcm: Kad\u0131n\u0131n Ya\u015fam Boyu Geli\u015fimi   3.B\u00f6l\u00fcm: Bili\u015fsel \u0130\u015flevlerle ilgili Cinsiyet Kal\u0131p Yarg\u0131lar\u0131 ve Kad\u0131nlar\u0131n Bili\u015fsel Performans\u0131   4.B\u00f6l\u00fcm: \u201cKad\u0131na \u015eiddet\u201d Yerine Bir Yakla\u015f\u0131m Farkl\u0131l\u0131\u011f\u0131 Olarak \u201c\u015eiddete U\u011fram\u0131\u015f Kad\u0131n\u201d   5.B\u00f6l\u00fcm: Sosyal ve Ele\u015ftirel Psikoloji Perspektifinden Kad\u0131n Olmak   6.B\u00f6l\u00fcm: Kad\u0131n Alg\u0131s\u0131n\u0131n Medyada Psikolojik \u0130n\u015fas\u0131   7.B\u00f6l\u00fcm: Geli\u015fimsel Psikopatoloji ve Cinsiyet: K\u0131z \u00c7ocuklar\u0131n\u0131 Anlamak   8.B\u00f6l\u00fcm: Nesnele\u015ftirme Kuram\u0131 I\u015f\u0131\u011f\u0131nda Kad\u0131n Olmak   9.B\u00f6l\u00fcm: Kad\u0131nlarda G\u00f6r\u00fclen Psikiyatrik Hastal\u0131klar <\/p>\n","protected":false},"excerpt":{"rendered":"<p>\u0130\u00e7indekiler : 1.B\u00f6l\u00fcm: Kad\u0131n Bedeni 2.B\u00f6l\u00fcm: Kad\u0131n\u0131n Ya\u015fam Boyu Geli\u015fimi 3.B\u00f6l\u00fcm: Bili\u015fsel \u0130\u015flevlerle ilgili Cinsiyet Kal\u0131p Yarg\u0131lar\u0131 ve Kad\u0131nlar\u0131n Bili\u015fsel Performans\u0131 4.B\u00f6l\u00fcm: \u201cKad\u0131na \u015eiddet\u201d Yerine Bir<span class=\"excerpt-hellip\"> [\u2026]<\/span><\/p>\n","protected":false},"featured_media":0,"template":"","meta":{"_monsterinsights_skip_tracking":false,"_monsterinsights_sitenote_active":false,"_monsterinsights_sitenote_note":"","_monsterinsights_sitenote_category":0},"product_brand":[],"product_cat":[13005,40995],"product_tag":[],"class_list":{"0":"post-770432","1":"product","2":"type-product","3":"status-publish","5":"product_cat-bilim-muhendislik","6":"product_cat-sosyal-bilimler","7":"pa_cilt-ciltsiz","8":"pa_tur-kitap","9":"pa_yayinevi-gazi-kitabevi","10":"pa_yazar-kolektif","12":"first","13":"instock","14":"sale","15":"shipping-taxable","16":"purchasable","17":"product-type-simple"},"_links":{"self":[{"href":"https:\/\/roveyayinevi.com.tr\/index.php\/wp-json\/wp\/v2\/product\/770432","targetHints":{"allow":["GET"]}}],"collection":[{"href":"https:\/\/roveyayinevi.com.tr\/index.php\/wp-json\/wp\/v2\/product"}],"about":[{"href":"https:\/\/roveyayinevi.com.tr\/index.php\/wp-json\/wp\/v2\/types\/product"}],"wp:attachment":[{"href":"https:\/\/roveyayinevi.com.tr\/index.php\/wp-json\/wp\/v2\/media?parent=770432"}],"wp:term":[{"taxonomy":"product_brand","embeddable":true,"href":"https:\/\/roveyayinevi.com.tr\/index.php\/wp-json\/wp\/v2\/product_brand?post=770432"},{"taxonomy":"product_cat","embeddable":true,"href":"https:\/\/roveyayinevi.com.tr\/index.php\/wp-json\/wp\/v2\/product_cat?post=770432"},{"taxonomy":"product_tag","embeddable":true,"href":"https:\/\/roveyayinevi.com.tr\/index.php\/wp-json\/wp\/v2\/product_tag?post=770432"}],"curies":[{"name":"wp","href":"https:\/\/api.w.org\/{rel}","templated":true}]}}