{"id":770431,"date":"2025-08-28T14:29:56","date_gmt":"2025-08-28T11:29:56","guid":{"rendered":"https:\/\/roveyayinevi.com.tr\/index.php\/urun\/kisilik-ozellikleri-satin-alma-davranisini-etkiler-mi\/"},"modified":"2026-04-15T03:37:02","modified_gmt":"2026-04-15T00:37:02","slug":"kisilik-ozellikleri-satin-alma-davranisini-etkiler-mi","status":"publish","type":"product","link":"https:\/\/roveyayinevi.com.tr\/index.php\/urun\/kisilik-ozellikleri-satin-alma-davranisini-etkiler-mi\/","title":{"rendered":"Ki\u015filik \u00d6zellikleri Sat\u0131n Alma Davran\u0131\u015f\u0131n\u0131 Etkiler Mi ?"},"content":{"rendered":"<p>\u0130\u00e7indekiler :            1. G\u0130R\u0130\u015e          2. K\u0130\u015e\u0130L\u0130K VE BE\u015e B\u00dcY\u00dcK K\u0130\u015e\u0130L\u0130K FAKT\u00d6R\u00dc          3. T\u00dcKET\u0130C\u0130 SATIN ALMA DAVRANI\u015eI          4. BE\u015e B\u00dcY\u00dcK K\u0130\u015e\u0130L\u0130K FAKT\u00d6R\u00dcN\u00dcN T\u00dcKET\u0130C\u0130 SATIN ALMA DAVRANI\u015eINA             ETK\u0130S\u0130          5. SONU\u00c7 VE \u00d6NER\u0130LER <\/p>\n","protected":false},"excerpt":{"rendered":"<p>\u0130\u00e7indekiler : 1. G\u0130R\u0130\u015e 2. K\u0130\u015e\u0130L\u0130K VE BE\u015e B\u00dcY\u00dcK K\u0130\u015e\u0130L\u0130K FAKT\u00d6R\u00dc 3. T\u00dcKET\u0130C\u0130 SATIN ALMA DAVRANI\u015eI 4. BE\u015e B\u00dcY\u00dcK K\u0130\u015e\u0130L\u0130K FAKT\u00d6R\u00dcN\u00dcN T\u00dcKET\u0130C\u0130 SATIN ALMA DAVRANI\u015eINA ETK\u0130S\u0130<span class=\"excerpt-hellip\"> [\u2026]<\/span><\/p>\n","protected":false},"featured_media":0,"template":"","meta":{"_monsterinsights_skip_tracking":false,"_monsterinsights_sitenote_active":false,"_monsterinsights_sitenote_note":"","_monsterinsights_sitenote_category":0},"product_brand":[],"product_cat":[13043],"product_tag":[],"class_list":{"0":"post-770431","1":"product","2":"type-product","3":"status-publish","5":"product_cat-ekonomi","6":"pa_cilt-ciltsiz","7":"pa_tur-kitap","8":"pa_yayinevi-gazi-kitabevi","9":"pa_yazar-nurcan-yucel-onur-yildiz","11":"first","12":"instock","13":"sale","14":"shipping-taxable","15":"purchasable","16":"product-type-simple"},"_links":{"self":[{"href":"https:\/\/roveyayinevi.com.tr\/index.php\/wp-json\/wp\/v2\/product\/770431","targetHints":{"allow":["GET"]}}],"collection":[{"href":"https:\/\/roveyayinevi.com.tr\/index.php\/wp-json\/wp\/v2\/product"}],"about":[{"href":"https:\/\/roveyayinevi.com.tr\/index.php\/wp-json\/wp\/v2\/types\/product"}],"wp:attachment":[{"href":"https:\/\/roveyayinevi.com.tr\/index.php\/wp-json\/wp\/v2\/media?parent=770431"}],"wp:term":[{"taxonomy":"product_brand","embeddable":true,"href":"https:\/\/roveyayinevi.com.tr\/index.php\/wp-json\/wp\/v2\/product_brand?post=770431"},{"taxonomy":"product_cat","embeddable":true,"href":"https:\/\/roveyayinevi.com.tr\/index.php\/wp-json\/wp\/v2\/product_cat?post=770431"},{"taxonomy":"product_tag","embeddable":true,"href":"https:\/\/roveyayinevi.com.tr\/index.php\/wp-json\/wp\/v2\/product_tag?post=770431"}],"curies":[{"name":"wp","href":"https:\/\/api.w.org\/{rel}","templated":true}]}}