{"id":770430,"date":"2025-08-28T14:29:54","date_gmt":"2025-08-28T11:29:54","guid":{"rendered":"https:\/\/roveyayinevi.com.tr\/index.php\/urun\/su-muhasebesi-istanbula-su-saglayan-havzalarda-su-kullaniminin-degerlendirilmesi\/"},"modified":"2026-04-15T03:37:02","modified_gmt":"2026-04-15T00:37:02","slug":"su-muhasebesi-istanbula-su-saglayan-havzalarda-su-kullaniminin-degerlendirilmesi","status":"publish","type":"product","link":"https:\/\/roveyayinevi.com.tr\/index.php\/urun\/su-muhasebesi-istanbula-su-saglayan-havzalarda-su-kullaniminin-degerlendirilmesi\/","title":{"rendered":"Su Muhasebesi \u0130stanbul\u2019a Su Sa\u011flayan Havzalarda Su Kullan\u0131m\u0131n\u0131n De\u011ferlendirilmesi"},"content":{"rendered":"<p>\u0130\u00e7indekiler :            1. G\u0130R\u0130\u015e          2. KAVRAMSAL \u00c7ER\u00c7EVE          3. GENEL AMA\u00c7LI SU MUHASEBES\u0130 RAPORLARI: \u0130STANBUL B\u00dcY\u00dcK\u015eEH\u0130R                BELED\u0130YES\u0130 \u00d6RNE\u011e\u0130          4. BULGULAR          5. SONU\u00c7 ve TARTI\u015eMA, \u00d6NER\u0130LER <\/p>\n","protected":false},"excerpt":{"rendered":"<p>\u0130\u00e7indekiler : 1. G\u0130R\u0130\u015e 2. KAVRAMSAL \u00c7ER\u00c7EVE 3. GENEL AMA\u00c7LI SU MUHASEBES\u0130 RAPORLARI: \u0130STANBUL B\u00dcY\u00dcK\u015eEH\u0130R BELED\u0130YES\u0130 \u00d6RNE\u011e\u0130 4. BULGULAR 5. SONU\u00c7 ve TARTI\u015eMA, \u00d6NER\u0130LER<\/p>\n","protected":false},"featured_media":0,"template":"","meta":{"_monsterinsights_skip_tracking":false,"_monsterinsights_sitenote_active":false,"_monsterinsights_sitenote_note":"","_monsterinsights_sitenote_category":0},"product_brand":[],"product_cat":[13043],"product_tag":[],"class_list":{"0":"post-770430","1":"product","2":"type-product","3":"status-publish","5":"product_cat-ekonomi","6":"pa_cilt-ciltsiz","7":"pa_tur-kitap","8":"pa_yayinevi-gazi-kitabevi","9":"pa_yazar-ezgi-polat-vedat-ekergil","11":"first","12":"instock","13":"sale","14":"shipping-taxable","15":"purchasable","16":"product-type-simple"},"_links":{"self":[{"href":"https:\/\/roveyayinevi.com.tr\/index.php\/wp-json\/wp\/v2\/product\/770430","targetHints":{"allow":["GET"]}}],"collection":[{"href":"https:\/\/roveyayinevi.com.tr\/index.php\/wp-json\/wp\/v2\/product"}],"about":[{"href":"https:\/\/roveyayinevi.com.tr\/index.php\/wp-json\/wp\/v2\/types\/product"}],"wp:attachment":[{"href":"https:\/\/roveyayinevi.com.tr\/index.php\/wp-json\/wp\/v2\/media?parent=770430"}],"wp:term":[{"taxonomy":"product_brand","embeddable":true,"href":"https:\/\/roveyayinevi.com.tr\/index.php\/wp-json\/wp\/v2\/product_brand?post=770430"},{"taxonomy":"product_cat","embeddable":true,"href":"https:\/\/roveyayinevi.com.tr\/index.php\/wp-json\/wp\/v2\/product_cat?post=770430"},{"taxonomy":"product_tag","embeddable":true,"href":"https:\/\/roveyayinevi.com.tr\/index.php\/wp-json\/wp\/v2\/product_tag?post=770430"}],"curies":[{"name":"wp","href":"https:\/\/api.w.org\/{rel}","templated":true}]}}