{"id":770428,"date":"2025-08-28T14:29:15","date_gmt":"2025-08-28T11:29:15","guid":{"rendered":"https:\/\/roveyayinevi.com.tr\/index.php\/urun\/genclik-genclik\/"},"modified":"2026-04-15T03:37:01","modified_gmt":"2026-04-15T00:37:01","slug":"genclik-genclik","status":"publish","type":"product","link":"https:\/\/roveyayinevi.com.tr\/index.php\/urun\/genclik-genclik\/","title":{"rendered":"Gen\u00e7lik&#8230; Gen\u00e7lik&#8230;"},"content":{"rendered":"<p>Murathan Mungan\u2019dan Aile Alb\u00fcm\u00fc ve \u015eiirin E\u015fya Deposu\u2019ndan sonra yeni bir tematik \u015fiir se\u00e7kisi Gen\u00e7lik\u2026 Gen\u00e7lik\u2026 &#8220;Amac\u0131na, ba\u011flam\u0131na, i\u00e7eri\u011fine bak\u0131ld\u0131\u011f\u0131nda bu kitab\u0131, gen\u00e7li\u011fi 70\u2019li y\u0131llara denk d\u00fc\u015fen, ilk \u015fiirlerimizle ayn\u0131 edebiyat dergilerinin sayfalar\u0131nda birlikte g\u00f6r\u00fcnd\u00fc\u011f\u00fcm\u00fcz, ilk \u015fiir kitaplar\u0131m\u0131z\u0131 birbirine yak\u0131n tarihlerde yay\u0131mlad\u0131\u011f\u0131m\u0131z ku\u015fakda\u015f\u0131m \u015fairlerin gen\u00e7lik \u00fcst\u00fcne, gen\u00e7likleri \u00fcst\u00fcne yazd\u0131klar\u0131 \u015fiirlerle kotard\u0131\u011f\u0131m ve gen\u00e7li\u011fini ayn\u0131 takvim yapraklar\u0131nda ya\u015fam\u0131\u015f kendi ku\u015fa\u011f\u0131mdan \u015fairlerin ortak tarihine, hat\u0131ralar\u0131na adad\u0131\u011f\u0131m anla\u015f\u0131lacakt\u0131r. Haz\u0131rlad\u0131\u011f\u0131m se\u00e7kiler i\u00e7inde ilk kez bu kitapta kendi \u015fiirime de yer verdim. Haz\u0131rlad\u0131\u011f\u0131m di\u011fer \u015fiir se\u00e7kilerine g\u00f6re bu kitab\u0131n daha az hacimli olu\u015fu gen\u00e7li\u011fin k\u0131sal\u0131\u011f\u0131na denk d\u00fc\u015fs\u00fcn istedim.  \u2014 Murathan Mungan <\/p>\n","protected":false},"excerpt":{"rendered":"<p>Murathan Mungan\u2019dan Aile Alb\u00fcm\u00fc ve \u015eiirin E\u015fya Deposu\u2019ndan sonra yeni bir tematik \u015fiir se\u00e7kisi Gen\u00e7lik\u2026 Gen\u00e7lik\u2026 &#8220;Amac\u0131na, ba\u011flam\u0131na, i\u00e7eri\u011fine bak\u0131ld\u0131\u011f\u0131nda bu kitab\u0131, gen\u00e7li\u011fi 70\u2019li y\u0131llara denk<span class=\"excerpt-hellip\"> [\u2026]<\/span><\/p>\n","protected":false},"featured_media":0,"template":"","meta":{"_monsterinsights_skip_tracking":false,"_monsterinsights_sitenote_active":false,"_monsterinsights_sitenote_note":"","_monsterinsights_sitenote_category":0},"product_brand":[],"product_cat":[12291,12509],"product_tag":[],"class_list":{"0":"post-770428","1":"product","2":"type-product","3":"status-publish","5":"product_cat-edebiyat","6":"product_cat-siir","7":"pa_cilt-ciltsiz","8":"pa_tur-kitap","9":"pa_yayinevi-metis-yayinlari","10":"pa_yazar-murathan-mungan-haz","12":"first","13":"instock","14":"sale","15":"shipping-taxable","16":"purchasable","17":"product-type-simple"},"_links":{"self":[{"href":"https:\/\/roveyayinevi.com.tr\/index.php\/wp-json\/wp\/v2\/product\/770428","targetHints":{"allow":["GET"]}}],"collection":[{"href":"https:\/\/roveyayinevi.com.tr\/index.php\/wp-json\/wp\/v2\/product"}],"about":[{"href":"https:\/\/roveyayinevi.com.tr\/index.php\/wp-json\/wp\/v2\/types\/product"}],"wp:attachment":[{"href":"https:\/\/roveyayinevi.com.tr\/index.php\/wp-json\/wp\/v2\/media?parent=770428"}],"wp:term":[{"taxonomy":"product_brand","embeddable":true,"href":"https:\/\/roveyayinevi.com.tr\/index.php\/wp-json\/wp\/v2\/product_brand?post=770428"},{"taxonomy":"product_cat","embeddable":true,"href":"https:\/\/roveyayinevi.com.tr\/index.php\/wp-json\/wp\/v2\/product_cat?post=770428"},{"taxonomy":"product_tag","embeddable":true,"href":"https:\/\/roveyayinevi.com.tr\/index.php\/wp-json\/wp\/v2\/product_tag?post=770428"}],"curies":[{"name":"wp","href":"https:\/\/api.w.org\/{rel}","templated":true}]}}