{"id":770426,"date":"2025-08-28T14:29:10","date_gmt":"2025-08-28T11:29:10","guid":{"rendered":"https:\/\/roveyayinevi.com.tr\/index.php\/urun\/gokturkun-maceralari\/"},"modified":"2026-04-15T03:37:01","modified_gmt":"2026-04-15T00:37:01","slug":"gokturkun-maceralari","status":"publish","type":"product","link":"https:\/\/roveyayinevi.com.tr\/index.php\/urun\/gokturkun-maceralari\/","title":{"rendered":"G\u00f6kt\u00fcrk\u2019\u00fcn Maceralar\u0131"},"content":{"rendered":"<p>Uzaklarda, Orta Asya\u2019n\u0131n sonsuz bozk\u0131rlar\u0131nda, y\u00fcksek da\u011flarla \u00e7evrili verimli vadilerde, g\u00f6\u00e7ebe T\u00fcrk boylar\u0131n\u0131n ilk yerle\u015fim yerlerinden biri varm\u0131\u015f. Bu topraklar, Altay Da\u011flar\u0131 ile Tian Shan aras\u0131nda, ye\u015fil vadiler ve geni\u015f \u00e7\u00f6llerle kapl\u0131ym\u0131\u015f. Buras\u0131, Yenisey Nehri\u2019nin k\u0131y\u0131lar\u0131nda, Tanr\u0131 Da\u011flar\u0131\u2019n\u0131n eteklerinde ve Altay\u2019\u0131n sarp yama\u00e7lar\u0131nda, ilk T\u00fcrk yerle\u015fimlerinin do\u011fdu\u011fu, atlar\u0131n \u00f6zg\u00fcrce ko\u015ftu\u011fu ve insanlar\u0131n do\u011fayla uyum i\u00e7inde ya\u015fad\u0131\u011f\u0131 bir b\u00f6lgeymi\u015f. <\/p>\n","protected":false},"excerpt":{"rendered":"<p>Uzaklarda, Orta Asya\u2019n\u0131n sonsuz bozk\u0131rlar\u0131nda, y\u00fcksek da\u011flarla \u00e7evrili verimli vadilerde, g\u00f6\u00e7ebe T\u00fcrk boylar\u0131n\u0131n ilk yerle\u015fim yerlerinden biri varm\u0131\u015f. Bu topraklar, Altay Da\u011flar\u0131 ile Tian Shan aras\u0131nda,<span class=\"excerpt-hellip\"> [\u2026]<\/span><\/p>\n","protected":false},"featured_media":0,"template":"","meta":{"_monsterinsights_skip_tracking":false,"_monsterinsights_sitenote_active":false,"_monsterinsights_sitenote_note":"","_monsterinsights_sitenote_category":0},"product_brand":[],"product_cat":[12274,12284],"product_tag":[],"class_list":{"0":"post-770426","1":"product","2":"type-product","3":"status-publish","5":"product_cat-cocuk-ve-genclik-kitaplari","6":"product_cat-hikayeler","7":"pa_cilt-ciltsiz","8":"pa_tur-kitap","9":"pa_yayinevi-zet-yayinlari","10":"pa_yazar-cennet-ates","12":"first","13":"instock","14":"sale","15":"shipping-taxable","16":"purchasable","17":"product-type-simple"},"_links":{"self":[{"href":"https:\/\/roveyayinevi.com.tr\/index.php\/wp-json\/wp\/v2\/product\/770426","targetHints":{"allow":["GET"]}}],"collection":[{"href":"https:\/\/roveyayinevi.com.tr\/index.php\/wp-json\/wp\/v2\/product"}],"about":[{"href":"https:\/\/roveyayinevi.com.tr\/index.php\/wp-json\/wp\/v2\/types\/product"}],"wp:attachment":[{"href":"https:\/\/roveyayinevi.com.tr\/index.php\/wp-json\/wp\/v2\/media?parent=770426"}],"wp:term":[{"taxonomy":"product_brand","embeddable":true,"href":"https:\/\/roveyayinevi.com.tr\/index.php\/wp-json\/wp\/v2\/product_brand?post=770426"},{"taxonomy":"product_cat","embeddable":true,"href":"https:\/\/roveyayinevi.com.tr\/index.php\/wp-json\/wp\/v2\/product_cat?post=770426"},{"taxonomy":"product_tag","embeddable":true,"href":"https:\/\/roveyayinevi.com.tr\/index.php\/wp-json\/wp\/v2\/product_tag?post=770426"}],"curies":[{"name":"wp","href":"https:\/\/api.w.org\/{rel}","templated":true}]}}