{"id":770423,"date":"2025-08-28T14:29:05","date_gmt":"2025-08-28T11:29:05","guid":{"rendered":"https:\/\/roveyayinevi.com.tr\/index.php\/urun\/modern-sanat-akimlari-soyut-sanat\/"},"modified":"2026-03-12T03:34:23","modified_gmt":"2026-03-12T00:34:23","slug":"modern-sanat-akimlari-soyut-sanat","status":"publish","type":"product","link":"https:\/\/roveyayinevi.com.tr\/index.php\/urun\/modern-sanat-akimlari-soyut-sanat\/","title":{"rendered":"Modern Sanat Ak\u0131mlar\u0131: Soyut Sanat"},"content":{"rendered":"<p>Soyutlama, bir\u00e7ok bi\u00e7imiyle, yirminci y\u00fczy\u0131l\u0131n b\u00fcy\u00fck bir b\u00f6l\u00fcm\u00fcnde sanatta bask\u0131n bir uygulama olmu\u015ftur. Ancak say\u0131s\u0131z sergiye, ele\u015ftirel tart\u0131\u015fmaya ve sanat tarihi ara\u015ft\u0131rmas\u0131na konu olmas\u0131na ra\u011fmen, soyut sanat h\u00e2l\u00e2 izleyiciyi yan\u0131ltabilir. Konuya yeni bir yakla\u015f\u0131m getiren Mel Gooding, soyutlaman\u0131n \u00f6yk\u00fcs\u00fcn\u00fcn, her biri kendi sanat tarihi ba\u011flam\u0131 i\u00e7inde yer alan \u00fcslup e\u011filimlerinin art arda s\u0131ralanmas\u0131 seklinde izlenebilece\u011fi seklindeki yayg\u0131n d\u00fc\u015f\u00fcnceyi reddediyor. Bunun yerine, Kazimir Malevi\u00e7, Vasili Kandinski, Naum Gabo, Piet Mondrian, Willem de Kooning ve Lucio Fontana gibi birbirinden farkl\u0131 sanat\u00e7\u0131lar\u0131n eserlerini, soyutlaman\u0131n birbiriyle \u00f6rt\u00fc\u015fen tarihleri i\u00e7indeki belirli e\u011filimlerin \u00f6rnekleri olarak sunuyor. Bunu yaparken, benzer g\u00f6r\u00fcnen soyut sanat t\u00fcrleri aras\u0131ndaki ayr\u0131mlar\u0131 tan\u0131mlay\u0131p farkl\u0131 g\u00f6r\u00fcnenlerinse alt\u0131nda yatan benzerlikleri ke\u015ffediyor.   Bu seri, son iki y\u00fczy\u0131la damgas\u0131n\u0131 vurmu\u015f sanat ak\u0131mlar\u0131n\u0131 okuyucuyla bulu\u015fturuyor. Modern sanat\u0131n, hem farkl\u0131 d\u00f6nemleriyle hem de bir b\u00fct\u00fcn olarak t\u00fcm geli\u015fim \u00e7izgisi \u00fczerinde g\u00f6r\u00fclebilece\u011fi ayd\u0131nlat\u0131c\u0131 bir bak\u0131\u015f a\u00e7\u0131s\u0131 sunuyor.   Serinin Di\u011fer Kitaplar\u0131 Arz-\u0130zlenimcilik  &#8211; Arte Povera &#8211; D\u0131\u015favurumculuk \u2013 Ger\u00e7ek\u00fcst\u00fcc\u00fcl\u00fck \u2013 F\u00fct\u00fcrizm &#8211; Pop Art &#8211; Kavramsal Sanat \u2013 K\u00fcbizm \u2013 Minimalizm \u2013 Modernizm &#8211; Ger\u00e7ek\u00e7ilik \u2013 Postmodernizm &#8211;  Soyut-D\u0131\u015favurumculuk <\/p>\n","protected":false},"excerpt":{"rendered":"<p>Soyutlama, bir\u00e7ok bi\u00e7imiyle, yirminci y\u00fczy\u0131l\u0131n b\u00fcy\u00fck bir b\u00f6l\u00fcm\u00fcnde sanatta bask\u0131n bir uygulama olmu\u015ftur. Ancak say\u0131s\u0131z sergiye, ele\u015ftirel tart\u0131\u015fmaya ve sanat tarihi ara\u015ft\u0131rmas\u0131na konu olmas\u0131na ra\u011fmen, soyut<span class=\"excerpt-hellip\"> [\u2026]<\/span><\/p>\n","protected":false},"featured_media":0,"template":"","meta":{"_monsterinsights_skip_tracking":false,"_monsterinsights_sitenote_active":false,"_monsterinsights_sitenote_note":"","_monsterinsights_sitenote_category":0},"product_brand":[],"product_cat":[13548,12408],"product_tag":[],"class_list":{"0":"post-770423","1":"product","2":"type-product","3":"status-publish","5":"product_cat-kuram","6":"product_cat-sanat","7":"pa_cilt-ciltsiz","8":"pa_tur-kitap","9":"pa_yayinevi-hayalperest-yayinlari","10":"pa_yazar-mel-gooding","12":"first","13":"instock","14":"sale","15":"shipping-taxable","16":"purchasable","17":"product-type-simple"},"_links":{"self":[{"href":"https:\/\/roveyayinevi.com.tr\/index.php\/wp-json\/wp\/v2\/product\/770423","targetHints":{"allow":["GET"]}}],"collection":[{"href":"https:\/\/roveyayinevi.com.tr\/index.php\/wp-json\/wp\/v2\/product"}],"about":[{"href":"https:\/\/roveyayinevi.com.tr\/index.php\/wp-json\/wp\/v2\/types\/product"}],"wp:attachment":[{"href":"https:\/\/roveyayinevi.com.tr\/index.php\/wp-json\/wp\/v2\/media?parent=770423"}],"wp:term":[{"taxonomy":"product_brand","embeddable":true,"href":"https:\/\/roveyayinevi.com.tr\/index.php\/wp-json\/wp\/v2\/product_brand?post=770423"},{"taxonomy":"product_cat","embeddable":true,"href":"https:\/\/roveyayinevi.com.tr\/index.php\/wp-json\/wp\/v2\/product_cat?post=770423"},{"taxonomy":"product_tag","embeddable":true,"href":"https:\/\/roveyayinevi.com.tr\/index.php\/wp-json\/wp\/v2\/product_tag?post=770423"}],"curies":[{"name":"wp","href":"https:\/\/api.w.org\/{rel}","templated":true}]}}