{"id":770421,"date":"2025-08-28T14:29:02","date_gmt":"2025-08-28T11:29:02","guid":{"rendered":"https:\/\/roveyayinevi.com.tr\/index.php\/urun\/modern-sanat-akimlari-minimalizm\/"},"modified":"2026-03-12T03:34:23","modified_gmt":"2026-03-12T00:34:23","slug":"modern-sanat-akimlari-minimalizm","status":"publish","type":"product","link":"https:\/\/roveyayinevi.com.tr\/index.php\/urun\/modern-sanat-akimlari-minimalizm\/","title":{"rendered":"Modern Sanat Ak\u0131mlar\u0131: Minimalizm"},"content":{"rendered":"<p>1960\u2019l\u0131 y\u0131llarda ortaya \u00e7\u0131kan Minimalizm, sanat\u0131 \u2018fazlal\u0131klardan\u2019 ar\u0131nd\u0131rarak net, ak\u0131c\u0131 ve yal\u0131n bir sanat elde etmeyi ama\u00e7lam\u0131\u015ft\u0131r. Adlar\u0131 bu ak\u0131mla an\u0131lan sanat\u00e7\u0131lar kendilerini bir grup olarak g\u00f6rmeseler de \u00e7al\u0131\u015fmalar tipik olarak soyut, \u00fc\u00e7 boyutlu, mod\u00fcler ve geometriktir; end\u00fcstriyel bi\u00e7imde \u00fcretilmi\u015f, \u00fcretilmeden \u00f6nce de iyi tasarlanm\u0131\u015flard\u0131r. Carl Andre, Dan Flavin, Donald Judd, Sol LeWitt ve Robert Morris gibi Minimalizmin kilit isimlerinin eserlerinin irdelendi\u011fi bu kitapta, her bir sanat\u00e7\u0131n\u0131n \u00e7al\u0131\u015fmalar\u0131n\u0131n geli\u015fimi ve aralar\u0131ndaki baz\u0131 \u00f6nemli farkl\u0131l\u0131klar vurgulan\u0131yor. Bu d\u00fc\u015f\u00fcnd\u00fcr\u00fcc\u00fc metin ayn\u0131 zamanda Minimalizmin y\u0131llar boyunca maruz kald\u0131\u011f\u0131 \u00e7e\u015fitli ele\u015ftiri ve yorumlar\u0131 da inceliyor. Sanat\u00e7\u0131 ve yazar David Batchelor, kendinden sonraki sanat \u00fczerinde b\u00fcy\u00fck bir etkisi olan bu ak\u0131m\u0131n, \u00e7a\u011fda\u015f sanat\u00e7\u0131lar\u0131n \u00e7al\u0131\u015fmalar\u0131n\u0131 etkilemeye nas\u0131l devam etti\u011fini yetkin bi\u00e7imde ortaya koyuyor.   Bu seri, son iki y\u00fczy\u0131la damgas\u0131n\u0131 vurmu\u015f sanat ak\u0131mlar\u0131n\u0131 okuyucuyla bulu\u015fturuyor. Modern sanat\u0131n, hem farkl\u0131 d\u00f6nemleriyle hem de bir b\u00fct\u00fcn olarak t\u00fcm geli\u015fim \u00e7izgisi \u00fczerinde g\u00f6r\u00fclebilece\u011fi ayd\u0131nlat\u0131c\u0131 bir bak\u0131\u015f a\u00e7\u0131s\u0131 sunuyor.     Serinin Di\u011fer Kitaplar\u0131 Arz-\u0130zlenimcilik  &#8211; Arte Povera &#8211; D\u0131\u015favurumculuk \u2013 Ger\u00e7ek\u00fcst\u00fcc\u00fcl\u00fck \u2013 F\u00fct\u00fcrizm &#8211; Pop Art &#8211; Kavramsal Sanat \u2013 K\u00fcbizm \u2013 Modernizm \u2013 Pop Art &#8211; Ger\u00e7ek\u00e7ilik \u2013 Postmodernizm &#8211; Soyut Sanat &#8211; Soyut-D\u0131\u015favurumculuk <\/p>\n","protected":false},"excerpt":{"rendered":"<p>1960\u2019l\u0131 y\u0131llarda ortaya \u00e7\u0131kan Minimalizm, sanat\u0131 \u2018fazlal\u0131klardan\u2019 ar\u0131nd\u0131rarak net, ak\u0131c\u0131 ve yal\u0131n bir sanat elde etmeyi ama\u00e7lam\u0131\u015ft\u0131r. Adlar\u0131 bu ak\u0131mla an\u0131lan sanat\u00e7\u0131lar kendilerini bir grup olarak<span class=\"excerpt-hellip\"> [\u2026]<\/span><\/p>\n","protected":false},"featured_media":0,"template":"","meta":{"_monsterinsights_skip_tracking":false,"_monsterinsights_sitenote_active":false,"_monsterinsights_sitenote_note":"","_monsterinsights_sitenote_category":0},"product_brand":[],"product_cat":[13548,12408],"product_tag":[],"class_list":{"0":"post-770421","1":"product","2":"type-product","3":"status-publish","5":"product_cat-kuram","6":"product_cat-sanat","7":"pa_cilt-ciltsiz","8":"pa_tur-kitap","9":"pa_yayinevi-hayalperest-yayinlari","10":"pa_yazar-david-batchelor","12":"first","13":"instock","14":"sale","15":"shipping-taxable","16":"purchasable","17":"product-type-simple"},"_links":{"self":[{"href":"https:\/\/roveyayinevi.com.tr\/index.php\/wp-json\/wp\/v2\/product\/770421","targetHints":{"allow":["GET"]}}],"collection":[{"href":"https:\/\/roveyayinevi.com.tr\/index.php\/wp-json\/wp\/v2\/product"}],"about":[{"href":"https:\/\/roveyayinevi.com.tr\/index.php\/wp-json\/wp\/v2\/types\/product"}],"wp:attachment":[{"href":"https:\/\/roveyayinevi.com.tr\/index.php\/wp-json\/wp\/v2\/media?parent=770421"}],"wp:term":[{"taxonomy":"product_brand","embeddable":true,"href":"https:\/\/roveyayinevi.com.tr\/index.php\/wp-json\/wp\/v2\/product_brand?post=770421"},{"taxonomy":"product_cat","embeddable":true,"href":"https:\/\/roveyayinevi.com.tr\/index.php\/wp-json\/wp\/v2\/product_cat?post=770421"},{"taxonomy":"product_tag","embeddable":true,"href":"https:\/\/roveyayinevi.com.tr\/index.php\/wp-json\/wp\/v2\/product_tag?post=770421"}],"curies":[{"name":"wp","href":"https:\/\/api.w.org\/{rel}","templated":true}]}}