{"id":770420,"date":"2025-08-28T14:29:01","date_gmt":"2025-08-28T11:29:01","guid":{"rendered":"https:\/\/roveyayinevi.com.tr\/index.php\/urun\/modern-sanat-akimlari-arte-povera\/"},"modified":"2026-03-12T03:34:23","modified_gmt":"2026-03-12T00:34:23","slug":"modern-sanat-akimlari-arte-povera","status":"publish","type":"product","link":"https:\/\/roveyayinevi.com.tr\/index.php\/urun\/modern-sanat-akimlari-arte-povera\/","title":{"rendered":"Modern Sanat Ak\u0131mlar\u0131: Arte Povera"},"content":{"rendered":"<p>\u0130talyancada Yoksul Sanat anlam\u0131na gelen Arte Povera kavram\u0131, sanat ele\u015ftirmeni Germano Celant taraf\u0131ndan 1967 y\u0131l\u0131nda, g\u00fcndelik hayata dayal\u0131 ifadeler yaratmak ad\u0131na en basit ara\u00e7lar\u0131 kullanan eserler \u00fcreten bir grup \u0130talyan sanat\u00e7\u0131y\u0131 tan\u0131mlamak i\u00e7in kullan\u0131lm\u0131\u015ft\u0131r. Yeni malzemeler ke\u015ffetmeye y\u00f6nelik g\u00fc\u00e7l\u00fc bir arzuyu yans\u0131tan bu eserler, sanat\u0131n ticarile\u015fmesine kar\u015f\u0131 bir tepki olarak g\u00f6r\u00fclm\u00fc\u015ft\u00fcr. Sanat birdenbire nesneler, do\u011fan\u0131n \u00fcr\u00fcnleri, end\u00fcstriyel olarak \u00fcretilmi\u015f materyaller, nem, ses ya da enerji gibi her \u015feyden yap\u0131labilir hale gelmi\u015ftir. Bir grup hareketi olarak dikkat \u00e7ekse de Alighiero Boetti, Jannis Kounellis, Mario Merz, Marisa Merz, Giulio Paolini, Giuseppe Penone ve Michelangelo Pistoletto gibi ola\u011fan\u00fcst\u00fc bireysel yetenekler i\u00e7eren bu harekete dair incelemesinde Robert Lumley, bizzat sanat\u00e7\u0131larla yapt\u0131\u011f\u0131 kapsaml\u0131 g\u00f6r\u00fc\u015fmelerin \u0131\u015f\u0131\u011f\u0131nda Arte Povera&#8217;n\u0131n yetkin bir yorumunu sunuyor.   Bu seri, son iki y\u00fczy\u0131la damgas\u0131n\u0131 vurmu\u015f sanat ak\u0131mlar\u0131n\u0131 okuyucuyla bulu\u015fturuyor. Modern sanat\u0131n, hem farkl\u0131 d\u00f6nemleriyle hem de bir b\u00fct\u00fcn olarak t\u00fcm geli\u015fim \u00e7izgisi \u00fczerinde g\u00f6r\u00fclebilece\u011fi ayd\u0131nlat\u0131c\u0131 bir bak\u0131\u015f a\u00e7\u0131s\u0131 sunuyor.     Serinin Di\u011fer Kitaplar\u0131 Arz-\u0130zlenimcilik  &#8211; D\u0131\u015favurumculuk \u2013 Ger\u00e7ek\u00fcst\u00fcc\u00fcl\u00fck \u2013 F\u00fct\u00fcrizm &#8211; Pop Art &#8211; Kavramsal Sanat \u2013 K\u00fcbizm \u2013 Minimalizm \u2013 Modernizm &#8211; Ger\u00e7ek\u00e7ilik \u2013 Postmodernizm &#8211; Soyut Sanat &#8211; Soyut-D\u0131\u015favurumculuk <\/p>\n","protected":false},"excerpt":{"rendered":"<p>\u0130talyancada Yoksul Sanat anlam\u0131na gelen Arte Povera kavram\u0131, sanat ele\u015ftirmeni Germano Celant taraf\u0131ndan 1967 y\u0131l\u0131nda, g\u00fcndelik hayata dayal\u0131 ifadeler yaratmak ad\u0131na en basit ara\u00e7lar\u0131 kullanan eserler<span class=\"excerpt-hellip\"> [\u2026]<\/span><\/p>\n","protected":false},"featured_media":0,"template":"","meta":{"_monsterinsights_skip_tracking":false,"_monsterinsights_sitenote_active":false,"_monsterinsights_sitenote_note":"","_monsterinsights_sitenote_category":0},"product_brand":[],"product_cat":[13548,12408],"product_tag":[],"class_list":{"0":"post-770420","1":"product","2":"type-product","3":"status-publish","5":"product_cat-kuram","6":"product_cat-sanat","7":"pa_cilt-ciltsiz","8":"pa_tur-kitap","9":"pa_yayinevi-hayalperest-yayinlari","10":"pa_yazar-robert-lumley","12":"first","13":"instock","14":"sale","15":"shipping-taxable","16":"purchasable","17":"product-type-simple"},"_links":{"self":[{"href":"https:\/\/roveyayinevi.com.tr\/index.php\/wp-json\/wp\/v2\/product\/770420","targetHints":{"allow":["GET"]}}],"collection":[{"href":"https:\/\/roveyayinevi.com.tr\/index.php\/wp-json\/wp\/v2\/product"}],"about":[{"href":"https:\/\/roveyayinevi.com.tr\/index.php\/wp-json\/wp\/v2\/types\/product"}],"wp:attachment":[{"href":"https:\/\/roveyayinevi.com.tr\/index.php\/wp-json\/wp\/v2\/media?parent=770420"}],"wp:term":[{"taxonomy":"product_brand","embeddable":true,"href":"https:\/\/roveyayinevi.com.tr\/index.php\/wp-json\/wp\/v2\/product_brand?post=770420"},{"taxonomy":"product_cat","embeddable":true,"href":"https:\/\/roveyayinevi.com.tr\/index.php\/wp-json\/wp\/v2\/product_cat?post=770420"},{"taxonomy":"product_tag","embeddable":true,"href":"https:\/\/roveyayinevi.com.tr\/index.php\/wp-json\/wp\/v2\/product_tag?post=770420"}],"curies":[{"name":"wp","href":"https:\/\/api.w.org\/{rel}","templated":true}]}}