{"id":770416,"date":"2025-08-28T14:28:56","date_gmt":"2025-08-28T11:28:56","guid":{"rendered":"https:\/\/roveyayinevi.com.tr\/index.php\/urun\/sessiz-dil\/"},"modified":"2026-04-15T03:37:01","modified_gmt":"2026-04-15T00:37:01","slug":"sessiz-dil","status":"publish","type":"product","link":"https:\/\/roveyayinevi.com.tr\/index.php\/urun\/sessiz-dil\/","title":{"rendered":"Sessiz Dil"},"content":{"rendered":"<p>\u0130nsanlar aras\u0131ndaki ileti\u015fim yaln\u0131zca kelimelerle ger\u00e7ekle\u015fmiyor. Amerikan antropolog Edward T. Hall\u2019un ku\u0308lt eseri Sessiz Dil, bu s\u00f6zsu\u0308z ileti\u015fimin derinliklerini ke\u015ffeden, alan\u0131nda \u00f6ncu\u0308 bir \u00e7al\u0131\u015fma. Kitap, bireylerin fark\u0131nda olmadan iletti\u011fi mesajlar\u0131n insan ili\u015fkilerinde nas\u0131l belirleyici bir rol oynad\u0131\u011f\u0131n\u0131 g\u00f6zler \u00f6nu\u0308ne seriyor. Hall, insan do\u011fas\u0131na atfedilen bir\u00e7ok davran\u0131\u015f\u0131n asl\u0131nda \u00f6\u011frenilmi\u015f ve ku\u0308ltu\u0308rel olarak \u015fekillenmi\u015f oldu\u011funu savunuyor. Beden dili, zaman ve mek\u00e2n alg\u0131s\u0131 gibi unsurlar\u0131n ku\u0308ltu\u0308rden ku\u0308ltu\u0308re nas\u0131l farkl\u0131l\u0131k g\u00f6sterdi\u011fini ve bu farkl\u0131l\u0131klar\u0131n hayat\u0131 ne \u015fekilde etkiledi\u011fini sistematik bir \u015fekilde inceliyor. Verdi\u011fi \u00f6rneklerle, yabanc\u0131 toplumlarda bireylerin nas\u0131l bocalad\u0131\u011f\u0131n\u0131 muzip bir dille ele al\u0131yor. Tu\u0308m bu \u00f6rnekler, bireyler ve toplumsal iktidar ili\u015fkileri hakk\u0131nda hem \u015fa\u015f\u0131rt\u0131c\u0131 hem de \u00f6\u011fretici bir okuma sunuyor. Okuyucusunu yaln\u0131zca ku\u0308ltu\u0308rel fark\u0131ndal\u0131\u011fa de\u011fil, insanl\u0131\u011f\u0131n du\u0308nyay\u0131 alg\u0131lama bi\u00e7imlerini anlamaya da y\u00f6nlendiren bu eser, ge\u00e7ici ak\u0131mlardan ba\u011f\u0131ms\u0131z olarak insan hayat\u0131n\u0131 \u00e7evreleyen kal\u0131c\u0131 sorulara yan\u0131t ar\u0131yor. Edward T. Hall\u2019un Tu\u0308rk\u00e7eye \u00e7evrilen ilk kitab\u0131 Sessiz Dil, ku\u0308ltu\u0308rleraras\u0131 ileti\u015fimle ilgilenenler i\u00e7in temel bir kaynak ve vazge\u00e7ilmez bir rehber olmay\u0131 su\u0308rdu\u0308ru\u0308yor. \u201cSessiz Dil, ku\u0308ltu\u0308rel fakt\u00f6rlerin, bireyi, onun haberi olmadan nas\u0131l etkiledi\u011fini g\u00f6steriyor.\u201d \u2014Erich Fromm<\/p>\n","protected":false},"excerpt":{"rendered":"<p>\u0130nsanlar aras\u0131ndaki ileti\u015fim yaln\u0131zca kelimelerle ger\u00e7ekle\u015fmiyor. Amerikan antropolog Edward T. Hall\u2019un ku\u0308lt eseri Sessiz Dil, bu s\u00f6zsu\u0308z ileti\u015fimin derinliklerini ke\u015ffeden, alan\u0131nda \u00f6ncu\u0308 bir \u00e7al\u0131\u015fma. Kitap, bireylerin<span class=\"excerpt-hellip\"> [\u2026]<\/span><\/p>\n","protected":false},"featured_media":0,"template":"","meta":{"_monsterinsights_skip_tracking":false,"_monsterinsights_sitenote_active":false,"_monsterinsights_sitenote_note":"","_monsterinsights_sitenote_category":0},"product_brand":[],"product_cat":[15499,13488],"product_tag":[],"class_list":{"0":"post-770416","1":"product","2":"type-product","3":"status-publish","5":"product_cat-antropoloji","6":"product_cat-toplum-ve-insan","7":"pa_cilt-ciltsiz","8":"pa_tur-kitap","9":"pa_yayinevi-paradigma-yayinlari","10":"pa_yazar-edward-t-hall","12":"first","13":"instock","14":"sale","15":"shipping-taxable","16":"purchasable","17":"product-type-simple"},"_links":{"self":[{"href":"https:\/\/roveyayinevi.com.tr\/index.php\/wp-json\/wp\/v2\/product\/770416","targetHints":{"allow":["GET"]}}],"collection":[{"href":"https:\/\/roveyayinevi.com.tr\/index.php\/wp-json\/wp\/v2\/product"}],"about":[{"href":"https:\/\/roveyayinevi.com.tr\/index.php\/wp-json\/wp\/v2\/types\/product"}],"wp:attachment":[{"href":"https:\/\/roveyayinevi.com.tr\/index.php\/wp-json\/wp\/v2\/media?parent=770416"}],"wp:term":[{"taxonomy":"product_brand","embeddable":true,"href":"https:\/\/roveyayinevi.com.tr\/index.php\/wp-json\/wp\/v2\/product_brand?post=770416"},{"taxonomy":"product_cat","embeddable":true,"href":"https:\/\/roveyayinevi.com.tr\/index.php\/wp-json\/wp\/v2\/product_cat?post=770416"},{"taxonomy":"product_tag","embeddable":true,"href":"https:\/\/roveyayinevi.com.tr\/index.php\/wp-json\/wp\/v2\/product_tag?post=770416"}],"curies":[{"name":"wp","href":"https:\/\/api.w.org\/{rel}","templated":true}]}}