{"id":770403,"date":"2025-08-28T14:28:32","date_gmt":"2025-08-28T11:28:32","guid":{"rendered":"https:\/\/roveyayinevi.com.tr\/index.php\/urun\/1984-33\/"},"modified":"2026-04-15T03:36:40","modified_gmt":"2026-04-15T00:36:40","slug":"1984-33","status":"publish","type":"product","link":"https:\/\/roveyayinevi.com.tr\/index.php\/urun\/1984-33\/","title":{"rendered":"1984"},"content":{"rendered":"<p>Bask\u0131n\u0131n g\u00f6lgesinde bir hayat\u2026 D\u00fc\u015f\u00fcnmenin su\u00e7 oldu\u011fu, tarihin yeniden yaz\u0131ld\u0131\u011f\u0131, B\u00fcy\u00fck Birader\u2019in her hareketi izledi\u011fi bir d\u00fcnya\u2026 George Orwell\u2019\u0131n unutulmaz distopyas\u0131 1984, bireyin \u00f6zg\u00fcrl\u00fc\u011f\u00fcn\u00fcn yok edildi\u011fi, ger\u00e7e\u011fin iktidar\u0131n oyunca\u011f\u0131 h\u00e2line geldi\u011fi bir d\u00fcnyan\u0131n kap\u0131lar\u0131n\u0131 aral\u0131yor. Totaliter rejimin g\u00f6lgesinde, Winston Smith\u2019in umutsuz ba\u015fkald\u0131r\u0131s\u0131 yaln\u0131zca kendi kaderini de\u011fil, insanl\u0131\u011f\u0131n gelece\u011fini sorguluyor. A\u015fk\u0131n bile ezildi\u011fi, d\u00fc\u015f\u00fcncenin \u00f6l\u00fcmle cezaland\u0131r\u0131ld\u0131\u011f\u0131 bu evrende, ak\u0131l almaz bir soru yank\u0131lan\u0131yor: Ger\u00e7ek h\u00e2l\u00e2 var m\u0131? \u00d6zg\u00fcrl\u00fck bir hayal mi? Yoksa hepimiz \u00e7oktan zincire mi vurulduk? Orwell\u2019\u0131n kehanet niteli\u011findeki bu eseri, bir roman olman\u0131n \u00f6tesinde, modern d\u00fcnyaya tutulan karanl\u0131k bir ayna. 1984, sizi distopyan\u0131n derinliklerine \u00e7ekerken kendi ger\u00e7ekli\u011finizi sorgulamaya itecek. <\/p>\n","protected":false},"excerpt":{"rendered":"<p>Bask\u0131n\u0131n g\u00f6lgesinde bir hayat\u2026 D\u00fc\u015f\u00fcnmenin su\u00e7 oldu\u011fu, tarihin yeniden yaz\u0131ld\u0131\u011f\u0131, B\u00fcy\u00fck Birader\u2019in her hareketi izledi\u011fi bir d\u00fcnya\u2026 George Orwell\u2019\u0131n unutulmaz distopyas\u0131 1984, bireyin \u00f6zg\u00fcrl\u00fc\u011f\u00fcn\u00fcn yok edildi\u011fi,<span class=\"excerpt-hellip\"> [\u2026]<\/span><\/p>\n","protected":false},"featured_media":0,"template":"","meta":{"_monsterinsights_skip_tracking":false,"_monsterinsights_sitenote_active":false,"_monsterinsights_sitenote_note":"","_monsterinsights_sitenote_category":0},"product_brand":[],"product_cat":[12291,12711],"product_tag":[],"class_list":{"0":"post-770403","1":"product","2":"type-product","3":"status-publish","5":"product_cat-edebiyat","6":"product_cat-roman-oyku","7":"pa_cilt-ciltsiz","8":"pa_tur-kitap","9":"pa_yayinevi-pars-yayinlari","10":"pa_yazar-george-orwell","12":"first","13":"instock","14":"sale","15":"shipping-taxable","16":"purchasable","17":"product-type-simple"},"_links":{"self":[{"href":"https:\/\/roveyayinevi.com.tr\/index.php\/wp-json\/wp\/v2\/product\/770403","targetHints":{"allow":["GET"]}}],"collection":[{"href":"https:\/\/roveyayinevi.com.tr\/index.php\/wp-json\/wp\/v2\/product"}],"about":[{"href":"https:\/\/roveyayinevi.com.tr\/index.php\/wp-json\/wp\/v2\/types\/product"}],"wp:attachment":[{"href":"https:\/\/roveyayinevi.com.tr\/index.php\/wp-json\/wp\/v2\/media?parent=770403"}],"wp:term":[{"taxonomy":"product_brand","embeddable":true,"href":"https:\/\/roveyayinevi.com.tr\/index.php\/wp-json\/wp\/v2\/product_brand?post=770403"},{"taxonomy":"product_cat","embeddable":true,"href":"https:\/\/roveyayinevi.com.tr\/index.php\/wp-json\/wp\/v2\/product_cat?post=770403"},{"taxonomy":"product_tag","embeddable":true,"href":"https:\/\/roveyayinevi.com.tr\/index.php\/wp-json\/wp\/v2\/product_tag?post=770403"}],"curies":[{"name":"wp","href":"https:\/\/api.w.org\/{rel}","templated":true}]}}