{"id":770402,"date":"2025-08-28T14:28:30","date_gmt":"2025-08-28T11:28:30","guid":{"rendered":"https:\/\/roveyayinevi.com.tr\/index.php\/urun\/kitapcinin-kizi\/"},"modified":"2026-04-15T03:36:40","modified_gmt":"2026-04-15T00:36:40","slug":"kitapcinin-kizi","status":"publish","type":"product","link":"https:\/\/roveyayinevi.com.tr\/index.php\/urun\/kitapcinin-kizi\/","title":{"rendered":"Kitap\u00e7\u0131n\u0131n K\u0131z\u0131"},"content":{"rendered":"<p>Sava\u015f s\u0131ras\u0131nda ka\u00e7\u0131r\u0131lan kitap koleksiyonunun pe\u015finde gizemli bir ser\u00fcven&#8230; Uzun s\u00fcredir devam eden ili\u015fkisinin aniden sona ermesinin ard\u0131ndan kalbi k\u0131r\u0131lan Francesca, nadir kitaplardan olu\u015fan bir koleksiyonu \u00e7al\u0131\u015ft\u0131\u011f\u0131 galeri ad\u0131na sat\u0131n almak i\u00e7in sakin \u0130talyan adas\u0131 Santa Caterina\u2019ya gitme f\u0131rsat\u0131n\u0131 ka\u00e7\u0131rmaz. Oraya vard\u0131\u011f\u0131nda, koleksiyonun gizemli sahibesi Lavinia\u2019dan, yerel kitap koleksiyoncusu Thiago\u2019nun da kitaplara talip oldu\u011funu \u00f6\u011frenir. Thiago ile birlikte, kitaplar\u0131n \u0130kinci D\u00fcnya Sava\u015f\u0131 s\u0131ras\u0131nda, onlar\u0131 Nazilerden kurtarmaya \u00e7al\u0131\u015fan Hel\u00e8na adl\u0131 bir gen\u00e7 k\u0131z taraf\u0131ndan adada bir yere sakland\u0131\u011f\u0131n\u0131 \u00f6\u011frenirler. Hel\u00e8na\u2019n\u0131n g\u00fcnl\u00fc\u011f\u00fcn\u00fcn rehberli\u011finde kendilerini gizli koleksiyona g\u00f6t\u00fcrecek s\u0131rr\u0131 ortaya \u00e7\u0131karmaya \u00e7al\u0131\u015f\u0131rlarken, ikisinin de bu g\u00f6rev i\u00e7in se\u00e7ilmelerinin bir nedeni oldu\u011funu ve sava\u015f zaman\u0131 ya\u015fanm\u0131\u015f ola\u011fan\u00fcst\u00fc bir a\u015fk ve fedak\u00e2rl\u0131k hik\u00e2yesinin ikisinin de hayat\u0131n\u0131 sonsuza dek de\u011fi\u015ftirece\u011fini fark edeceklerdir.<\/p>\n","protected":false},"excerpt":{"rendered":"<p>Sava\u015f s\u0131ras\u0131nda ka\u00e7\u0131r\u0131lan kitap koleksiyonunun pe\u015finde gizemli bir ser\u00fcven&#8230; Uzun s\u00fcredir devam eden ili\u015fkisinin aniden sona ermesinin ard\u0131ndan kalbi k\u0131r\u0131lan Francesca, nadir kitaplardan olu\u015fan bir koleksiyonu<span class=\"excerpt-hellip\"> [\u2026]<\/span><\/p>\n","protected":false},"featured_media":0,"template":"","meta":{"_monsterinsights_skip_tracking":false,"_monsterinsights_sitenote_active":false,"_monsterinsights_sitenote_note":"","_monsterinsights_sitenote_category":0},"product_brand":[],"product_cat":[12291,12711],"product_tag":[],"class_list":{"0":"post-770402","1":"product","2":"type-product","3":"status-publish","5":"product_cat-edebiyat","6":"product_cat-roman-oyku","7":"pa_cilt-ciltsiz","8":"pa_tur-kitap","9":"pa_yayinevi-remzi-kitabevi","10":"pa_yazar-daniela-sacerdoti","12":"first","13":"instock","14":"sale","15":"shipping-taxable","16":"purchasable","17":"product-type-simple"},"_links":{"self":[{"href":"https:\/\/roveyayinevi.com.tr\/index.php\/wp-json\/wp\/v2\/product\/770402","targetHints":{"allow":["GET"]}}],"collection":[{"href":"https:\/\/roveyayinevi.com.tr\/index.php\/wp-json\/wp\/v2\/product"}],"about":[{"href":"https:\/\/roveyayinevi.com.tr\/index.php\/wp-json\/wp\/v2\/types\/product"}],"wp:attachment":[{"href":"https:\/\/roveyayinevi.com.tr\/index.php\/wp-json\/wp\/v2\/media?parent=770402"}],"wp:term":[{"taxonomy":"product_brand","embeddable":true,"href":"https:\/\/roveyayinevi.com.tr\/index.php\/wp-json\/wp\/v2\/product_brand?post=770402"},{"taxonomy":"product_cat","embeddable":true,"href":"https:\/\/roveyayinevi.com.tr\/index.php\/wp-json\/wp\/v2\/product_cat?post=770402"},{"taxonomy":"product_tag","embeddable":true,"href":"https:\/\/roveyayinevi.com.tr\/index.php\/wp-json\/wp\/v2\/product_tag?post=770402"}],"curies":[{"name":"wp","href":"https:\/\/api.w.org\/{rel}","templated":true}]}}