{"id":770401,"date":"2025-08-28T14:28:28","date_gmt":"2025-08-28T11:28:28","guid":{"rendered":"https:\/\/roveyayinevi.com.tr\/index.php\/urun\/50-unutulmaz-film-bir-daha\/"},"modified":"2026-04-15T03:36:40","modified_gmt":"2026-04-15T00:36:40","slug":"50-unutulmaz-film-bir-daha","status":"publish","type":"product","link":"https:\/\/roveyayinevi.com.tr\/index.php\/urun\/50-unutulmaz-film-bir-daha\/","title":{"rendered":"50 Unutulmaz Film \/ Bir Daha"},"content":{"rendered":"<p>Sineman\u0131n \u00fcnl\u00fc filmlerine yolculuk&#8230; Dorsay\u2019\u0131n sinema tarihine e\u011fildi\u011fi ayl\u0131k Milliyet-Sanat dergisi yaz\u0131lar\u0131ndan olu\u015fan \u00fc\u00e7\u00fcnc\u00fc cilt bu. \u00d6nceki iki kitap gibi yine bir\u00e7ok \u00fcstad ve de ba\u015fyap\u0131tlar\u0131 var. Orson Welles, William Wyler, King Vidor, John Huston, Howard Hawks, Joseph L. Mankiewicz gibi Amerikal\u0131lardan Alfred Hitchcock, David Lean, Sir Laurence Olivier vb. \u0130ngilizlere&#8230; Henri-Gerges Clouzot, Agnes Varda, Jean-Luc Godard gibi Frans\u0131zlara&#8230; Luchino Visconti, Federico Fellini gibi \u0130talyanlara. Ve daha bir\u00e7o\u011funa&#8230; Hepsi sizi sineman\u0131n bir hazine olan ge\u00e7mi\u015fine g\u00f6t\u00fcrecek.<\/p>\n","protected":false},"excerpt":{"rendered":"<p>Sineman\u0131n \u00fcnl\u00fc filmlerine yolculuk&#8230; Dorsay\u2019\u0131n sinema tarihine e\u011fildi\u011fi ayl\u0131k Milliyet-Sanat dergisi yaz\u0131lar\u0131ndan olu\u015fan \u00fc\u00e7\u00fcnc\u00fc cilt bu. \u00d6nceki iki kitap gibi yine bir\u00e7ok \u00fcstad ve de ba\u015fyap\u0131tlar\u0131<span class=\"excerpt-hellip\"> [\u2026]<\/span><\/p>\n","protected":false},"featured_media":0,"template":"","meta":{"_monsterinsights_skip_tracking":false,"_monsterinsights_sitenote_active":false,"_monsterinsights_sitenote_note":"","_monsterinsights_sitenote_category":0},"product_brand":[],"product_cat":[12409,12408],"product_tag":[],"class_list":{"0":"post-770401","1":"product","2":"type-product","3":"status-publish","5":"product_cat-fotograf-sinema-tiyatro","6":"product_cat-sanat","7":"pa_cilt-ciltsiz","8":"pa_tur-kitap","9":"pa_yayinevi-remzi-kitabevi","10":"pa_yazar-atilla-dorsay","12":"first","13":"instock","14":"sale","15":"shipping-taxable","16":"purchasable","17":"product-type-simple"},"_links":{"self":[{"href":"https:\/\/roveyayinevi.com.tr\/index.php\/wp-json\/wp\/v2\/product\/770401","targetHints":{"allow":["GET"]}}],"collection":[{"href":"https:\/\/roveyayinevi.com.tr\/index.php\/wp-json\/wp\/v2\/product"}],"about":[{"href":"https:\/\/roveyayinevi.com.tr\/index.php\/wp-json\/wp\/v2\/types\/product"}],"wp:attachment":[{"href":"https:\/\/roveyayinevi.com.tr\/index.php\/wp-json\/wp\/v2\/media?parent=770401"}],"wp:term":[{"taxonomy":"product_brand","embeddable":true,"href":"https:\/\/roveyayinevi.com.tr\/index.php\/wp-json\/wp\/v2\/product_brand?post=770401"},{"taxonomy":"product_cat","embeddable":true,"href":"https:\/\/roveyayinevi.com.tr\/index.php\/wp-json\/wp\/v2\/product_cat?post=770401"},{"taxonomy":"product_tag","embeddable":true,"href":"https:\/\/roveyayinevi.com.tr\/index.php\/wp-json\/wp\/v2\/product_tag?post=770401"}],"curies":[{"name":"wp","href":"https:\/\/api.w.org\/{rel}","templated":true}]}}