{"id":770399,"date":"2025-08-28T14:28:25","date_gmt":"2025-08-28T11:28:25","guid":{"rendered":"https:\/\/roveyayinevi.com.tr\/index.php\/urun\/anneligin-muhtesem-tarihi-yolculugu\/"},"modified":"2026-04-15T03:36:40","modified_gmt":"2026-04-15T00:36:40","slug":"anneligin-muhtesem-tarihi-yolculugu","status":"publish","type":"product","link":"https:\/\/roveyayinevi.com.tr\/index.php\/urun\/anneligin-muhtesem-tarihi-yolculugu\/","title":{"rendered":"Anneli\u011fin Muhte\u015fem Tarihi Yolculu\u011fu"},"content":{"rendered":"<p>Annelik, insanl\u0131k tarihi boyunca biyolojik, psikolojik ve toplumsal a\u00e7\u0131dan s\u00fcrekli de\u011fi\u015fen ve evrilen bir kavram olmu\u015ftur. Kad\u0131nlar\u0131n \u00e7ocuklar\u0131n\u0131 d\u00fcnyaya getirme, b\u00fcy\u00fctme ve koruma sorumlulu\u011fu, tarihsel s\u00fcre\u00e7te farkl\u0131 fiziksel ve toplumsal ko\u015fullara g\u00f6re \u015fekillenmi\u015ftir. G\u00fcn\u00fcm\u00fczde ise annelik, geleneksel kal\u0131plar\u0131n s\u0131n\u0131rlar\u0131n\u0131 a\u015farak \u00e7ok boyutlu ve dinamik bir kimli\u011fe d\u00f6n\u00fc\u015fm\u00fc\u015ft\u00fcr.   Modern insan\u0131n ortaya \u00e7\u0131k\u0131\u015f\u0131n\u0131 m\u00fcmk\u00fcn k\u0131lan uzun evrimsel s\u00fcre\u00e7, iki ayak \u00fczerinde y\u00fcr\u00fcme yetene\u011fiyle ba\u015flad\u0131. Bizi insan yapan t\u00fcm \u00f6zelliklerimizin toplam\u0131 \u00e7ocuklar\u0131m\u0131z\u0131n rahim d\u0131\u015f\u0131na ta\u015fan uzun geli\u015fme s\u00fcrecinden kaynakland\u0131. Bu s\u00fcre\u00e7te anne hem rahimdeki embriyoya hem de do\u011fumdan sonra geli\u015fimini tamamlamam\u0131\u015f bebe\u011fine ola\u011fan\u00fcst\u00fc bir yat\u0131r\u0131m yapmak zorundayd\u0131. \u00d6yle ki annenin yoklu\u011fu, bebe\u011fin ya\u015fam\u0131n\u0131 do\u011frudan riske atabilecek kadar kritik bir fakt\u00f6rd\u00fc.   Bu kitap, kad\u0131n bedeninde milyonlarca y\u0131l boyunca s\u00fcregelen anatomik de\u011fi\u015fimlerin anneli\u011fin ve dolay\u0131s\u0131yla insan k\u00fclt\u00fcr\u00fcn\u00fcn olu\u015fumuna nas\u0131l y\u00f6n verdi\u011fini ortaya koyuyor. Uzun \u00e7ocukluk d\u00f6nemi insan t\u00fcr\u00fcn\u00fcn en b\u00fcy\u00fck evrimsel d\u00f6n\u00fc\u015f\u00fcmlerinden birine yol a\u00e7arken, kad\u0131n anneli\u011fiyle bu de\u011fi\u015fimin mimar\u0131 olmu\u015ftur. <\/p>\n","protected":false},"excerpt":{"rendered":"<p>Annelik, insanl\u0131k tarihi boyunca biyolojik, psikolojik ve toplumsal a\u00e7\u0131dan s\u00fcrekli de\u011fi\u015fen ve evrilen bir kavram olmu\u015ftur. Kad\u0131nlar\u0131n \u00e7ocuklar\u0131n\u0131 d\u00fcnyaya getirme, b\u00fcy\u00fctme ve koruma sorumlulu\u011fu, tarihsel s\u00fcre\u00e7te<span class=\"excerpt-hellip\"> [\u2026]<\/span><\/p>\n","protected":false},"featured_media":0,"template":"","meta":{"_monsterinsights_skip_tracking":false,"_monsterinsights_sitenote_active":false,"_monsterinsights_sitenote_note":"","_monsterinsights_sitenote_category":0},"product_brand":[],"product_cat":[12357],"product_tag":[],"class_list":{"0":"post-770399","1":"product","2":"type-product","3":"status-publish","5":"product_cat-psikoloji","6":"pa_cilt-ciltsiz","7":"pa_tur-kitap","8":"pa_yayinevi-pusula-yayinevi-ankara","9":"pa_yazar-senel-uguroglu","11":"first","12":"instock","13":"sale","14":"shipping-taxable","15":"purchasable","16":"product-type-simple"},"_links":{"self":[{"href":"https:\/\/roveyayinevi.com.tr\/index.php\/wp-json\/wp\/v2\/product\/770399","targetHints":{"allow":["GET"]}}],"collection":[{"href":"https:\/\/roveyayinevi.com.tr\/index.php\/wp-json\/wp\/v2\/product"}],"about":[{"href":"https:\/\/roveyayinevi.com.tr\/index.php\/wp-json\/wp\/v2\/types\/product"}],"wp:attachment":[{"href":"https:\/\/roveyayinevi.com.tr\/index.php\/wp-json\/wp\/v2\/media?parent=770399"}],"wp:term":[{"taxonomy":"product_brand","embeddable":true,"href":"https:\/\/roveyayinevi.com.tr\/index.php\/wp-json\/wp\/v2\/product_brand?post=770399"},{"taxonomy":"product_cat","embeddable":true,"href":"https:\/\/roveyayinevi.com.tr\/index.php\/wp-json\/wp\/v2\/product_cat?post=770399"},{"taxonomy":"product_tag","embeddable":true,"href":"https:\/\/roveyayinevi.com.tr\/index.php\/wp-json\/wp\/v2\/product_tag?post=770399"}],"curies":[{"name":"wp","href":"https:\/\/api.w.org\/{rel}","templated":true}]}}