{"id":770396,"date":"2025-08-28T14:28:19","date_gmt":"2025-08-28T11:28:19","guid":{"rendered":"https:\/\/roveyayinevi.com.tr\/index.php\/urun\/ucurumun-basinda-miras\/"},"modified":"2026-04-15T03:36:40","modified_gmt":"2026-04-15T00:36:40","slug":"ucurumun-basinda-miras","status":"publish","type":"product","link":"https:\/\/roveyayinevi.com.tr\/index.php\/urun\/ucurumun-basinda-miras\/","title":{"rendered":"U\u00e7urumun Ba\u015f\u0131nda \u2018\u2018MirAS\u2019\u2019"},"content":{"rendered":"<p>Bozk\u0131r\u0131 severim, Kavaklar\u0131n\u0131 bozk\u0131r\u0131n S\u00f6\u011f\u00fctlerini bir de Su ba\u015f\u0131nda bitmi\u015f Nazl\u0131 nazl\u0131 sal\u0131n\u0131\u015f\u0131n\u0131 r\u00fczg\u00e2rda Yaln\u0131zl\u0131\u011f\u0131n\u0131 bazen Tek a\u011fac\u0131n\u0131 \u0131ss\u0131zl\u0131\u011f\u0131n\u0131n ortas\u0131nda Terk edilmi\u015f Belki de terk etmi\u015fli\u011fini Cesaretini, K\u0131\u015f\u0131na, gecesine direni\u015fini O tek a\u011fac\u0131n Ve \u0131ss\u0131zl\u0131\u011f\u0131 b\u00f6l\u00fc\u015f\u00fcn\u00fc Gecede bayku\u015f sesi gibi   Bozk\u0131r\u0131 severim Da\u011f\u0131lmadan, y\u0131k\u0131lmadan Durmay\u0131 \u00f6\u011fretir. <\/p>\n","protected":false},"excerpt":{"rendered":"<p>Bozk\u0131r\u0131 severim, Kavaklar\u0131n\u0131 bozk\u0131r\u0131n S\u00f6\u011f\u00fctlerini bir de Su ba\u015f\u0131nda bitmi\u015f Nazl\u0131 nazl\u0131 sal\u0131n\u0131\u015f\u0131n\u0131 r\u00fczg\u00e2rda Yaln\u0131zl\u0131\u011f\u0131n\u0131 bazen Tek a\u011fac\u0131n\u0131 \u0131ss\u0131zl\u0131\u011f\u0131n\u0131n ortas\u0131nda Terk edilmi\u015f Belki de terk etmi\u015fli\u011fini<span class=\"excerpt-hellip\"> [\u2026]<\/span><\/p>\n","protected":false},"featured_media":0,"template":"","meta":{"_monsterinsights_skip_tracking":false,"_monsterinsights_sitenote_active":false,"_monsterinsights_sitenote_note":"","_monsterinsights_sitenote_category":0},"product_brand":[],"product_cat":[12291,12509],"product_tag":[],"class_list":{"0":"post-770396","1":"product","2":"type-product","3":"status-publish","5":"product_cat-edebiyat","6":"product_cat-siir","7":"pa_cilt-ciltsiz","8":"pa_tur-kitap","9":"pa_yayinevi-favori-yayinlari","10":"pa_yazar-elvan-sagbili","12":"first","13":"instock","14":"sale","15":"shipping-taxable","16":"purchasable","17":"product-type-simple"},"_links":{"self":[{"href":"https:\/\/roveyayinevi.com.tr\/index.php\/wp-json\/wp\/v2\/product\/770396","targetHints":{"allow":["GET"]}}],"collection":[{"href":"https:\/\/roveyayinevi.com.tr\/index.php\/wp-json\/wp\/v2\/product"}],"about":[{"href":"https:\/\/roveyayinevi.com.tr\/index.php\/wp-json\/wp\/v2\/types\/product"}],"wp:attachment":[{"href":"https:\/\/roveyayinevi.com.tr\/index.php\/wp-json\/wp\/v2\/media?parent=770396"}],"wp:term":[{"taxonomy":"product_brand","embeddable":true,"href":"https:\/\/roveyayinevi.com.tr\/index.php\/wp-json\/wp\/v2\/product_brand?post=770396"},{"taxonomy":"product_cat","embeddable":true,"href":"https:\/\/roveyayinevi.com.tr\/index.php\/wp-json\/wp\/v2\/product_cat?post=770396"},{"taxonomy":"product_tag","embeddable":true,"href":"https:\/\/roveyayinevi.com.tr\/index.php\/wp-json\/wp\/v2\/product_tag?post=770396"}],"curies":[{"name":"wp","href":"https:\/\/api.w.org\/{rel}","templated":true}]}}