{"id":770394,"date":"2025-08-28T14:28:14","date_gmt":"2025-08-28T11:28:14","guid":{"rendered":"https:\/\/roveyayinevi.com.tr\/index.php\/urun\/sakincali-yazilar\/"},"modified":"2026-04-15T03:36:40","modified_gmt":"2026-04-15T00:36:40","slug":"sakincali-yazilar","status":"publish","type":"product","link":"https:\/\/roveyayinevi.com.tr\/index.php\/urun\/sakincali-yazilar\/","title":{"rendered":"Sak\u0131ncal\u0131 Yaz\u0131lar"},"content":{"rendered":"<p>\u00c7a\u011flar boyunca egemenler; karanl\u0131\u011f\u0131, zulm\u00fc, gericili\u011fi ve s\u00f6m\u00fcr\u00fcy\u00fc temsil etmi\u015flerdir. \u0130\u015fkenceyi, s\u00fcrg\u00fcnleri ve \u00f6l\u00fcm\u00fc g\u00f6ze alarak ger\u00e7ekleri savunanlar\u0131 ise hep \u2018\u2018sak\u0131ncal\u0131\u2019\u2019 ilan etmi\u015flerdir.   \u00dclkemizde de \u00f6zellikle askeri darbeler d\u00f6neminde \u00e7o\u011funlukla gazeteciler ve yazarlar \u2018\u2018sak\u0131ncal\u0131\u2019\u2019 listelerine dahil edilir, zulm\u00fcn bin bir \u00e7e\u015fidine muhatap edilirlerdi.   G\u00fcn\u00fcm\u00fczde de de\u011fi\u015fen pek bir \u015fey yok; maalesef hapishaneler gazeteci ve yazarlarla dolu. Buna ra\u011fmen her \u015feyi g\u00f6ze alarak ger\u00e7ekleri yazmaya devam eden onlarca cesur y\u00fcrek var.   \u0130\u015fte onlardan birinin, Recai \u015eeyho\u011flu\u2019nun \u2018\u2018sak\u0131ncal\u0131\u2019\u2019 yaz\u0131lar\u0131n\u0131 okuyacaks\u0131n\u0131z bu kitapta\u2026 <\/p>\n","protected":false},"excerpt":{"rendered":"<p>\u00c7a\u011flar boyunca egemenler; karanl\u0131\u011f\u0131, zulm\u00fc, gericili\u011fi ve s\u00f6m\u00fcr\u00fcy\u00fc temsil etmi\u015flerdir. \u0130\u015fkenceyi, s\u00fcrg\u00fcnleri ve \u00f6l\u00fcm\u00fc g\u00f6ze alarak ger\u00e7ekleri savunanlar\u0131 ise hep \u2018\u2018sak\u0131ncal\u0131\u2019\u2019 ilan etmi\u015flerdir. \u00dclkemizde de \u00f6zellikle<span class=\"excerpt-hellip\"> [\u2026]<\/span><\/p>\n","protected":false},"featured_media":0,"template":"","meta":{"_monsterinsights_skip_tracking":false,"_monsterinsights_sitenote_active":false,"_monsterinsights_sitenote_note":"","_monsterinsights_sitenote_category":0},"product_brand":[],"product_cat":[12777,12291],"product_tag":[],"class_list":{"0":"post-770394","1":"product","2":"type-product","3":"status-publish","5":"product_cat-deneme","6":"product_cat-edebiyat","7":"pa_cilt-ciltsiz","8":"pa_tur-kitap","9":"pa_yayinevi-favori-yayinlari","10":"pa_yazar-recai-seyhoglu","12":"first","13":"instock","14":"sale","15":"shipping-taxable","16":"purchasable","17":"product-type-simple"},"_links":{"self":[{"href":"https:\/\/roveyayinevi.com.tr\/index.php\/wp-json\/wp\/v2\/product\/770394","targetHints":{"allow":["GET"]}}],"collection":[{"href":"https:\/\/roveyayinevi.com.tr\/index.php\/wp-json\/wp\/v2\/product"}],"about":[{"href":"https:\/\/roveyayinevi.com.tr\/index.php\/wp-json\/wp\/v2\/types\/product"}],"wp:attachment":[{"href":"https:\/\/roveyayinevi.com.tr\/index.php\/wp-json\/wp\/v2\/media?parent=770394"}],"wp:term":[{"taxonomy":"product_brand","embeddable":true,"href":"https:\/\/roveyayinevi.com.tr\/index.php\/wp-json\/wp\/v2\/product_brand?post=770394"},{"taxonomy":"product_cat","embeddable":true,"href":"https:\/\/roveyayinevi.com.tr\/index.php\/wp-json\/wp\/v2\/product_cat?post=770394"},{"taxonomy":"product_tag","embeddable":true,"href":"https:\/\/roveyayinevi.com.tr\/index.php\/wp-json\/wp\/v2\/product_tag?post=770394"}],"curies":[{"name":"wp","href":"https:\/\/api.w.org\/{rel}","templated":true}]}}