{"id":770392,"date":"2025-08-28T14:28:09","date_gmt":"2025-08-28T11:28:09","guid":{"rendered":"https:\/\/roveyayinevi.com.tr\/index.php\/urun\/bir-muzik-dusunuru-maestro-rengim-gokmen\/"},"modified":"2026-04-15T03:36:40","modified_gmt":"2026-04-15T00:36:40","slug":"bir-muzik-dusunuru-maestro-rengim-gokmen","status":"publish","type":"product","link":"https:\/\/roveyayinevi.com.tr\/index.php\/urun\/bir-muzik-dusunuru-maestro-rengim-gokmen\/","title":{"rendered":"Bir M\u00fczik D\u00fc\u015f\u00fcn\u00fcr\u00fc Maestro Rengim G\u00f6kmen"},"content":{"rendered":"<p>Rengim G\u00f6kmen, ki\u015fisel tarihi Cumhuriyet&#8217;in k\u00fclt\u00fcr sanat ve m\u00fczik alan\u0131ndaki \u00e7a\u011fda\u015fla\u015fma tarihiyle i\u00e7 i\u00e7e ge\u00e7mi\u015f bir isim&#8230; Y\u0131k\u0131lm\u0131\u015f bir imparatorlu\u011fun k\u00fcllerinden do\u011fun gen\u00e7 Cumhuriyet&#8217;in ilk ku\u015fak sanat\u00e7\u0131lar\u0131n\u0131n yeni kurulmu\u015f konservatuvarda tan\u0131\u015fmas\u0131yla ba\u015flayan hik\u00e2ye, G\u00f6kmen&#8217;in \u00f6\u011frencilik y\u0131llar\u0131nda Ahmed Adnan Saygun ve \u0130lhan Baran tan\u0131kl\u0131klar\u0131yla devam ediyor. Kendi de m\u00fczik tarihimizde yerini al\u0131rken, bug\u00fcn &#8216;efsane&#8217; olmu\u015f isimlerin \u00e7o\u011fuyla yolu kesi\u015fmi\u015f. G\u00f6kmen ile hayat hikayesiyle birlikte orkestralar\u0131n nas\u0131l \u00e7al\u0131\u015ft\u0131\u011f\u0131ndan m\u00fczi\u011fin tarihi, felsefesi ve tekniklerine, g\u00fcncel tart\u0131\u015fmalardan pop\u00fcler k\u00fclt\u00fcr konular\u0131na \u00e7ok geni\u015f bir yelpazede yolculuk yapt\u0131k. O, orkestra \u015fefi ve e\u011fitimci kimli\u011fiyle beraber m\u00fczi\u011fin akla gelebilecek her boyutuyla ilgili ve her daim &#8216;Nas\u0131l daha iyi, topluma daha faydal\u0131 olabilir?&#8217; sorulur\u0131 \u00fczerine kafa yoran bir &#8216;m\u00fczik d\u00fc\u015f\u00fcn\u00fcr\u00fc.&#8217;Diyor ki: &#8220;Sanat bir toplumun k\u00fclt\u00fcr\u00fcn\u00fcn en \u00f6nemli aya\u011f\u0131, d\u00fcnya ile ba\u011flant\u0131s\u0131n\u0131 kuran, onu evrenselli\u011fe ta\u015f\u0131yan en \u00f6nemli g\u00fc\u00e7t\u00fcr. Sanat bir toplumun yarat\u0131c\u0131l\u0131\u011f\u0131n\u0131 tetikleyen unsurdur. B\u00fct\u00fcn yarat\u0131c\u0131 fikirlerin, hatta bilimsel bulu\u015flar\u0131n temelinde hayal kurma yani sanat\u0131n g\u00fcc\u00fc vard\u0131r. Felsefe insan akl\u0131n\u0131 kullan\u0131r, bilim deney yapar, sanat hayal g\u00fcc\u00fcn\u00fc kullanarak ger\u00e7e\u011fe ula\u015fmaya \u00e7al\u0131\u015f\u0131r. Birbirini besleyen bu \u00fc\u00e7 unsurdan birisi eksik olursa o toplumun geli\u015fmesi ve \u00e7a\u011fa ayak uydurmas\u0131 beklenemez&#8221; <\/p>\n","protected":false},"excerpt":{"rendered":"<p>Rengim G\u00f6kmen, ki\u015fisel tarihi Cumhuriyet&#8217;in k\u00fclt\u00fcr sanat ve m\u00fczik alan\u0131ndaki \u00e7a\u011fda\u015fla\u015fma tarihiyle i\u00e7 i\u00e7e ge\u00e7mi\u015f bir isim&#8230; Y\u0131k\u0131lm\u0131\u015f bir imparatorlu\u011fun k\u00fcllerinden do\u011fun gen\u00e7 Cumhuriyet&#8217;in ilk ku\u015fak<span class=\"excerpt-hellip\"> [\u2026]<\/span><\/p>\n","protected":false},"featured_media":0,"template":"","meta":{"_monsterinsights_skip_tracking":false,"_monsterinsights_sitenote_active":false,"_monsterinsights_sitenote_note":"","_monsterinsights_sitenote_category":0},"product_brand":[],"product_cat":[14009,12291],"product_tag":[],"class_list":{"0":"post-770392","1":"product","2":"type-product","3":"status-publish","5":"product_cat-biyografi-otobiyografi-edebiyat","6":"product_cat-edebiyat","7":"pa_cilt-ciltsiz","8":"pa_tur-kitap","9":"pa_yayinevi-sevda-cenap-and-muzik-vakfi-yayinlari","10":"pa_yazar-zeynep-bilgehan","12":"first","13":"instock","14":"sale","15":"shipping-taxable","16":"purchasable","17":"product-type-simple"},"_links":{"self":[{"href":"https:\/\/roveyayinevi.com.tr\/index.php\/wp-json\/wp\/v2\/product\/770392","targetHints":{"allow":["GET"]}}],"collection":[{"href":"https:\/\/roveyayinevi.com.tr\/index.php\/wp-json\/wp\/v2\/product"}],"about":[{"href":"https:\/\/roveyayinevi.com.tr\/index.php\/wp-json\/wp\/v2\/types\/product"}],"wp:attachment":[{"href":"https:\/\/roveyayinevi.com.tr\/index.php\/wp-json\/wp\/v2\/media?parent=770392"}],"wp:term":[{"taxonomy":"product_brand","embeddable":true,"href":"https:\/\/roveyayinevi.com.tr\/index.php\/wp-json\/wp\/v2\/product_brand?post=770392"},{"taxonomy":"product_cat","embeddable":true,"href":"https:\/\/roveyayinevi.com.tr\/index.php\/wp-json\/wp\/v2\/product_cat?post=770392"},{"taxonomy":"product_tag","embeddable":true,"href":"https:\/\/roveyayinevi.com.tr\/index.php\/wp-json\/wp\/v2\/product_tag?post=770392"}],"curies":[{"name":"wp","href":"https:\/\/api.w.org\/{rel}","templated":true}]}}