{"id":770389,"date":"2025-08-28T14:28:03","date_gmt":"2025-08-28T11:28:03","guid":{"rendered":"https:\/\/roveyayinevi.com.tr\/index.php\/urun\/e-ticaret-ve-e-is\/"},"modified":"2026-04-15T03:36:39","modified_gmt":"2026-04-15T00:36:39","slug":"e-ticaret-ve-e-is","status":"publish","type":"product","link":"https:\/\/roveyayinevi.com.tr\/index.php\/urun\/e-ticaret-ve-e-is\/","title":{"rendered":"E-Ticaret ve E-\u0130\u015f"},"content":{"rendered":"<p>G\u00fcn\u00fcm\u00fczde e-d\u00fcnya, e-ekonomi, e-i\u015f, e-i\u015fletme, e-ticaret, e-devlet, e-T\u00fcrkiye, e-Avrupa gibi \u201cElektronik\u201d kelimesinin ilk harfi olan \u201ce\u201dyi her kelimenin \u00f6n\u00fcnde g\u00f6r\u00fcyoruz.\u0130nternet kullan\u0131m\u0131 artm\u0131\u015f ve yayg\u0131nla\u015fm\u0131\u015f en \u00f6nemli etkisini ticaretin elektronik ortama ta\u015f\u0131nmas\u0131yla g\u00f6r\u00fcyoruz.Elektronik ortamda yap\u0131lan ticaret g\u00fcn\u00fcm\u00fczde elektronik ticaret ya da e-ticaret ad\u0131n\u0131 alm\u0131\u015ft\u0131r. Uluslararas\u0131 rekabet i\u00e7in gereklidir.<\/p>\n","protected":false},"excerpt":{"rendered":"<p>G\u00fcn\u00fcm\u00fczde e-d\u00fcnya, e-ekonomi, e-i\u015f, e-i\u015fletme, e-ticaret, e-devlet, e-T\u00fcrkiye, e-Avrupa gibi \u201cElektronik\u201d kelimesinin ilk harfi olan \u201ce\u201dyi her kelimenin \u00f6n\u00fcnde g\u00f6r\u00fcyoruz.\u0130nternet kullan\u0131m\u0131 artm\u0131\u015f ve yayg\u0131nla\u015fm\u0131\u015f en \u00f6nemli<span class=\"excerpt-hellip\"> [\u2026]<\/span><\/p>\n","protected":false},"featured_media":0,"template":"","meta":{"_monsterinsights_skip_tracking":false,"_monsterinsights_sitenote_active":false,"_monsterinsights_sitenote_note":"","_monsterinsights_sitenote_category":0},"product_brand":[],"product_cat":[14841,13043],"product_tag":[],"class_list":{"0":"post-770389","1":"product","2":"type-product","3":"status-publish","5":"product_cat-arastirma-inceleme-kuram","6":"product_cat-ekonomi","7":"pa_cilt-ciltsiz","8":"pa_tur-kitap","9":"pa_yayinevi-gulnar-yayinlari","10":"pa_yazar-emin-ergun-selcuk","12":"first","13":"instock","14":"sale","15":"shipping-taxable","16":"purchasable","17":"product-type-simple"},"_links":{"self":[{"href":"https:\/\/roveyayinevi.com.tr\/index.php\/wp-json\/wp\/v2\/product\/770389","targetHints":{"allow":["GET"]}}],"collection":[{"href":"https:\/\/roveyayinevi.com.tr\/index.php\/wp-json\/wp\/v2\/product"}],"about":[{"href":"https:\/\/roveyayinevi.com.tr\/index.php\/wp-json\/wp\/v2\/types\/product"}],"wp:attachment":[{"href":"https:\/\/roveyayinevi.com.tr\/index.php\/wp-json\/wp\/v2\/media?parent=770389"}],"wp:term":[{"taxonomy":"product_brand","embeddable":true,"href":"https:\/\/roveyayinevi.com.tr\/index.php\/wp-json\/wp\/v2\/product_brand?post=770389"},{"taxonomy":"product_cat","embeddable":true,"href":"https:\/\/roveyayinevi.com.tr\/index.php\/wp-json\/wp\/v2\/product_cat?post=770389"},{"taxonomy":"product_tag","embeddable":true,"href":"https:\/\/roveyayinevi.com.tr\/index.php\/wp-json\/wp\/v2\/product_tag?post=770389"}],"curies":[{"name":"wp","href":"https:\/\/api.w.org\/{rel}","templated":true}]}}