{"id":770387,"date":"2025-08-28T14:27:59","date_gmt":"2025-08-28T11:27:59","guid":{"rendered":"https:\/\/roveyayinevi.com.tr\/index.php\/urun\/anne-ben-kimim-2\/"},"modified":"2026-04-15T03:36:39","modified_gmt":"2026-04-15T00:36:39","slug":"anne-ben-kimim-2","status":"publish","type":"product","link":"https:\/\/roveyayinevi.com.tr\/index.php\/urun\/anne-ben-kimim-2\/","title":{"rendered":"Anne Ben Kimim?"},"content":{"rendered":"<p>Onlara say\u0131lar\u0131, renkleri, \u015fekilleri \u00f6\u011fretiriz. Ama bazen yan\u0131tlanmas\u0131 g\u00fc\u00e7 sorular sorarlar. Peki b\u00f6yle durumlarda onlara ne kadar yard\u0131mc\u0131 olabiliyoruz? Elinizdeki kitap bir \u00f6m\u00fcr boyu yan\u0131t\u0131n\u0131 arad\u0131\u011f\u0131m\u0131z en \u00f6nemli sorulardan biri hakk\u0131nda: BEN K\u0130M\u0130M?<\/p>\n","protected":false},"excerpt":{"rendered":"<p>Onlara say\u0131lar\u0131, renkleri, \u015fekilleri \u00f6\u011fretiriz. Ama bazen yan\u0131tlanmas\u0131 g\u00fc\u00e7 sorular sorarlar. Peki b\u00f6yle durumlarda onlara ne kadar yard\u0131mc\u0131 olabiliyoruz? Elinizdeki kitap bir \u00f6m\u00fcr boyu yan\u0131t\u0131n\u0131 arad\u0131\u011f\u0131m\u0131z<span class=\"excerpt-hellip\"> [\u2026]<\/span><\/p>\n","protected":false},"featured_media":0,"template":"","meta":{"_monsterinsights_skip_tracking":false,"_monsterinsights_sitenote_active":false,"_monsterinsights_sitenote_note":"","_monsterinsights_sitenote_category":0},"product_brand":[],"product_cat":[12274,12284],"product_tag":[],"class_list":{"0":"post-770387","1":"product","2":"type-product","3":"status-publish","5":"product_cat-cocuk-ve-genclik-kitaplari","6":"product_cat-hikayeler","7":"pa_cilt-ciltsiz","8":"pa_tur-kitap","9":"pa_yayinevi-mavi-bulut-yayinlari","10":"pa_yazar-marianne-valentine","12":"first","13":"instock","14":"sale","15":"shipping-taxable","16":"purchasable","17":"product-type-simple"},"_links":{"self":[{"href":"https:\/\/roveyayinevi.com.tr\/index.php\/wp-json\/wp\/v2\/product\/770387","targetHints":{"allow":["GET"]}}],"collection":[{"href":"https:\/\/roveyayinevi.com.tr\/index.php\/wp-json\/wp\/v2\/product"}],"about":[{"href":"https:\/\/roveyayinevi.com.tr\/index.php\/wp-json\/wp\/v2\/types\/product"}],"wp:attachment":[{"href":"https:\/\/roveyayinevi.com.tr\/index.php\/wp-json\/wp\/v2\/media?parent=770387"}],"wp:term":[{"taxonomy":"product_brand","embeddable":true,"href":"https:\/\/roveyayinevi.com.tr\/index.php\/wp-json\/wp\/v2\/product_brand?post=770387"},{"taxonomy":"product_cat","embeddable":true,"href":"https:\/\/roveyayinevi.com.tr\/index.php\/wp-json\/wp\/v2\/product_cat?post=770387"},{"taxonomy":"product_tag","embeddable":true,"href":"https:\/\/roveyayinevi.com.tr\/index.php\/wp-json\/wp\/v2\/product_tag?post=770387"}],"curies":[{"name":"wp","href":"https:\/\/api.w.org\/{rel}","templated":true}]}}