{"id":770383,"date":"2025-08-28T14:27:49","date_gmt":"2025-08-28T11:27:49","guid":{"rendered":"https:\/\/roveyayinevi.com.tr\/index.php\/urun\/disney-pixar-ters-yuz-2-bastan-sona-maskeli-boyama-kitabi\/"},"modified":"2026-04-15T03:36:39","modified_gmt":"2026-04-15T00:36:39","slug":"disney-pixar-ters-yuz-2-bastan-sona-maskeli-boyama-kitabi","status":"publish","type":"product","link":"https:\/\/roveyayinevi.com.tr\/index.php\/urun\/disney-pixar-ters-yuz-2-bastan-sona-maskeli-boyama-kitabi\/","title":{"rendered":"Disney Pixar Ters Y\u00fcz 2 &#8211; Ba\u015ftan Sona Maskeli Boyama Kitab\u0131"},"content":{"rendered":"<p>Ba\u015ftan sona e\u011flence seni bekliyor! En sevdi\u011fin karakterlerin d\u00fcnyas\u0131na dal, sayfalar\u0131 renklendir ve \u00e7\u0131kartmalarla s\u00fcsle!<\/p>\n","protected":false},"excerpt":{"rendered":"<p>Ba\u015ftan sona e\u011flence seni bekliyor! En sevdi\u011fin karakterlerin d\u00fcnyas\u0131na dal, sayfalar\u0131 renklendir ve \u00e7\u0131kartmalarla s\u00fcsle!<\/p>\n","protected":false},"featured_media":0,"template":"","meta":{"_monsterinsights_skip_tracking":false,"_monsterinsights_sitenote_active":false,"_monsterinsights_sitenote_note":"","_monsterinsights_sitenote_category":0},"product_brand":[],"product_cat":[12644,12274],"product_tag":[],"class_list":{"0":"post-770383","1":"product","2":"type-product","3":"status-publish","5":"product_cat-boyama-kitaplari","6":"product_cat-cocuk-ve-genclik-kitaplari","7":"pa_cilt-ciltsiz","8":"pa_tur-kitap","9":"pa_yayinevi-dogan-cocuk","10":"pa_yazar-kolektif","12":"first","13":"instock","14":"sale","15":"shipping-taxable","16":"purchasable","17":"product-type-simple"},"_links":{"self":[{"href":"https:\/\/roveyayinevi.com.tr\/index.php\/wp-json\/wp\/v2\/product\/770383","targetHints":{"allow":["GET"]}}],"collection":[{"href":"https:\/\/roveyayinevi.com.tr\/index.php\/wp-json\/wp\/v2\/product"}],"about":[{"href":"https:\/\/roveyayinevi.com.tr\/index.php\/wp-json\/wp\/v2\/types\/product"}],"wp:attachment":[{"href":"https:\/\/roveyayinevi.com.tr\/index.php\/wp-json\/wp\/v2\/media?parent=770383"}],"wp:term":[{"taxonomy":"product_brand","embeddable":true,"href":"https:\/\/roveyayinevi.com.tr\/index.php\/wp-json\/wp\/v2\/product_brand?post=770383"},{"taxonomy":"product_cat","embeddable":true,"href":"https:\/\/roveyayinevi.com.tr\/index.php\/wp-json\/wp\/v2\/product_cat?post=770383"},{"taxonomy":"product_tag","embeddable":true,"href":"https:\/\/roveyayinevi.com.tr\/index.php\/wp-json\/wp\/v2\/product_tag?post=770383"}],"curies":[{"name":"wp","href":"https:\/\/api.w.org\/{rel}","templated":true}]}}