{"id":770379,"date":"2025-08-28T14:27:39","date_gmt":"2025-08-28T11:27:39","guid":{"rendered":"https:\/\/roveyayinevi.com.tr\/index.php\/urun\/fosforlu-cevriye-ozel-baski-ciltli\/"},"modified":"2026-04-15T03:36:39","modified_gmt":"2026-04-15T00:36:39","slug":"fosforlu-cevriye-ozel-baski-ciltli","status":"publish","type":"product","link":"https:\/\/roveyayinevi.com.tr\/index.php\/urun\/fosforlu-cevriye-ozel-baski-ciltli\/","title":{"rendered":"Fosforlu Cevriye \u2013 \u00d6zel Bask\u0131 (Ciltli)"},"content":{"rendered":"<p>G\u00fczelli\u011fi dillere destan, yeri geldi\u011finde mangalda k\u00fcl b\u0131rakmayan, g\u00f6ky\u00fcz\u00fcndeki y\u0131ld\u0131zlardan d\u00fc\u015ft\u00fc\u011f\u00fcne inanacak kadar saf bir fahi\u015fe Fosforlu. \u0130stanbul\u2019un izbe sokaklar\u0131n\u0131n, yang\u0131n yerlerinin, mezarl\u0131klar\u0131n, surlar\u0131n, Tekfur Saray\u0131 harabelerinin ve bostanlar\u0131n en cazip k\u0131z\u0131 o. G\u00fcn\u00fcn birinde hi\u00e7 tan\u0131mad\u0131\u011f\u0131 bir adam \u00e7\u0131k\u0131yor kar\u015f\u0131s\u0131na. Hastal\u0131\u011f\u0131nda ona bakan, itina eden, ilk kez bir kad\u0131n oldu\u011funu hissettiren, onu bir et par\u00e7as\u0131 olarak g\u00f6rmeyen bir adam. Ve birden Cevriye\u2019nin karanl\u0131kta bile par\u0131ldayan o fosforlu sa\u00e7lar\u0131n\u0131n alevi y\u00fcre\u011fine s\u0131\u00e7r\u0131yor. O art\u0131k ba\u015ftan aya\u011fa ate\u015f, ba\u015ftan aya\u011fa a\u015fk!\u201cBir gece kad\u0131n\u0131na, bir karanl\u0131k k\u0131z\u0131na bundan daha g\u00fczel ve onu daha iyi vas\u0131fland\u0131ran bir s\u0131fat bulmaya imk\u00e2n m\u0131 vard\u0131! G\u00fczelli\u011fi kadar, ismi de kald\u0131r\u0131mlarda me\u015fhurdu.\u201dSuat Dervi\u015f, 1948\u2019de tefrika edilen Fosforlu Cevriye adl\u0131 roman\u0131nda, toplumun d\u0131\u015f\u0131na itilmi\u015f, \u201c\u00f6teki\u201d olarak konumland\u0131r\u0131lan bir fahi\u015fenin hayat\u0131n\u0131 anlat\u0131yor. \u0130stanbul\u2019un farkl\u0131 s\u0131n\u0131flar\u0131ndan karakterlere yer verdi\u011fi ve insan sevgisini temel ald\u0131\u011f\u0131 bu roman\u0131yla, toplumda var olan ikiy\u00fczl\u00fcl\u00fc\u011fe de ironik yakla\u015f\u0131m\u0131yla dikkat \u00e7ekiyor.T\u00fcrk edebiyat\u0131n\u0131n usta yazarlar\u0131ndan \u0130smail G\u00fczelsoy\u2019un \u201cAte\u015fi Ok\u015fayan Kad\u0131n\u201d ba\u015fl\u0131kl\u0131 sunu\u015fuyla&#8230;<\/p>\n","protected":false},"excerpt":{"rendered":"<p>G\u00fczelli\u011fi dillere destan, yeri geldi\u011finde mangalda k\u00fcl b\u0131rakmayan, g\u00f6ky\u00fcz\u00fcndeki y\u0131ld\u0131zlardan d\u00fc\u015ft\u00fc\u011f\u00fcne inanacak kadar saf bir fahi\u015fe Fosforlu. \u0130stanbul\u2019un izbe sokaklar\u0131n\u0131n, yang\u0131n yerlerinin, mezarl\u0131klar\u0131n, surlar\u0131n, Tekfur Saray\u0131<span class=\"excerpt-hellip\"> [\u2026]<\/span><\/p>\n","protected":false},"featured_media":0,"template":"","meta":{"_monsterinsights_skip_tracking":false,"_monsterinsights_sitenote_active":false,"_monsterinsights_sitenote_note":"","_monsterinsights_sitenote_category":0},"product_brand":[],"product_cat":[12291,12711],"product_tag":[],"class_list":{"0":"post-770379","1":"product","2":"type-product","3":"status-publish","5":"product_cat-edebiyat","6":"product_cat-roman-oyku","7":"pa_cilt-ciltli","8":"pa_tur-kitap","9":"pa_yayinevi-ithaki-yayinlari","10":"pa_yazar-suat-dervis","12":"first","13":"instock","14":"sale","15":"shipping-taxable","16":"purchasable","17":"product-type-simple"},"_links":{"self":[{"href":"https:\/\/roveyayinevi.com.tr\/index.php\/wp-json\/wp\/v2\/product\/770379","targetHints":{"allow":["GET"]}}],"collection":[{"href":"https:\/\/roveyayinevi.com.tr\/index.php\/wp-json\/wp\/v2\/product"}],"about":[{"href":"https:\/\/roveyayinevi.com.tr\/index.php\/wp-json\/wp\/v2\/types\/product"}],"wp:attachment":[{"href":"https:\/\/roveyayinevi.com.tr\/index.php\/wp-json\/wp\/v2\/media?parent=770379"}],"wp:term":[{"taxonomy":"product_brand","embeddable":true,"href":"https:\/\/roveyayinevi.com.tr\/index.php\/wp-json\/wp\/v2\/product_brand?post=770379"},{"taxonomy":"product_cat","embeddable":true,"href":"https:\/\/roveyayinevi.com.tr\/index.php\/wp-json\/wp\/v2\/product_cat?post=770379"},{"taxonomy":"product_tag","embeddable":true,"href":"https:\/\/roveyayinevi.com.tr\/index.php\/wp-json\/wp\/v2\/product_tag?post=770379"}],"curies":[{"name":"wp","href":"https:\/\/api.w.org\/{rel}","templated":true}]}}