{"id":770377,"date":"2025-08-28T14:27:34","date_gmt":"2025-08-28T11:27:34","guid":{"rendered":"https:\/\/roveyayinevi.com.tr\/index.php\/urun\/eve-bak-melek\/"},"modified":"2026-04-15T03:36:39","modified_gmt":"2026-04-15T00:36:39","slug":"eve-bak-melek","status":"publish","type":"product","link":"https:\/\/roveyayinevi.com.tr\/index.php\/urun\/eve-bak-melek\/","title":{"rendered":"Eve Bak, Melek"},"content":{"rendered":"<p>20. Y\u00dcZYILIN EN \u00d6NEML\u0130 ROMANLARINDAN EVE BAK, MELEK \u0130LK KEZ T\u00dcRK\u00c7EDE!\u201c1949\u2019da, on alt\u0131 ya\u015f\u0131mdayken, Thomas Wolfe\u2019u ke\u015ffettim. O, 1938\u2019de otuz sekiz ya\u015f\u0131nda hayata veda etmi\u015fti ve benim d\u0131\u015f\u0131mda pek \u00e7ok genci de edebiyat\u0131n sad\u0131k birer takip\u00e7isi h\u00e2line getirmi\u015fti. Wolfe\u2019un du\u0308nyas\u0131nda her \u015fey kahramanca bu\u0308yu\u0308tu\u0308lmu\u0308\u015f, \u00f6l\u00e7u\u0308su\u0308zdu\u0308. Kahramanlar\u0131n\u0131n yaln\u0131zl\u0131\u011f\u0131, benmerkezcili\u011fi ve ta\u015fk\u0131n bilinci, sonsuz bir \u015fekilde su\u0308rdu\u0308ru\u0308len a\u011f\u0131t niteli\u011findeki lirik u\u0308sluba d\u00f6nu\u0308\u015fu\u0308yordu; bu u\u0308slup, epik bir varolu\u015fa \u2013epik bir Amerikan varolu\u015funa\u2013 duyulan ham bir \u00f6zlemle besleniyordu.\u201d \u2014PHILIP ROTHYirminci yu\u0308zy\u0131l Amerikan edebiyat\u0131n\u0131n en gu\u0308\u00e7lu\u0308 kalemlerinden biri olan Thomas Wolfe, derin g\u00f6zlem gu\u0308cu\u0308 ve lirik anlat\u0131m\u0131yla edebiyatta kendine \u00f6zgu\u0308 bir yer edinmi\u015ftir. Otobiyografik izler ta\u015f\u0131yan eserleri, geni\u015f bir zaman ve mek\u00e2n alg\u0131s\u0131yla bireyin i\u00e7sel yolculu\u011funu epik bir dille i\u015fler. William Faulkner ve F. Scott Fitzgerald gibi \u00e7a\u011fda\u015flar\u0131yla birlikte Amerikan roman\u0131na yeni bir soluk getiren Wolfe, Eve Bak, Melek ile edebiyatta \u00f6lu\u0308msu\u0308zle\u015fmi\u015ftir.Bu yar\u0131 otobiyografik roman, hayalleriyle ger\u00e7ekler aras\u0131nda s\u0131k\u0131\u015fan Eugene Gant\u2019\u0131n bu\u0308yu\u0308me hik\u00e2yesini anlat\u0131r. Ku\u0308\u00e7u\u0308k bir gu\u0308ney kasabas\u0131nda do\u011fan Eugene, ailesinin \u00e7at\u0131\u015fmalar\u0131, toplumsal s\u0131n\u0131rlamalar ve kendi tutkular\u0131 aras\u0131nda kalm\u0131\u015ft\u0131r. \u00c7ocukluk y\u0131llar\u0131n\u0131n melankolisiyle olgunla\u015fan bu gen\u00e7 adam, bu\u0308yu\u0308k bir du\u0308nya \u00f6zlemiyle yan\u0131p tutu\u015fur.<\/p>\n","protected":false},"excerpt":{"rendered":"<p>20. Y\u00dcZYILIN EN \u00d6NEML\u0130 ROMANLARINDAN EVE BAK, MELEK \u0130LK KEZ T\u00dcRK\u00c7EDE!\u201c1949\u2019da, on alt\u0131 ya\u015f\u0131mdayken, Thomas Wolfe\u2019u ke\u015ffettim. O, 1938\u2019de otuz sekiz ya\u015f\u0131nda hayata veda etmi\u015fti ve<span class=\"excerpt-hellip\"> [\u2026]<\/span><\/p>\n","protected":false},"featured_media":0,"template":"","meta":{"_monsterinsights_skip_tracking":false,"_monsterinsights_sitenote_active":false,"_monsterinsights_sitenote_note":"","_monsterinsights_sitenote_category":0},"product_brand":[],"product_cat":[12291,12711],"product_tag":[],"class_list":{"0":"post-770377","1":"product","2":"type-product","3":"status-publish","5":"product_cat-edebiyat","6":"product_cat-roman-oyku","7":"pa_cilt-ciltsiz","8":"pa_tur-kitap","9":"pa_yayinevi-ithaki-yayinlari","10":"pa_yazar-thomas-wolfe","12":"first","13":"instock","14":"sale","15":"shipping-taxable","16":"purchasable","17":"product-type-simple"},"_links":{"self":[{"href":"https:\/\/roveyayinevi.com.tr\/index.php\/wp-json\/wp\/v2\/product\/770377","targetHints":{"allow":["GET"]}}],"collection":[{"href":"https:\/\/roveyayinevi.com.tr\/index.php\/wp-json\/wp\/v2\/product"}],"about":[{"href":"https:\/\/roveyayinevi.com.tr\/index.php\/wp-json\/wp\/v2\/types\/product"}],"wp:attachment":[{"href":"https:\/\/roveyayinevi.com.tr\/index.php\/wp-json\/wp\/v2\/media?parent=770377"}],"wp:term":[{"taxonomy":"product_brand","embeddable":true,"href":"https:\/\/roveyayinevi.com.tr\/index.php\/wp-json\/wp\/v2\/product_brand?post=770377"},{"taxonomy":"product_cat","embeddable":true,"href":"https:\/\/roveyayinevi.com.tr\/index.php\/wp-json\/wp\/v2\/product_cat?post=770377"},{"taxonomy":"product_tag","embeddable":true,"href":"https:\/\/roveyayinevi.com.tr\/index.php\/wp-json\/wp\/v2\/product_tag?post=770377"}],"curies":[{"name":"wp","href":"https:\/\/api.w.org\/{rel}","templated":true}]}}