{"id":770376,"date":"2025-08-28T14:27:32","date_gmt":"2025-08-28T11:27:32","guid":{"rendered":"https:\/\/roveyayinevi.com.tr\/index.php\/urun\/scott-pilgrim-4-scott-pilgrim-kafasini-toparliyor\/"},"modified":"2026-04-15T03:36:39","modified_gmt":"2026-04-15T00:36:39","slug":"scott-pilgrim-4-scott-pilgrim-kafasini-toparliyor","status":"publish","type":"product","link":"https:\/\/roveyayinevi.com.tr\/index.php\/urun\/scott-pilgrim-4-scott-pilgrim-kafasini-toparliyor\/","title":{"rendered":"Scott Pilgrim 4: Scott Pilgrim Kafas\u0131n\u0131 Toparl\u0131yor"},"content":{"rendered":"<p>\u201c\u00c7ekici, komik, seksi ve yarat\u0131c\u0131 gu\u0308\u00e7le dolu, hik\u00e2ye anlatma sevgisiyle yo\u011frulmu\u015f.\u201d \u2013Comic Book GalaxyYaz mevsimi geldi ama kim rahatlayabilir ki? Scott\u2019\u0131n Ramona Flowers ile olan ili\u015fkisi her zamankinden daha tatl\u0131, ancak k\u0131zlarla ilgili sorunlar\u0131 devam ediyor; yedi k\u00f6tu\u0308 eski erkek arkada\u015f h\u00e2l\u00e2 onu \u00f6ldu\u0308rmek istiyor ve en k\u00f6tu\u0308su\u0308, \u015fimdi Ramona ondan bir i\u015f bulmas\u0131n\u0131 istiyor! Tekmeler, yumruklar, Rock\u2019n Roll, altuzay, yar\u0131 ninjalar, deneyim puanlar\u0131, samuray k\u0131l\u0131\u00e7lar\u0131, k\u0131zsal aksiyonlar ve i\u015f bulma \u00e7abalar\u0131n\u0131n gu\u0308lu\u0308n\u00e7 denemeleri, Scott Pilgrim\u2019in her \u015feyi yoluna koymas\u0131n\u0131n \u00f6nu\u0308ndeki engeller!<\/p>\n","protected":false},"excerpt":{"rendered":"<p>\u201c\u00c7ekici, komik, seksi ve yarat\u0131c\u0131 gu\u0308\u00e7le dolu, hik\u00e2ye anlatma sevgisiyle yo\u011frulmu\u015f.\u201d \u2013Comic Book GalaxyYaz mevsimi geldi ama kim rahatlayabilir ki? Scott\u2019\u0131n Ramona Flowers ile olan ili\u015fkisi<span class=\"excerpt-hellip\"> [\u2026]<\/span><\/p>\n","protected":false},"featured_media":0,"template":"","meta":{"_monsterinsights_skip_tracking":false,"_monsterinsights_sitenote_active":false,"_monsterinsights_sitenote_note":"","_monsterinsights_sitenote_category":0},"product_brand":[],"product_cat":[12416,12291],"product_tag":[],"class_list":{"0":"post-770376","1":"product","2":"type-product","3":"status-publish","5":"product_cat-cizgi-roman","6":"product_cat-edebiyat","7":"pa_cilt-ciltsiz","8":"pa_tur-kitap","9":"pa_yayinevi-ithaki-yayinlari","10":"pa_yazar-bryan-lee-omalley","12":"first","13":"instock","14":"sale","15":"shipping-taxable","16":"purchasable","17":"product-type-simple"},"_links":{"self":[{"href":"https:\/\/roveyayinevi.com.tr\/index.php\/wp-json\/wp\/v2\/product\/770376","targetHints":{"allow":["GET"]}}],"collection":[{"href":"https:\/\/roveyayinevi.com.tr\/index.php\/wp-json\/wp\/v2\/product"}],"about":[{"href":"https:\/\/roveyayinevi.com.tr\/index.php\/wp-json\/wp\/v2\/types\/product"}],"wp:attachment":[{"href":"https:\/\/roveyayinevi.com.tr\/index.php\/wp-json\/wp\/v2\/media?parent=770376"}],"wp:term":[{"taxonomy":"product_brand","embeddable":true,"href":"https:\/\/roveyayinevi.com.tr\/index.php\/wp-json\/wp\/v2\/product_brand?post=770376"},{"taxonomy":"product_cat","embeddable":true,"href":"https:\/\/roveyayinevi.com.tr\/index.php\/wp-json\/wp\/v2\/product_cat?post=770376"},{"taxonomy":"product_tag","embeddable":true,"href":"https:\/\/roveyayinevi.com.tr\/index.php\/wp-json\/wp\/v2\/product_tag?post=770376"}],"curies":[{"name":"wp","href":"https:\/\/api.w.org\/{rel}","templated":true}]}}