{"id":770375,"date":"2025-08-28T14:27:30","date_gmt":"2025-08-28T11:27:30","guid":{"rendered":"https:\/\/roveyayinevi.com.tr\/index.php\/urun\/gunesin-kardesi\/"},"modified":"2026-04-15T03:36:39","modified_gmt":"2026-04-15T00:36:39","slug":"gunesin-kardesi","status":"publish","type":"product","link":"https:\/\/roveyayinevi.com.tr\/index.php\/urun\/gunesin-kardesi\/","title":{"rendered":"G\u00fcne\u015fin Karde\u015fi"},"content":{"rendered":"<p>\u0130nsanlar\u0131n arkada\u015flar\u0131yla, e\u015fleriyle, \u00e7ocuklar\u0131yla, karde\u015fleriyle birlikte daha da mutlu olduklar\u0131n\u0131 g\u00f6rd\u00fck\u00e7e, g\u00fcne\u015f de zamanla \u2018ke\u015fke benim de, bana b\u00f6yle sevgiyle bakacak bir karde\u015fim olsa\u2019, diye d\u00fc\u015f\u00fcnmeye ba\u015flam\u0131\u015f&#8230; <\/p>\n","protected":false},"excerpt":{"rendered":"<p>\u0130nsanlar\u0131n arkada\u015flar\u0131yla, e\u015fleriyle, \u00e7ocuklar\u0131yla, karde\u015fleriyle birlikte daha da mutlu olduklar\u0131n\u0131 g\u00f6rd\u00fck\u00e7e, g\u00fcne\u015f de zamanla \u2018ke\u015fke benim de, bana b\u00f6yle sevgiyle bakacak bir karde\u015fim olsa\u2019, diye d\u00fc\u015f\u00fcnmeye<span class=\"excerpt-hellip\"> [\u2026]<\/span><\/p>\n","protected":false},"featured_media":0,"template":"","meta":{"_monsterinsights_skip_tracking":false,"_monsterinsights_sitenote_active":false,"_monsterinsights_sitenote_note":"","_monsterinsights_sitenote_category":0},"product_brand":[],"product_cat":[12274,12284],"product_tag":[],"class_list":{"0":"post-770375","1":"product","2":"type-product","3":"status-publish","5":"product_cat-cocuk-ve-genclik-kitaplari","6":"product_cat-hikayeler","7":"pa_cilt-ciltsiz","8":"pa_tur-kitap","9":"pa_yayinevi-leo-kitap","10":"pa_yazar-yuliana-bayram","12":"first","13":"instock","14":"sale","15":"shipping-taxable","16":"purchasable","17":"product-type-simple"},"_links":{"self":[{"href":"https:\/\/roveyayinevi.com.tr\/index.php\/wp-json\/wp\/v2\/product\/770375","targetHints":{"allow":["GET"]}}],"collection":[{"href":"https:\/\/roveyayinevi.com.tr\/index.php\/wp-json\/wp\/v2\/product"}],"about":[{"href":"https:\/\/roveyayinevi.com.tr\/index.php\/wp-json\/wp\/v2\/types\/product"}],"wp:attachment":[{"href":"https:\/\/roveyayinevi.com.tr\/index.php\/wp-json\/wp\/v2\/media?parent=770375"}],"wp:term":[{"taxonomy":"product_brand","embeddable":true,"href":"https:\/\/roveyayinevi.com.tr\/index.php\/wp-json\/wp\/v2\/product_brand?post=770375"},{"taxonomy":"product_cat","embeddable":true,"href":"https:\/\/roveyayinevi.com.tr\/index.php\/wp-json\/wp\/v2\/product_cat?post=770375"},{"taxonomy":"product_tag","embeddable":true,"href":"https:\/\/roveyayinevi.com.tr\/index.php\/wp-json\/wp\/v2\/product_tag?post=770375"}],"curies":[{"name":"wp","href":"https:\/\/api.w.org\/{rel}","templated":true}]}}