{"id":770374,"date":"2025-08-28T14:27:28","date_gmt":"2025-08-28T11:27:28","guid":{"rendered":"https:\/\/roveyayinevi.com.tr\/index.php\/urun\/temizlik\/"},"modified":"2026-01-30T04:08:36","modified_gmt":"2026-01-30T01:08:36","slug":"temizlik","status":"publish","type":"product","link":"https:\/\/roveyayinevi.com.tr\/index.php\/urun\/temizlik\/","title":{"rendered":"Temizlik"},"content":{"rendered":"<p>I\u015f\u0131\u011f\u0131n varl\u0131\u011f\u0131n\u0131n, kirletilemez olu\u015funun de\u011fi\u015fmez en ger\u00e7ek\u00e7i ar\u0131nm\u0131\u015fl\u0131k oldu\u011funu g\u00f6receksiniz. \u0130lkel bir geri d\u00f6n\u00fc\u015f tezah\u00fcr ettirdi\u011finizi hissediyorum ama bu zihninizin anlam y\u00fckleme \u00e7abas\u0131ndan ba\u015fka bir \u015fey de\u011fil.             B\u00fct\u00fcn meselelere yeniden bakarken, bildi\u011fimiz ve uygulad\u0131\u011f\u0131m\u0131z tek kural\u0131 hat\u0131rlaman\u0131z\u0131 istiyorum.             YEN\u0130DEN BAKMAK \u0130\u00c7\u0130N Z\u0130HN\u0130M\u0130ZDEK\u0130 HER \u015eEY\u0130 UNUTUYORUZ!             \u0130yi k\u00f6t\u00fc her \u015feyi unut!             \u015eimdi temizlik,             Ama,             Ger\u00e7ek bir temizlik zaman\u0131! <\/p>\n","protected":false},"excerpt":{"rendered":"<p>I\u015f\u0131\u011f\u0131n varl\u0131\u011f\u0131n\u0131n, kirletilemez olu\u015funun de\u011fi\u015fmez en ger\u00e7ek\u00e7i ar\u0131nm\u0131\u015fl\u0131k oldu\u011funu g\u00f6receksiniz. \u0130lkel bir geri d\u00f6n\u00fc\u015f tezah\u00fcr ettirdi\u011finizi hissediyorum ama bu zihninizin anlam y\u00fckleme \u00e7abas\u0131ndan ba\u015fka bir \u015fey<span class=\"excerpt-hellip\"> [\u2026]<\/span><\/p>\n","protected":false},"featured_media":0,"template":"","meta":{"_monsterinsights_skip_tracking":false,"_monsterinsights_sitenote_active":false,"_monsterinsights_sitenote_note":"","_monsterinsights_sitenote_category":0},"product_brand":[],"product_cat":[12364,12376],"product_tag":[],"class_list":{"0":"post-770374","1":"product","2":"type-product","3":"status-publish","5":"product_cat-genel-konular","6":"product_cat-kisisel-gelisim","7":"pa_cilt-ciltsiz","8":"pa_tur-kitap","9":"pa_yayinevi-vova-yayinlari","10":"pa_yazar-oznur-aydin","12":"first","13":"instock","14":"sale","15":"shipping-taxable","16":"purchasable","17":"product-type-simple"},"_links":{"self":[{"href":"https:\/\/roveyayinevi.com.tr\/index.php\/wp-json\/wp\/v2\/product\/770374","targetHints":{"allow":["GET"]}}],"collection":[{"href":"https:\/\/roveyayinevi.com.tr\/index.php\/wp-json\/wp\/v2\/product"}],"about":[{"href":"https:\/\/roveyayinevi.com.tr\/index.php\/wp-json\/wp\/v2\/types\/product"}],"wp:attachment":[{"href":"https:\/\/roveyayinevi.com.tr\/index.php\/wp-json\/wp\/v2\/media?parent=770374"}],"wp:term":[{"taxonomy":"product_brand","embeddable":true,"href":"https:\/\/roveyayinevi.com.tr\/index.php\/wp-json\/wp\/v2\/product_brand?post=770374"},{"taxonomy":"product_cat","embeddable":true,"href":"https:\/\/roveyayinevi.com.tr\/index.php\/wp-json\/wp\/v2\/product_cat?post=770374"},{"taxonomy":"product_tag","embeddable":true,"href":"https:\/\/roveyayinevi.com.tr\/index.php\/wp-json\/wp\/v2\/product_tag?post=770374"}],"curies":[{"name":"wp","href":"https:\/\/api.w.org\/{rel}","templated":true}]}}