{"id":770372,"date":"2025-08-28T14:27:25","date_gmt":"2025-08-28T11:27:25","guid":{"rendered":"https:\/\/roveyayinevi.com.tr\/index.php\/urun\/dunyanin-en-pahali-baskanlik-sistemi\/"},"modified":"2026-01-30T04:08:36","modified_gmt":"2026-01-30T01:08:36","slug":"dunyanin-en-pahali-baskanlik-sistemi","status":"publish","type":"product","link":"https:\/\/roveyayinevi.com.tr\/index.php\/urun\/dunyanin-en-pahali-baskanlik-sistemi\/","title":{"rendered":"D\u00fcnyan\u0131n En Pahal\u0131 Ba\u015fkanl\u0131k Sistemi"},"content":{"rendered":"<p>R.B\u00fclend K\u0131rmac\u0131\u2019n\u0131n \u201cD\u00fcnya\u2019n\u0131n En Pahal\u0131 Ba\u015fkanl\u0131k Sistemi!\u201d adl\u0131 elinizdeki bu kitab\u0131, T\u00fcrkiye \u00f6zelinde ve D\u00fcnya genelinde \u201cba\u015fkanl\u0131k sisteminin\u201d veya daha do\u011fru bir deyimle \u00fclkeden \u00fclkeye kimi de\u011fi\u015fikler de g\u00f6steren \u201cba\u015fkanl\u0131k sistemlerinin\u201d irdelenmesine dayan\u0131yor ancak temel oda\u011f\u0131nda elbette \u201cT\u00fcrkiye\u2019de uygulamaya konulan Cumhurba\u015fkanl\u0131\u011f\u0131 H\u00fck\u00fcmet sistemi\u201d yer al\u0131yor\u2026 Kitap, \u00fc\u00e7 b\u00f6l\u00fcmden olu\u015fuyor\u2026 Birinci b\u00f6l\u00fcmde sunum i\u00e7eri\u011finde bir yaz\u0131 ve 2017 referandumu izle\u011finde Cumhurba\u015fkanl\u0131\u011f\u0131 H\u00fck\u00fcmet sistemi ve bu sistemi uygulanabilir k\u0131lan Anayasal de\u011fi\u015fikler ile nihayet bunun ulusal ve uluslararas\u0131 bas\u0131nda yans\u0131mas\u0131 derleniyor\u2026 Kitab\u0131n ikinci ve ana b\u00f6l\u00fcm\u00fcnde; \u201cT\u00fcrkiye ve D\u00fcnya&#8217;da ba\u015fkanl\u0131k sistemlerinin bir analizi\u201d yer al\u0131yor. Bu analiz, T\u00fcrkiye\u2019de Ba\u015fkanl\u0131k sisteminin bir \u015fekilde y\u00fcr\u00fcrl\u00fc\u011fe konulaca\u011f\u0131na dair bir \u00f6ng\u00f6r\u00fcyle y\u0131llar \u00f6nceden yap\u0131lm\u0131\u015f ancak g\u00fcncelli\u011fini koruyan bir \u00e7al\u0131\u015fmaya dayanmaktad\u0131r\u2026 \u00dc\u00e7\u00fcnc\u00fc ve daha k\u0131sa bir b\u00f6l\u00fcmde ise \u00e7e\u015fitli makaleler e\u015fli\u011finde T\u00fcrkiye\u2019nin y\u00f6netsel ve yap\u0131sal durumu ve sorunlara \u00e7\u00f6z\u00fcm \u00f6nerileri i\u015fleniyor&#8230; <\/p>\n","protected":false},"excerpt":{"rendered":"<p>R.B\u00fclend K\u0131rmac\u0131\u2019n\u0131n \u201cD\u00fcnya\u2019n\u0131n En Pahal\u0131 Ba\u015fkanl\u0131k Sistemi!\u201d adl\u0131 elinizdeki bu kitab\u0131, T\u00fcrkiye \u00f6zelinde ve D\u00fcnya genelinde \u201cba\u015fkanl\u0131k sisteminin\u201d veya daha do\u011fru bir deyimle \u00fclkeden \u00fclkeye kimi<span class=\"excerpt-hellip\"> [\u2026]<\/span><\/p>\n","protected":false},"featured_media":0,"template":"","meta":{"_monsterinsights_skip_tracking":false,"_monsterinsights_sitenote_active":false,"_monsterinsights_sitenote_note":"","_monsterinsights_sitenote_category":0},"product_brand":[],"product_cat":[12337,14543],"product_tag":[],"class_list":{"0":"post-770372","1":"product","2":"type-product","3":"status-publish","5":"product_cat-politika-siyaset","6":"product_cat-turkiye-siyaseti-ve-politikasi","7":"pa_cilt-ciltsiz","8":"pa_tur-kitap","9":"pa_yayinevi-vova-yayinlari","10":"pa_yazar-r-bulend-kirmaci","12":"first","13":"instock","14":"sale","15":"shipping-taxable","16":"purchasable","17":"product-type-simple"},"_links":{"self":[{"href":"https:\/\/roveyayinevi.com.tr\/index.php\/wp-json\/wp\/v2\/product\/770372","targetHints":{"allow":["GET"]}}],"collection":[{"href":"https:\/\/roveyayinevi.com.tr\/index.php\/wp-json\/wp\/v2\/product"}],"about":[{"href":"https:\/\/roveyayinevi.com.tr\/index.php\/wp-json\/wp\/v2\/types\/product"}],"wp:attachment":[{"href":"https:\/\/roveyayinevi.com.tr\/index.php\/wp-json\/wp\/v2\/media?parent=770372"}],"wp:term":[{"taxonomy":"product_brand","embeddable":true,"href":"https:\/\/roveyayinevi.com.tr\/index.php\/wp-json\/wp\/v2\/product_brand?post=770372"},{"taxonomy":"product_cat","embeddable":true,"href":"https:\/\/roveyayinevi.com.tr\/index.php\/wp-json\/wp\/v2\/product_cat?post=770372"},{"taxonomy":"product_tag","embeddable":true,"href":"https:\/\/roveyayinevi.com.tr\/index.php\/wp-json\/wp\/v2\/product_tag?post=770372"}],"curies":[{"name":"wp","href":"https:\/\/api.w.org\/{rel}","templated":true}]}}