{"id":770369,"date":"2025-08-28T14:27:19","date_gmt":"2025-08-28T11:27:19","guid":{"rendered":"https:\/\/roveyayinevi.com.tr\/index.php\/urun\/isteme-ve-tasavvur-olarak-dunya-ii\/"},"modified":"2026-04-15T03:36:39","modified_gmt":"2026-04-15T00:36:39","slug":"isteme-ve-tasavvur-olarak-dunya-ii","status":"publish","type":"product","link":"https:\/\/roveyayinevi.com.tr\/index.php\/urun\/isteme-ve-tasavvur-olarak-dunya-ii\/","title":{"rendered":"\u0130steme ve Tasavvur  Olarak D\u00fcnya &#8211; II"},"content":{"rendered":"<p>\u0130steme ve Tasavvur Olarak D\u00fcnya\u2019n\u0131n ikinci cildi, \u00f6zg\u00fcr karakteriyle hakikat aray\u0131\u015f\u0131n\u0131n hi\u00e7bir otoriteye boyun e\u011fmeyen, saf ve tazeleyici da\u011f r\u00fczg\u00e2r\u0131n\u0131 ta\u015f\u0131r. Eser, \u00e7a\u011flar\u0131n, geleneklerin, inan\u00e7lar\u0131n ve akademilerin kal\u0131plar\u0131na s\u0131\u011fmaz; bu ba\u011f\u0131ms\u0131z felsefi duru\u015fuyla k\u00fclt\u00fcr d\u00fcnyas\u0131n\u0131n her alan\u0131nda yank\u0131s\u0131n\u0131 bulmu\u015ftur ve bulmaya devam etmektedir.   Schopenhauer, ana eseri olan \u0130steme ve Tasavvur Olarak D\u00fcnya\u2019y\u0131 yirmili ya\u015flar\u0131n\u0131n ortas\u0131nda yazmaya ba\u015flar, 30 ya\u015f\u0131nda tamamlar. Kitab\u0131n \u00fcslubunda gen\u00e7li\u011fin enerjisi hissedilir. Hayat ona uzun bir \u00f6m\u00fcr bah\u015fedince zaman\u0131, bu kitaba ilaveler yapmak i\u00e7in kullan\u0131r. \u0130kinci cilt, Schopenhauer 56 ya\u015f\u0131na geldi\u011finde i\u015fte b\u00f6yle do\u011far. Bu cilt \u201c\u0130laveler\u201d ba\u015fl\u0131\u011f\u0131n\u0131 ta\u015f\u0131mas\u0131na ra\u011fmen, Schopenhauer\u2019\u0131n olgunluk d\u00f6neminin en derin sorgulamalar\u0131n\u0131 i\u00e7eren ba\u011f\u0131ms\u0131z bir ba\u015fyap\u0131tt\u0131r. \u0130kinci cildin \u00fcslubunda, ya\u015fl\u0131l\u0131\u011f\u0131n rahatl\u0131\u011f\u0131 ve zaman zaman muzip bir ton kendini g\u00f6sterir. Burada Schopenhauer, insan\u0131n varolu\u015fsal trajedisini, k\u00f6r bir istemenin \u00fcr\u00fcn\u00fc olarak d\u00fcnyaya at\u0131lm\u0131\u015fl\u0131\u011f\u0131n\u0131 t\u00fcm a\u00e7\u0131kl\u0131\u011f\u0131yla ortaya koyar. Bunun yan\u0131 s\u0131ra sanat, estetik deneyim ve istemenin sessizle\u015fmesiyle eri\u015filebilecek bir \u00f6zg\u00fcrle\u015fme ihtimalinin kap\u0131s\u0131n\u0131 da aralar.   \u0130lk kez tam metin olarak T\u00fcrk\u00e7eye kazand\u0131rd\u0131\u011f\u0131m\u0131z bu eser, varolu\u015fun do\u011fas\u0131na dair en sars\u0131c\u0131 sorularla y\u00fczle\u015fmeye do\u011fru bir ser\u00fcven davetidir. <\/p>\n","protected":false},"excerpt":{"rendered":"<p>\u0130steme ve Tasavvur Olarak D\u00fcnya\u2019n\u0131n ikinci cildi, \u00f6zg\u00fcr karakteriyle hakikat aray\u0131\u015f\u0131n\u0131n hi\u00e7bir otoriteye boyun e\u011fmeyen, saf ve tazeleyici da\u011f r\u00fczg\u00e2r\u0131n\u0131 ta\u015f\u0131r. Eser, \u00e7a\u011flar\u0131n, geleneklerin, inan\u00e7lar\u0131n ve<span class=\"excerpt-hellip\"> [\u2026]<\/span><\/p>\n","protected":false},"featured_media":0,"template":"","meta":{"_monsterinsights_skip_tracking":false,"_monsterinsights_sitenote_active":false,"_monsterinsights_sitenote_note":"","_monsterinsights_sitenote_category":0},"product_brand":[],"product_cat":[20351,12388],"product_tag":[],"class_list":{"0":"post-770369","1":"product","2":"type-product","3":"status-publish","5":"product_cat-dusunce","6":"product_cat-felsefe","7":"pa_cilt-ciltsiz","8":"pa_tur-kitap","9":"pa_yayinevi-dogu-bati-yayinlari","10":"pa_yazar-arthur-schopenhauer","12":"first","13":"instock","14":"sale","15":"shipping-taxable","16":"purchasable","17":"product-type-simple"},"_links":{"self":[{"href":"https:\/\/roveyayinevi.com.tr\/index.php\/wp-json\/wp\/v2\/product\/770369","targetHints":{"allow":["GET"]}}],"collection":[{"href":"https:\/\/roveyayinevi.com.tr\/index.php\/wp-json\/wp\/v2\/product"}],"about":[{"href":"https:\/\/roveyayinevi.com.tr\/index.php\/wp-json\/wp\/v2\/types\/product"}],"wp:attachment":[{"href":"https:\/\/roveyayinevi.com.tr\/index.php\/wp-json\/wp\/v2\/media?parent=770369"}],"wp:term":[{"taxonomy":"product_brand","embeddable":true,"href":"https:\/\/roveyayinevi.com.tr\/index.php\/wp-json\/wp\/v2\/product_brand?post=770369"},{"taxonomy":"product_cat","embeddable":true,"href":"https:\/\/roveyayinevi.com.tr\/index.php\/wp-json\/wp\/v2\/product_cat?post=770369"},{"taxonomy":"product_tag","embeddable":true,"href":"https:\/\/roveyayinevi.com.tr\/index.php\/wp-json\/wp\/v2\/product_tag?post=770369"}],"curies":[{"name":"wp","href":"https:\/\/api.w.org\/{rel}","templated":true}]}}